{"id":733272,"date":"2025-08-27T22:06:56","date_gmt":"2025-08-27T19:06:56","guid":{"rendered":"https:\/\/roveyayinevi.com.tr\/index.php\/urun\/istek-canavarlari\/"},"modified":"2026-04-16T02:40:54","modified_gmt":"2026-04-15T23:40:54","slug":"istek-canavarlari","status":"publish","type":"product","link":"https:\/\/roveyayinevi.com.tr\/index.php\/urun\/istek-canavarlari\/","title":{"rendered":"\u0130stek Canavarlar\u0131"},"content":{"rendered":"<p>Ve Hayat\u0131m\u0131n Kontrol\u00fcn\u00fc Elime Almam\u0131m \u00d6yk\u00fcs\u00fc\u201cHerkesin bir istek canavar\u0131 vard\u0131r ve bu canavarlar\u0131n tek iste\u011fi insanlar\u0131 mutlu etmektir. Ancak onlara kar\u015f\u0131 yine de \u00e7ok dikkatli olmal\u0131s\u0131n. \u00c7u\u0308nku\u0308 istek canavar\u0131n ihtiyac\u0131ndan fazla bu\u0308yu\u0308rse, ba\u015f\u0131n\u0131 derde sokabilir!\u201d   \u00c7ocuk veya yeti\u015fkin hepimiz, bizlere haz veren deneyimlerin i\u00e7inde sonsuza kadar kalmay\u0131 dileyebiliriz. Harika lezzetli bir yeme\u011fi yerken, dostlar\u0131m\u0131zla m\u00fcthi\u015f e\u011flenceli bir g\u00fcn ge\u00e7irirken, t\u00fcm g\u00f6zlerin \u00f6vg\u00fcyle \u00fczerimize topland\u0131\u011f\u0131 veya bizi t\u00fcm dert ve kederlerden uzakla\u015ft\u0131ran anlar\u0131n bitmemesini istemek kadar evrensel ve do\u011fal bir duygu yoktur.   Yazar Chelo Manchego\u2019nun yaratt\u0131\u011f\u0131, kitab\u0131n kahraman\u0131n\u0131 zorlayan istek canavar\u0131 Oskar, hi\u00e7bir zaman doymuyor. Bir kere ba\u015flad\u0131 m\u0131 saatlerce oyun oynamak istiyor, bir dilim pastayla asla yetinmiyor, kim ilgi oda\u011f\u0131 olursa hemen onun yerine ge\u00e7meyi istiyor. Kim istemez ki?   Bazen bu haz dolu anlara kendimizi fazlaca kapt\u0131rd\u0131\u011f\u0131m\u0131zda, keyif veren hislerin \u00fczerine s\u0131k\u0131nt\u0131l\u0131 bir sis perdesi d\u00fc\u015febilir. \u0130\u015fte b\u00f6yle zamanlarda kar\u015f\u0131la\u015ft\u0131\u011f\u0131m\u0131z zorluklar\u0131n da sonu\u00e7lar\u0131yla y\u00fczle\u015fmek pek kolay de\u011fildir. T\u0131pk\u0131 hikayemizin \u201cs\u00fcper mizahi\u201d ba\u015fkahraman\u0131n\u0131n, kendi davran\u0131\u015flar\u0131n\u0131n a\u015f\u0131r\u0131l\u0131klar\u0131ndan istek canavar\u0131 Oskar\u2019\u0131 sorumlu tuttu\u011fu gibi, bizler de a\u015f\u0131r\u0131l\u0131klar\u0131m\u0131z\u0131 d\u0131\u015f fakt\u00f6rlere yans\u0131tmay\u0131 tercih edebiliriz. Bu hayaller ve ger\u00e7ekler, ba\u015fka bir deyi\u015fle, arzular ve s\u0131n\u0131rlar aras\u0131ndaki \u00e7at\u0131\u015fman\u0131n i\u00e7 d\u00fcnyam\u0131zda yaratt\u0131\u011f\u0131 gerilimle ba\u015f etmenin en kolay yoludur. Zorlay\u0131c\u0131 isteklerimizin sebebi k\u00fc\u00e7\u00fck bir \u00e7ocukken istek canavar\u0131, b\u00fcy\u00fcd\u00fc\u011f\u00fcm\u00fczde ise bu istekleri harekete ge\u00e7iren her neyse ise o olabilir. \u00c7\u00fcnk\u00fc davran\u0131\u015flar\u0131m\u0131z\u0131n sonucunu kabul etmek ve en \u00f6nemlisi de ba\u015f\u0131m\u0131z\u0131 derde sokan eylemlerimizi \u00fcstlenmek pek de kolay de\u011fildir. Fakat k\u00fc\u00e7\u00fck bir \u00e7ocu\u011fu b\u00fcy\u00fcmeye ve yeti\u015fkinlerin de i\u00e7indeki k\u00fc\u00e7\u00fck \u00e7ocu\u011fu olgunla\u015fmaya g\u00f6t\u00fcren yol, bu eylemlerin sorumlulu\u011funu alabilmekten ge\u00e7mektedir. Sa\u011fl\u0131kl\u0131 bir ruhsall\u0131k i\u00e7in d\u00fcrt\u00fcleri tan\u0131mak ve onlar\u0131n taleplerinin fark\u0131na varmak gerekti\u011finin alt\u0131n\u0131 \u00e7izen \u0130stek Canavarlar\u0131, Petek Halman Kara\u2019n\u0131n bilgilendirici \u00f6ns\u00f6z\u00fc ve Hayriye Selen \u0130yicil\u2019in k\u0131vrak \u00e7evirisiyle \u00e7ocuklara hazz\u0131 erteleyebilmeyi \u00f6\u011fretiyor.  <\/p>\n","protected":false},"excerpt":{"rendered":"<p>Ve Hayat\u0131m\u0131n Kontrol\u00fcn\u00fc Elime Almam\u0131m \u00d6yk\u00fcs\u00fc\u201cHerkesin bir istek canavar\u0131 vard\u0131r ve bu canavarlar\u0131n tek iste\u011fi insanlar\u0131 mutlu etmektir. Ancak onlara kar\u015f\u0131 yine de \u00e7ok dikkatli olmal\u0131s\u0131n.<span class=\"excerpt-hellip\"> [\u2026]<\/span><\/p>\n","protected":false},"featured_media":0,"template":"","meta":{"_monsterinsights_skip_tracking":false,"_monsterinsights_sitenote_active":false,"_monsterinsights_sitenote_note":"","_monsterinsights_sitenote_category":0},"product_brand":[],"product_cat":[12913,12274],"product_tag":[],"class_list":{"0":"post-733272","1":"product","2":"type-product","3":"status-publish","5":"product_cat-3-6-yas-kitaplari","6":"product_cat-cocuk-ve-genclik-kitaplari","7":"pa_cilt-ciltsiz","8":"pa_tur-kitap","9":"pa_yayinevi-okuyan-koala","10":"pa_yazar-chelo-manchego","12":"first","13":"instock","14":"sale","15":"shipping-taxable","16":"purchasable","17":"product-type-simple"},"_links":{"self":[{"href":"https:\/\/roveyayinevi.com.tr\/index.php\/wp-json\/wp\/v2\/product\/733272","targetHints":{"allow":["GET"]}}],"collection":[{"href":"https:\/\/roveyayinevi.com.tr\/index.php\/wp-json\/wp\/v2\/product"}],"about":[{"href":"https:\/\/roveyayinevi.com.tr\/index.php\/wp-json\/wp\/v2\/types\/product"}],"wp:attachment":[{"href":"https:\/\/roveyayinevi.com.tr\/index.php\/wp-json\/wp\/v2\/media?parent=733272"}],"wp:term":[{"taxonomy":"product_brand","embeddable":true,"href":"https:\/\/roveyayinevi.com.tr\/index.php\/wp-json\/wp\/v2\/product_brand?post=733272"},{"taxonomy":"product_cat","embeddable":true,"href":"https:\/\/roveyayinevi.com.tr\/index.php\/wp-json\/wp\/v2\/product_cat?post=733272"},{"taxonomy":"product_tag","embeddable":true,"href":"https:\/\/roveyayinevi.com.tr\/index.php\/wp-json\/wp\/v2\/product_tag?post=733272"}],"curies":[{"name":"wp","href":"https:\/\/api.w.org\/{rel}","templated":true}]}}