{"id":733270,"date":"2025-08-27T22:06:54","date_gmt":"2025-08-27T19:06:54","guid":{"rendered":"https:\/\/roveyayinevi.com.tr\/index.php\/urun\/kitlik-sonrasi-anarsizm\/"},"modified":"2026-04-16T02:40:54","modified_gmt":"2026-04-15T23:40:54","slug":"kitlik-sonrasi-anarsizm","status":"publish","type":"product","link":"https:\/\/roveyayinevi.com.tr\/index.php\/urun\/kitlik-sonrasi-anarsizm\/","title":{"rendered":"K\u0131tl\u0131k Sonras\u0131 Anar\u015fizm"},"content":{"rendered":"<p>Birbiriyle ili\u015fkili olan makaleler dizisini kapsayan bu kitapta Murray Bookchin \u201ck\u0131tl\u0131k sonras\u0131\u201d d\u00f6nemin sundu\u011fu imkanlarla kendi ekolojik ve anar\u015fist vizyonunu tartar. Marksist politik ekonominin \u2014maddi k\u0131tl\u0131k \u00e7a\u011f\u0131ndan kaynaklanm\u0131\u015f ve gelece\u011fin k\u00f6kten de\u011fi\u015fimlerini \u00f6n g\u00f6remeyen\u2014 k\u0131s\u0131tlar\u0131n\u0131 a\u015fan Bookchin, karma\u015f\u0131k sanayi toplumunun \u00f6zy\u00f6netimi i\u00e7in gerekli olan ara\u00e7lar\u0131n \u00e7oktan geli\u015fmi\u015f oldu\u011funu ve devrimci \u00e7ehremizi b\u00fcy\u00fck oranda de\u011fi\u015ftirdi\u011fini \u00f6ne s\u00fcrer. Yirminci y\u00fczy\u0131lda ger\u00e7ekle\u015fen teknolojik ilerlemeler, \u00fcretimi b\u00fcy\u00fck oranda geni\u015fletmi\u015f olmakla birlikte, bunu \u015firketlerin k\u00e2r\u0131 lehine ve insan ihtiya\u00e7lar\u0131, i\u015f\u00e7i denetimi ve ekolojik s\u00fcrd\u00fcr\u00fclebilirlik pahas\u0131na ger\u00e7ekle\u015ftirmi\u015ftir. Sanayinin do\u011frudan kontrol\u00fc ve topluma y\u00f6nelik ekolojik ve \u00fctopyac\u0131 bir vizyonu bir arada ele alan i\u015f\u00e7i s\u0131n\u0131f\u0131, \u00f6zg\u00fcrl\u00fck m\u00fccadelesi i\u00e7in devletin, hiyerar\u015fik toplumsal ili\u015fkilerin ve (\u00f6nc\u00fc) politik partilerin gerekli oldu\u011funa dair miti bertaraf edebilir. G\u00fcncel toplumun ger\u00e7ekliklerine dayanan Bookchin\u2019in analizi, pragmatik tazeli\u011fini hala korumaktad\u0131r. Muhtemelen Bookchin\u2019in en etkili makalelerini (me\u015fhur \u201cDinle, Marksist!\u201d ve \u201cEkoloji ve Devrimci D\u00fc\u015f\u00fcnce\u201d dahil) bir araya getiren bu \u00fc\u00e7\u00fcnc\u00fc bask\u0131ya yazar\u0131n yeni bir \u00f6ns\u00f6z\u00fc de e\u015flik etmektedir.\u201cAnar\u015fizmin dinamik bir \u015fekilde ortaya \u00e7\u0131k\u0131\u015f\u0131yla birlikte, g\u00fcncele y\u00f6nelik bir kavray\u0131\u015f i\u00e7in Bookchin\u2019in K\u0131tl\u0131k Sonras\u0131 Anar\u015fizm kitab\u0131ndan daha iyi bir klasik yoktur. Hatta, makalelerden olu\u015fan bu derleme \u201cyeni anar\u015fizm\u201d i\u00e7in bir mihenk ta\u015f\u0131d\u0131r. G\u00fcn\u00fcm\u00fcz anti-kapitalist hareketlerindeki en m\u00fccbir meseleler \u2014yak\u0131nl\u0131k gruplar\u0131 ve do\u011frudan eylem, ekoloji ve \u00e7e\u015fitlilik i\u00e7inde birlik, hiyerar\u015finin ele\u015ftirisi\u2014 k\u0131rk y\u0131l \u00f6ncesinin K\u0131tl\u0131k Sonras\u0131 Anar\u015fizm kitab\u0131nda bulunmaktad\u0131r. Bookchin\u2019e referans vererek s\u00f6ylemek gerekirse, K\u0131tl\u0131k Sonras\u0131 Anar\u015fizm \u00f6zg\u00fcrl\u00fc\u011f\u00fcn do\u011frudan demokratik bi\u00e7imleri i\u00e7in \u00fctopik talepleriyle \u2014g\u00fcn\u00fcm\u00fcz\u00fcn k\u00fcresel deneyimlerinde y\u00fcksek sesle yank\u0131lanmakta olan\u2014 \u201cvaat hissi\u201d sunmaya devam etmektedir.\u201d\u2014Cindy Milstein (Anar\u015fist \u00c7al\u0131\u015fmalar Enstit\u00fcs\u00fc kurul \u00fcyesi)\u201cMurray Bookchin daha \u00f6nce bir ka\u00e7 kitap yay\u0131nlam\u0131\u015f olsa bile, K\u0131tl\u0131k Sonras\u0131 Anar\u015fizm 1971 y\u0131l\u0131nda kendi ad\u0131yla yay\u0131nlad\u0131\u011f\u0131 ilk kitab\u0131d\u0131r. Kitapta yer alan g\u00f6z kama\u015ft\u0131r\u0131c\u0131 metinler, b\u00fcy\u00fck bir anar\u015fist d\u00fc\u015f\u00fcn\u00fcr\u00fcn, hatta Kropotkin\u2019den beri en \u00f6zg\u00fcn d\u00fc\u015f\u00fcn\u00fcr\u00fcn geli\u015fini bildirmektedir.\u2014 David Goodway (For Worker\u2019s Power: The Selected Writings of Maurice Brinton ve Talking Anarchy \u2014Colin Ward\u2019la birlikte\u2014 kitaplar\u0131n\u0131n edit\u00f6r\u00fc)\u201cBookchin modern toplumun keskin bir analizini yapmakta, ekolojik krize y\u00f6nelik isabetli, provokatif bir tart\u0131\u015fma sunmaktad\u0131r.\u201d\u2014 Library Journal<\/p>\n","protected":false},"excerpt":{"rendered":"<p>Birbiriyle ili\u015fkili olan makaleler dizisini kapsayan bu kitapta Murray Bookchin \u201ck\u0131tl\u0131k sonras\u0131\u201d d\u00f6nemin sundu\u011fu imkanlarla kendi ekolojik ve anar\u015fist vizyonunu tartar. Marksist politik ekonominin \u2014maddi k\u0131tl\u0131k<span class=\"excerpt-hellip\"> [\u2026]<\/span><\/p>\n","protected":false},"featured_media":0,"template":"","meta":{"_monsterinsights_skip_tracking":false,"_monsterinsights_sitenote_active":false,"_monsterinsights_sitenote_note":"","_monsterinsights_sitenote_category":0},"product_brand":[],"product_cat":[13590,12337],"product_tag":[],"class_list":{"0":"post-733270","1":"product","2":"type-product","3":"status-publish","5":"product_cat-arastirma-inceleme-politika-siyaset","6":"product_cat-politika-siyaset","7":"pa_cilt-ciltsiz","8":"pa_tur-kitap","9":"pa_yayinevi-sumer-yayin","10":"pa_yazar-murray-bookchin","12":"first","13":"instock","14":"sale","15":"shipping-taxable","16":"purchasable","17":"product-type-simple"},"_links":{"self":[{"href":"https:\/\/roveyayinevi.com.tr\/index.php\/wp-json\/wp\/v2\/product\/733270","targetHints":{"allow":["GET"]}}],"collection":[{"href":"https:\/\/roveyayinevi.com.tr\/index.php\/wp-json\/wp\/v2\/product"}],"about":[{"href":"https:\/\/roveyayinevi.com.tr\/index.php\/wp-json\/wp\/v2\/types\/product"}],"wp:attachment":[{"href":"https:\/\/roveyayinevi.com.tr\/index.php\/wp-json\/wp\/v2\/media?parent=733270"}],"wp:term":[{"taxonomy":"product_brand","embeddable":true,"href":"https:\/\/roveyayinevi.com.tr\/index.php\/wp-json\/wp\/v2\/product_brand?post=733270"},{"taxonomy":"product_cat","embeddable":true,"href":"https:\/\/roveyayinevi.com.tr\/index.php\/wp-json\/wp\/v2\/product_cat?post=733270"},{"taxonomy":"product_tag","embeddable":true,"href":"https:\/\/roveyayinevi.com.tr\/index.php\/wp-json\/wp\/v2\/product_tag?post=733270"}],"curies":[{"name":"wp","href":"https:\/\/api.w.org\/{rel}","templated":true}]}}