{"id":733269,"date":"2025-08-27T22:06:53","date_gmt":"2025-08-27T19:06:53","guid":{"rendered":"https:\/\/roveyayinevi.com.tr\/index.php\/urun\/kiralik-depo\/"},"modified":"2026-04-16T02:40:54","modified_gmt":"2026-04-15T23:40:54","slug":"kiralik-depo","status":"publish","type":"product","link":"https:\/\/roveyayinevi.com.tr\/index.php\/urun\/kiralik-depo\/","title":{"rendered":"Kiral\u0131k Depo"},"content":{"rendered":"<p>Y\u00fcr\u00fcyen \u00d6l\u00fcler Serisinin Yazar\u0131ndan Soluklusuz Okunacak Yeni Bir Ba\u015fyap\u0131tCehenneme ho\u015f geldiniz\u2026Yaln\u0131z, bir \u00e7ocuklu ve bo\u015fanm\u0131\u015f bir adam Johnny Fitzgerald\u2026 K\u00f6t\u00fc bir uyu\u015fturucu ba\u011f\u0131ml\u0131l\u0131\u011f\u0131yla bo\u011fu\u015fan, \u00e7ok yetenekli bir \u00e7izer\u2026 Johnny ve alt\u0131 ya\u015f\u0131ndaki o\u011flu korkun\u00e7 bir deneyim ya\u015fayacaklar\u0131 bir hik\u00e2yeye giri\u015f yap\u0131yorlar\u2026Johnny ve o\u011flu kiral\u0131k depolar\u0131nda, hi\u00e7 kimsenin ortal\u0131kta olmad\u0131\u011f\u0131 bir Noel arifesinde mahsur kal\u0131rlar. G\u00fcnlerce s\u00fcrecek bu korkun\u00e7 deneyimde insani ihtiya\u00e7lar\u0131n\u0131n yan\u0131 s\u0131ra Johnny\u2019nin sava\u015fmas\u0131 gereken daha \u00f6nemli \u015feyler vard\u0131r. Babal\u0131k duygusu ve uyu\u015fturucu ba\u011f\u0131ml\u0131l\u0131\u011f\u0131yla verdi\u011fi m\u00fccadele hayali ve ger\u00e7ek \u015feytanlarla olan m\u00fccadelesine kar\u0131\u015f\u0131nca korku dolu saatler bitmek bilmeyecektir\u2026New York Times \u00e7oksatan\u0131 THE WALKING DEAD serisinin yazar\u0131 Jay Bonansinga, Chuck Palahniuk\u2019un D\u00f6v\u00fc\u015f Kul\u00fcb\u00fc\u2019n\u00fcn ac\u0131mas\u0131z ger\u00e7ek\u00fcst\u00fcc\u00fcl\u00fc\u011f\u00fcn\u00fc ve Clive Barker\u2019\u0131n karanl\u0131k d\u00fcnyas\u0131n\u0131 harmanl\u0131yor. Kiral\u0131k Depo, sizi ac\u0131mas\u0131z sonuna ula\u015ft\u0131ktan g\u00fcnler sonra bile etkilemeye devam edecek.<\/p>\n","protected":false},"excerpt":{"rendered":"<p>Y\u00fcr\u00fcyen \u00d6l\u00fcler Serisinin Yazar\u0131ndan Soluklusuz Okunacak Yeni Bir Ba\u015fyap\u0131tCehenneme ho\u015f geldiniz\u2026Yaln\u0131z, bir \u00e7ocuklu ve bo\u015fanm\u0131\u015f bir adam Johnny Fitzgerald\u2026 K\u00f6t\u00fc bir uyu\u015fturucu ba\u011f\u0131ml\u0131l\u0131\u011f\u0131yla bo\u011fu\u015fan, \u00e7ok yetenekli<span class=\"excerpt-hellip\"> [\u2026]<\/span><\/p>\n","protected":false},"featured_media":0,"template":"","meta":{"_monsterinsights_skip_tracking":false,"_monsterinsights_sitenote_active":false,"_monsterinsights_sitenote_note":"","_monsterinsights_sitenote_category":0},"product_brand":[],"product_cat":[12291,12711],"product_tag":[],"class_list":{"0":"post-733269","1":"product","2":"type-product","3":"status-publish","5":"product_cat-edebiyat","6":"product_cat-roman-oyku","7":"pa_cilt-ciltsiz","8":"pa_tur-kitap","9":"pa_yayinevi-ren-kitap","10":"pa_yazar-jay-bonansinga","12":"first","13":"instock","14":"sale","15":"shipping-taxable","16":"purchasable","17":"product-type-simple"},"_links":{"self":[{"href":"https:\/\/roveyayinevi.com.tr\/index.php\/wp-json\/wp\/v2\/product\/733269","targetHints":{"allow":["GET"]}}],"collection":[{"href":"https:\/\/roveyayinevi.com.tr\/index.php\/wp-json\/wp\/v2\/product"}],"about":[{"href":"https:\/\/roveyayinevi.com.tr\/index.php\/wp-json\/wp\/v2\/types\/product"}],"wp:attachment":[{"href":"https:\/\/roveyayinevi.com.tr\/index.php\/wp-json\/wp\/v2\/media?parent=733269"}],"wp:term":[{"taxonomy":"product_brand","embeddable":true,"href":"https:\/\/roveyayinevi.com.tr\/index.php\/wp-json\/wp\/v2\/product_brand?post=733269"},{"taxonomy":"product_cat","embeddable":true,"href":"https:\/\/roveyayinevi.com.tr\/index.php\/wp-json\/wp\/v2\/product_cat?post=733269"},{"taxonomy":"product_tag","embeddable":true,"href":"https:\/\/roveyayinevi.com.tr\/index.php\/wp-json\/wp\/v2\/product_tag?post=733269"}],"curies":[{"name":"wp","href":"https:\/\/api.w.org\/{rel}","templated":true}]}}