{"id":733268,"date":"2025-08-27T22:06:52","date_gmt":"2025-08-27T19:06:52","guid":{"rendered":"https:\/\/roveyayinevi.com.tr\/index.php\/urun\/tanrim-orada-misin-benim-margaret\/"},"modified":"2026-04-16T02:40:54","modified_gmt":"2026-04-15T23:40:54","slug":"tanrim-orada-misin-benim-margaret","status":"publish","type":"product","link":"https:\/\/roveyayinevi.com.tr\/index.php\/urun\/tanrim-orada-misin-benim-margaret\/","title":{"rendered":"Tanr\u0131m Orada M\u0131s\u0131n? Benim, Margaret"},"content":{"rendered":"<p>New York\u2019un merkezinden New Jersey\u2019in d\u0131\u015f\u0131nda bir mahalleye ta\u015f\u0131nan Simon ailesinin on iki ya\u015f\u0131ndaki \u00fcyesi Margaret\u2019\u0131n a\u011fz\u0131ndan yaz\u0131lm\u0131\u015f, klasikle\u015fmi\u015f bir ilkgen\u00e7lik roman\u0131.   Kitapta, yeni bir semte ta\u015f\u0131nan, yeni bir okula ba\u015flayan ve yeni arkada\u015fl\u0131klar edinen Margaret\u2019\u0131n, ailesi ve arkada\u015flar\u0131yla g\u00fcven ve sevgiye dayal\u0131 ili\u015fkiler kurmas\u0131na, ergenlikle bedenindeki de\u011fi\u015fimleri ya\u015farken hissetti\u011fi heyecan ve kayg\u0131lar\u0131na tan\u0131k oluyoruz. En \u00f6nemlisi de kendi dinsel inanc\u0131na karar verme s\u00fcrecine; bu s\u00fcre\u00e7teki i\u00e7 sesine, akl\u0131n\u0131 kurcalayan meselelerle ilgili Tanr\u0131yla konu\u015fmas\u0131na.   \u00c7ocuk ve gen\u00e7lik kitaplar\u0131 onlarca \u00fclkede yay\u0131mlanan Judy Blume\u2019un 2021\u2019de sinemaya uyarlanan bu hik\u00e2yesi ilk yay\u0131mland\u0131\u011f\u0131 1970\u2019ten bu yana t\u00fcm d\u00fcnyada her ya\u015ftan okurun zevkle okudu\u011fu bir klasik. <\/p>\n","protected":false},"excerpt":{"rendered":"<p>New York\u2019un merkezinden New Jersey\u2019in d\u0131\u015f\u0131nda bir mahalleye ta\u015f\u0131nan Simon ailesinin on iki ya\u015f\u0131ndaki \u00fcyesi Margaret\u2019\u0131n a\u011fz\u0131ndan yaz\u0131lm\u0131\u015f, klasikle\u015fmi\u015f bir ilkgen\u00e7lik roman\u0131. Kitapta, yeni bir semte<span class=\"excerpt-hellip\"> [\u2026]<\/span><\/p>\n","protected":false},"featured_media":0,"template":"","meta":{"_monsterinsights_skip_tracking":false,"_monsterinsights_sitenote_active":false,"_monsterinsights_sitenote_note":"","_monsterinsights_sitenote_category":0},"product_brand":[],"product_cat":[12275,12274],"product_tag":[],"class_list":{"0":"post-733268","1":"product","2":"type-product","3":"status-publish","5":"product_cat-6-12-yas-kitaplari","6":"product_cat-cocuk-ve-genclik-kitaplari","7":"pa_cilt-ciltsiz","8":"pa_tur-kitap","9":"pa_yayinevi-kolektif-kitap","10":"pa_yazar-judy-blume","12":"first","13":"instock","14":"sale","15":"shipping-taxable","16":"purchasable","17":"product-type-simple"},"_links":{"self":[{"href":"https:\/\/roveyayinevi.com.tr\/index.php\/wp-json\/wp\/v2\/product\/733268","targetHints":{"allow":["GET"]}}],"collection":[{"href":"https:\/\/roveyayinevi.com.tr\/index.php\/wp-json\/wp\/v2\/product"}],"about":[{"href":"https:\/\/roveyayinevi.com.tr\/index.php\/wp-json\/wp\/v2\/types\/product"}],"wp:attachment":[{"href":"https:\/\/roveyayinevi.com.tr\/index.php\/wp-json\/wp\/v2\/media?parent=733268"}],"wp:term":[{"taxonomy":"product_brand","embeddable":true,"href":"https:\/\/roveyayinevi.com.tr\/index.php\/wp-json\/wp\/v2\/product_brand?post=733268"},{"taxonomy":"product_cat","embeddable":true,"href":"https:\/\/roveyayinevi.com.tr\/index.php\/wp-json\/wp\/v2\/product_cat?post=733268"},{"taxonomy":"product_tag","embeddable":true,"href":"https:\/\/roveyayinevi.com.tr\/index.php\/wp-json\/wp\/v2\/product_tag?post=733268"}],"curies":[{"name":"wp","href":"https:\/\/api.w.org\/{rel}","templated":true}]}}