{"id":733266,"date":"2025-08-27T22:06:50","date_gmt":"2025-08-27T19:06:50","guid":{"rendered":"https:\/\/roveyayinevi.com.tr\/index.php\/urun\/duali-esmaul-husna-ciltli\/"},"modified":"2026-04-16T02:40:54","modified_gmt":"2026-04-15T23:40:54","slug":"duali-esmaul-husna-ciltli","status":"publish","type":"product","link":"https:\/\/roveyayinevi.com.tr\/index.php\/urun\/duali-esmaul-husna-ciltli\/","title":{"rendered":"Dual\u0131 Esma&#8217;\u00fcl H\u00fcsna (Ciltli)"},"content":{"rendered":"<p>Allah&#8217;\u0131n birbirinden g\u00fczel isimleri vard\u0131r. Bunlardan 99&#8217;u \u00e7ok bilinmekte ve zikredilmektedir. Bu g\u00fczel isimler onun birli\u011fini, b\u00fcy\u00fckl\u00fc\u011f\u00fcn\u00fc, m\u00fckemmelli\u011fini, kudretini, ihsan\u0131n\u0131, affedicili\u011fini ve daha pek \u00e7ok s\u0131fat\u0131n\u0131 ifade etmektedir. Allah&#8217;\u0131n b\u00fct\u00fcn isimleri birdir. Ve hepsi g\u00fczeldir. Biz Rabbimize diledi\u011fimiz ismiyle dua edebiliriz. Peygamber Efendimiz (sav) Allah&#8217;a (CC) \u015f\u00f6yle dua etmi\u015ftir: Allah&#8217;\u0131m! Senin kendine isim verdi\u011fin, yaratt\u0131klar\u0131ndan birine \u00f6\u011fretti\u011fin veya ilim hazinende gizledi\u011fin isimlerinin her biriyle Sana dua ediyorum. Allah&#8217;\u0131n isimlerinin anlamlar\u0131n\u0131 bilerek s\u00f6ylemek O&#8217;na ba\u011fl\u0131l\u0131\u011f\u0131m\u0131z\u0131 g\u00f6sterir. Bu g\u00fczel isimleri saymak zikirdir ve en g\u00fczel dua yerine ge\u00e7er. O&#8217;na \u015f\u00fckr\u00fcm\u00fcz\u00fc ifade etmenin en g\u00fczel yolu budur. Bu kitapta sizler; g\u00f6nl\u00fcn\u00fcze zikir, kalplerinize \u015f\u00fck\u00fcr ve dillerinize dua olsun diye Esma&#8217;\u00fcl H\u00fcsna p\u0131nar\u0131ndan doyas\u0131ya i\u00e7eceksiniz&#8230;<\/p>\n","protected":false},"excerpt":{"rendered":"<p>Allah&#8217;\u0131n birbirinden g\u00fczel isimleri vard\u0131r. Bunlardan 99&#8217;u \u00e7ok bilinmekte ve zikredilmektedir. Bu g\u00fczel isimler onun birli\u011fini, b\u00fcy\u00fckl\u00fc\u011f\u00fcn\u00fc, m\u00fckemmelli\u011fini, kudretini, ihsan\u0131n\u0131, affedicili\u011fini ve daha pek \u00e7ok s\u0131fat\u0131n\u0131<span class=\"excerpt-hellip\"> [\u2026]<\/span><\/p>\n","protected":false},"featured_media":0,"template":"","meta":{"_monsterinsights_skip_tracking":false,"_monsterinsights_sitenote_active":false,"_monsterinsights_sitenote_note":"","_monsterinsights_sitenote_category":0},"product_brand":[],"product_cat":[12274,12523],"product_tag":[],"class_list":{"0":"post-733266","1":"product","2":"type-product","3":"status-publish","5":"product_cat-cocuk-ve-genclik-kitaplari","6":"product_cat-masallar","7":"pa_cilt-ciltli","8":"pa_tur-kitap","9":"pa_yayinevi-ema-kitap","10":"pa_yazar-ema-kitap-kolektif","12":"first","13":"instock","14":"sale","15":"shipping-taxable","16":"purchasable","17":"product-type-simple"},"_links":{"self":[{"href":"https:\/\/roveyayinevi.com.tr\/index.php\/wp-json\/wp\/v2\/product\/733266","targetHints":{"allow":["GET"]}}],"collection":[{"href":"https:\/\/roveyayinevi.com.tr\/index.php\/wp-json\/wp\/v2\/product"}],"about":[{"href":"https:\/\/roveyayinevi.com.tr\/index.php\/wp-json\/wp\/v2\/types\/product"}],"wp:attachment":[{"href":"https:\/\/roveyayinevi.com.tr\/index.php\/wp-json\/wp\/v2\/media?parent=733266"}],"wp:term":[{"taxonomy":"product_brand","embeddable":true,"href":"https:\/\/roveyayinevi.com.tr\/index.php\/wp-json\/wp\/v2\/product_brand?post=733266"},{"taxonomy":"product_cat","embeddable":true,"href":"https:\/\/roveyayinevi.com.tr\/index.php\/wp-json\/wp\/v2\/product_cat?post=733266"},{"taxonomy":"product_tag","embeddable":true,"href":"https:\/\/roveyayinevi.com.tr\/index.php\/wp-json\/wp\/v2\/product_tag?post=733266"}],"curies":[{"name":"wp","href":"https:\/\/api.w.org\/{rel}","templated":true}]}}