{"id":733262,"date":"2025-08-27T22:06:47","date_gmt":"2025-08-27T19:06:47","guid":{"rendered":"https:\/\/roveyayinevi.com.tr\/index.php\/urun\/guldur-bizi-nasrettin-hoca-ciltli\/"},"modified":"2026-04-16T02:40:54","modified_gmt":"2026-04-15T23:40:54","slug":"guldur-bizi-nasrettin-hoca-ciltli","status":"publish","type":"product","link":"https:\/\/roveyayinevi.com.tr\/index.php\/urun\/guldur-bizi-nasrettin-hoca-ciltli\/","title":{"rendered":"G\u00fcld\u00fcr Bizi Nasrettin Hoca (Ciltli)"},"content":{"rendered":"<p>Ad\u0131n\u0131 duydu\u011fumuzda bile surat\u0131m\u0131za kocaman g\u00fcl\u00fcmsemeler yay\u0131l\u0131r. Hoca, engin tecr\u00fcbesi, sa\u011flam d\u00fc\u015f\u00fcnce g\u00fcc\u00fc, keskin zek\u00e2l\u0131 olu\u015fu ve haz\u0131rcevapl\u0131l\u0131\u011f\u0131yla herkesi kolayca etkisi alt\u0131na alabilmektedir. Nasrettin Hoca&#8217;n\u0131n de\u011feri, ya\u015fad\u0131\u011f\u0131 olaylarla de\u011fil, gerek kendisinin gerek halk\u0131n onun a\u011fz\u0131ndan s\u00f6yledi\u011fi g\u00fclmecelerdeki anlam, yergi ve alay \u00f6gelerinin inceli\u011fiyle \u00f6l\u00e7\u00fcl\u00fcr. K\u00fclt\u00fcr\u00fcm\u00fcz\u00fcn \u00f6nemli de\u011ferlerinden olan Nasrettin Hoca, bizlerin dudaklar\u0131nda her zaman tebess\u00fcmle an\u0131lacak. Hoca Nasrettin&#8217;in g\u00fclmecelerinin unutulmamas\u0131 ve yeni nesillerin de bunlar\u0131 tan\u0131mas\u0131 amac\u0131yla haz\u0131rlad\u0131\u011f\u0131m\u0131z bu kitapta, e\u011flence dolu vakitler siz okuyucular\u0131m\u0131z\u0131 bekliyor<\/p>\n","protected":false},"excerpt":{"rendered":"<p>Ad\u0131n\u0131 duydu\u011fumuzda bile surat\u0131m\u0131za kocaman g\u00fcl\u00fcmsemeler yay\u0131l\u0131r. Hoca, engin tecr\u00fcbesi, sa\u011flam d\u00fc\u015f\u00fcnce g\u00fcc\u00fc, keskin zek\u00e2l\u0131 olu\u015fu ve haz\u0131rcevapl\u0131l\u0131\u011f\u0131yla herkesi kolayca etkisi alt\u0131na alabilmektedir. Nasrettin Hoca&#8217;n\u0131n de\u011feri,<span class=\"excerpt-hellip\"> [\u2026]<\/span><\/p>\n","protected":false},"featured_media":0,"template":"","meta":{"_monsterinsights_skip_tracking":false,"_monsterinsights_sitenote_active":false,"_monsterinsights_sitenote_note":"","_monsterinsights_sitenote_category":0},"product_brand":[],"product_cat":[12274,12523],"product_tag":[],"class_list":{"0":"post-733262","1":"product","2":"type-product","3":"status-publish","5":"product_cat-cocuk-ve-genclik-kitaplari","6":"product_cat-masallar","7":"pa_cilt-ciltli","8":"pa_tur-kitap","9":"pa_yayinevi-ema-kitap","10":"pa_yazar-ema-kitap-kolektif","12":"first","13":"instock","14":"sale","15":"shipping-taxable","16":"purchasable","17":"product-type-simple"},"_links":{"self":[{"href":"https:\/\/roveyayinevi.com.tr\/index.php\/wp-json\/wp\/v2\/product\/733262","targetHints":{"allow":["GET"]}}],"collection":[{"href":"https:\/\/roveyayinevi.com.tr\/index.php\/wp-json\/wp\/v2\/product"}],"about":[{"href":"https:\/\/roveyayinevi.com.tr\/index.php\/wp-json\/wp\/v2\/types\/product"}],"wp:attachment":[{"href":"https:\/\/roveyayinevi.com.tr\/index.php\/wp-json\/wp\/v2\/media?parent=733262"}],"wp:term":[{"taxonomy":"product_brand","embeddable":true,"href":"https:\/\/roveyayinevi.com.tr\/index.php\/wp-json\/wp\/v2\/product_brand?post=733262"},{"taxonomy":"product_cat","embeddable":true,"href":"https:\/\/roveyayinevi.com.tr\/index.php\/wp-json\/wp\/v2\/product_cat?post=733262"},{"taxonomy":"product_tag","embeddable":true,"href":"https:\/\/roveyayinevi.com.tr\/index.php\/wp-json\/wp\/v2\/product_tag?post=733262"}],"curies":[{"name":"wp","href":"https:\/\/api.w.org\/{rel}","templated":true}]}}