{"id":733259,"date":"2025-08-27T22:06:44","date_gmt":"2025-08-27T19:06:44","guid":{"rendered":"https:\/\/roveyayinevi.com.tr\/index.php\/urun\/futbol-savasi\/"},"modified":"2026-04-16T02:40:54","modified_gmt":"2026-04-15T23:40:54","slug":"futbol-savasi","status":"publish","type":"product","link":"https:\/\/roveyayinevi.com.tr\/index.php\/urun\/futbol-savasi\/","title":{"rendered":"Futbol Sava\u015f\u0131"},"content":{"rendered":"<p>Polonyal\u0131 gazeteci Ryszard Kapu\u015bci\u0144ski&#8217;nin meslek\u00ee deneyim ve g\u00f6zlemlerine dayanarak \u00fc\u00e7\u00fcnc\u00fc d\u00fcnyadan haberlerin \u00f6tesindeki insan manzaralar\u0131 aktard\u0131\u011f\u0131 Futbol Sava\u015f\u0131, Delidolu&#8217;nun &#8221;D\u00fcnyay\u0131 Okumak&#8221; temal\u0131 kurmaca d\u0131\u015f\u0131 eserler koleksiyonunda yerini al\u0131yor. Afrika&#8217;dan Latin Amerika ve Orta Do\u011fu&#8217;ya uzanan bir co\u011frafyada, 1960&#8217;l\u0131 y\u0131llar\u0131n d\u00fcnya d\u00fczeni ve toplumsal de\u011fi\u015fimine s\u00f6m\u00fcrgeci olmayan Bat\u0131l\u0131 bir yazar\u0131n g\u00f6z\u00fcnden bakan eser, 20. y\u00fczy\u0131l sonunda ya\u015fanan sava\u015flar\u0131n ve zulm\u00fcn gayriresm\u00ee bir kronolojisini sunuyor. Kapu\u015bci\u0144ski&#8217;nin, hen\u00fcz gen\u00e7 bir gazeteciyken ayak bast\u0131\u011f\u0131 topraklarda kar\u015f\u0131la\u015ft\u0131\u011f\u0131 tuhaf, al\u0131\u015f\u0131lm\u0131\u015f\u0131n d\u0131\u015f\u0131nda ve hatta yer yer abs\u00fcrt say\u0131labilecek olaylar\u0131 klasik haber dilinin d\u0131\u015f\u0131na \u00e7\u0131karak hik\u00e2yele\u015ftirdi\u011fi tan\u0131kl\u0131klar\u0131ndan olu\u015fan bu belgesel kitap, yakla\u015f\u0131k yirmi y\u0131ll\u0131k bir sava\u015f, darbe ve devrim d\u00f6nemine ayna tutuyor.   Deneyimli gazetecinin, \u00fc\u00e7\u00fcnc\u00fc d\u00fcnya \u00fclkelerini duyarl\u0131kla g\u00f6zlemleyip evrensel \u00e7\u0131kar\u0131mlarda bulundu\u011fu yaz\u0131lar\u0131n\u0131 bir araya getiren Futbol Sava\u015f\u0131, sosyo-politik dinamikleri k\u00fc\u00e7\u00fcc\u00fck bir k\u0131v\u0131lc\u0131mdan nasibini alabilecek topraklar\u0131n panoramas\u0131n\u0131 \u00e7iziyor. Kitaba da ad\u0131n\u0131 veren Futbol Sava\u015f\u0131, Honduras ile El Salvador mill\u00ee tak\u0131mlar\u0131n\u0131n D\u00fcnya Kupas\u0131 elemelerindeki kar\u015f\u0131la\u015fmalar\u0131n\u0131n ard\u0131ndan patlak veren sava\u015fa odaklan\u0131yor; kitaptaki di\u011fer yaz\u0131lar Latin Amerika, Orta Do\u011fu \u00fclkeleri ve hatta K\u0131br\u0131s&#8217;a e\u011filiyor; Kongo, Kenya, Nijerya gibi \u00e7at\u0131\u015fmalar\u0131n, darbe ve devrimlerin hi\u00e7 eksik olmad\u0131\u011f\u0131 Afrika \u00fclkelerini kalemine doluyor. Eserdeki baz\u0131 b\u00f6l\u00fcmler ise gazetecinin yazmay\u0131 planlad\u0131\u011f\u0131 &#8221;olas\u0131&#8221; kitaplar\u0131n taslaklar\u0131n\u0131 olu\u015fturuyor.    Kapu\u015bci\u0144ski g\u00f6zlemlerini, ya\u015fananlar\u0131n arka plan\u0131ndaki hik\u00e2yeleri, sava\u015f\u0131n g\u00f6lgesindeki ya\u015fam\u0131n korkutucu, tuhaf ve g\u00fcl\u00fcn\u00e7 derecede sa\u00e7ma y\u00f6nlerini kendine \u00f6zg\u00fc diliyle anlat\u0131rken okurun zihnini soru balonlar\u0131yla istila etmeyi de ihmal etmiyor. &#8221;\u00dc\u00e7\u00fcnc\u00fc d\u00fcnya \u00fclkeleri, d\u00f6rd\u00fcnc\u00fc d\u00fcnya \u00fclkeleri ve d\u00fcnyadaki di\u011fer t\u00fcm fakir \u00fclkeler sadece kan d\u00f6kmeye karar verdiklerinde ilgi uyand\u0131rmaya ba\u015fl\u0131yor. Ne kadar ac\u0131 olsa da, ger\u00e7ek bu.&#8221;<\/p>\n","protected":false},"excerpt":{"rendered":"<p>Polonyal\u0131 gazeteci Ryszard Kapu\u015bci\u0144ski&#8217;nin meslek\u00ee deneyim ve g\u00f6zlemlerine dayanarak \u00fc\u00e7\u00fcnc\u00fc d\u00fcnyadan haberlerin \u00f6tesindeki insan manzaralar\u0131 aktard\u0131\u011f\u0131 Futbol Sava\u015f\u0131, Delidolu&#8217;nun &#8221;D\u00fcnyay\u0131 Okumak&#8221; temal\u0131 kurmaca d\u0131\u015f\u0131 eserler koleksiyonunda<span class=\"excerpt-hellip\"> [\u2026]<\/span><\/p>\n","protected":false},"featured_media":0,"template":"","meta":{"_monsterinsights_skip_tracking":false,"_monsterinsights_sitenote_active":false,"_monsterinsights_sitenote_note":"","_monsterinsights_sitenote_category":0},"product_brand":[],"product_cat":[12370,12304],"product_tag":[],"class_list":{"0":"post-733259","1":"product","2":"type-product","3":"status-publish","5":"product_cat-arastirma-inceleme","6":"product_cat-tarih","7":"pa_cilt-ciltsiz","8":"pa_tur-kitap","9":"pa_yayinevi-delidolu","10":"pa_yazar-ryszard-kapuscinski","12":"first","13":"instock","14":"sale","15":"shipping-taxable","16":"purchasable","17":"product-type-simple"},"_links":{"self":[{"href":"https:\/\/roveyayinevi.com.tr\/index.php\/wp-json\/wp\/v2\/product\/733259","targetHints":{"allow":["GET"]}}],"collection":[{"href":"https:\/\/roveyayinevi.com.tr\/index.php\/wp-json\/wp\/v2\/product"}],"about":[{"href":"https:\/\/roveyayinevi.com.tr\/index.php\/wp-json\/wp\/v2\/types\/product"}],"wp:attachment":[{"href":"https:\/\/roveyayinevi.com.tr\/index.php\/wp-json\/wp\/v2\/media?parent=733259"}],"wp:term":[{"taxonomy":"product_brand","embeddable":true,"href":"https:\/\/roveyayinevi.com.tr\/index.php\/wp-json\/wp\/v2\/product_brand?post=733259"},{"taxonomy":"product_cat","embeddable":true,"href":"https:\/\/roveyayinevi.com.tr\/index.php\/wp-json\/wp\/v2\/product_cat?post=733259"},{"taxonomy":"product_tag","embeddable":true,"href":"https:\/\/roveyayinevi.com.tr\/index.php\/wp-json\/wp\/v2\/product_tag?post=733259"}],"curies":[{"name":"wp","href":"https:\/\/api.w.org\/{rel}","templated":true}]}}