{"id":733256,"date":"2025-08-27T22:06:41","date_gmt":"2025-08-27T19:06:41","guid":{"rendered":"https:\/\/roveyayinevi.com.tr\/index.php\/urun\/ikinci-ilk-izlenimler\/"},"modified":"2026-04-16T02:40:54","modified_gmt":"2026-04-15T23:40:54","slug":"ikinci-ilk-izlenimler","status":"publish","type":"product","link":"https:\/\/roveyayinevi.com.tr\/index.php\/urun\/ikinci-ilk-izlenimler\/","title":{"rendered":"\u0130kinci \u0130lk \u0130zlenimler"},"content":{"rendered":"<p>\u00c7\u0131lg\u0131nl\u0131k (isim): Zihnin ya da duygular\u0131n a\u015f\u0131r\u0131 k\u0131\u015fk\u0131rt\u0131lmas\u0131   Ruthie Midona, alt\u0131 y\u0131ld\u0131r \u00e7ok l\u00fcks bir huzurevi tesisinde \u00e7al\u0131\u015f\u0131yordu. \u0130\u015f d\u0131\u015f\u0131nda da bir d\u00fcnya oldu\u011funu unuttu\u011fundan, hem nesli t\u00fckenmekte olan kaplumba\u011falarla ilgileniyor hem de tesis sakinlerinin her ihtiyac\u0131na gece g\u00fcnd\u00fcz demeden ko\u015fuyordu. \u00c7ok yak\u0131n zamanda ba\u015f\u0131na bela olacak bir adam\u0131n onun hakk\u0131ndaki ilk izlenimlerini duyana kadar, bir sorunu oldu\u011funun fark\u0131nda bile de\u011fildi.   Teddy Prescott \u00f6mr\u00fcn\u00fc sa\u011fda solda s\u00fcrterek ve onun ne kadar bencil, beceriksiz bir serseri oldu\u011funa inanan herkesi hakl\u0131 \u00e7\u0131kararak ge\u00e7iriyordu. Babas\u0131, onu sahibi oldu\u011fu huzurevinde \u00e7al\u0131\u015fmaya zorlayarak dersini vermeye kararl\u0131yd\u0131. E\u011fer hak etmeyi becerebilirse hayallerine kavu\u015fup sonunda bir d\u00f6vme st\u00fcdyosuna ortak olabilirdi. Ama Ruthie\u2019nin ve tesisin en ac\u0131mas\u0131z sakinlerinin onun i\u00e7in ba\u015fka planlar\u0131 vard\u0131.   Teddy kar\u015f\u0131s\u0131na \u00e7\u0131kan her zorlu\u011fu b\u00fcy\u00fcleyici g\u00fcl\u00fcmsemesiyle kar\u015f\u0131larken, tan\u0131\u015ft\u0131\u011f\u0131 herkesin ayaklar\u0131 yerden kesilmeye ba\u015flam\u0131\u015ft\u0131 bile. Ge\u00e7mi\u015fiyle bar\u0131\u015fmas\u0131 i\u00e7in \u00f6nce t\u00fcm kalkanlar\u0131n\u0131 indirmesi gereken Ruthie\u2019nin ise vermesi gereken daha zorlu s\u0131navlar vard\u0131.     \u201c\u0130kinci \u0130lk \u0130zlenimler, bu senenin en s\u0131cak, en tatl\u0131, en keyifli kitab\u0131. Sally Thorne\u2019un zihninde ya\u015famak istiyorum.\u201d  \u2014Emily Henry   \u201cBir solukta okudum! Hemen bitmesin diye kendimi yava\u015flamaya zorlamam gerekti. Bu kitap bana uzun zamand\u0131r hissetmedi\u011fim kadar huzurlu hissettirdi.\u201d  \u2014Beth O\u2019Leary   \u201cBu kitap bize her ge\u00e7en \u00e2n\u0131n g\u00fczelli\u011fini fark etmemiz gerekti\u011fini s\u00f6yl\u00fcyor ve \u0130kinci \u0130lk \u0130zlenimler iyi bir ba\u015flang\u0131\u00e7 noktas\u0131.\u201d \u2014Entertainment Weekly   \u201cBa\u015fkarakterler aras\u0131ndaki her sahne m\u00fckemmel.\u201d \u2014Kirkus, starred review   \u201cHayallerini ger\u00e7ekle\u015ftirmeye korkan bir kad\u0131na ve d\u00fcnyas\u0131n\u0131 sarsan a\u015fka dair s\u0131cac\u0131k bir hik\u00e2ye.\u201d \u2014Library Journal <\/p>\n","protected":false},"excerpt":{"rendered":"<p>\u00c7\u0131lg\u0131nl\u0131k (isim): Zihnin ya da duygular\u0131n a\u015f\u0131r\u0131 k\u0131\u015fk\u0131rt\u0131lmas\u0131 Ruthie Midona, alt\u0131 y\u0131ld\u0131r \u00e7ok l\u00fcks bir huzurevi tesisinde \u00e7al\u0131\u015f\u0131yordu. \u0130\u015f d\u0131\u015f\u0131nda da bir d\u00fcnya oldu\u011funu unuttu\u011fundan, hem<span class=\"excerpt-hellip\"> [\u2026]<\/span><\/p>\n","protected":false},"featured_media":0,"template":"","meta":{"_monsterinsights_skip_tracking":false,"_monsterinsights_sitenote_active":false,"_monsterinsights_sitenote_note":"","_monsterinsights_sitenote_category":0},"product_brand":[],"product_cat":[14643,12291],"product_tag":[],"class_list":{"0":"post-733256","1":"product","2":"type-product","3":"status-publish","5":"product_cat-ask","6":"product_cat-edebiyat","7":"pa_cilt-ciltsiz","8":"pa_tur-kitap","9":"pa_yayinevi-yabanci-yayinevi","10":"pa_yazar-sally-thorne","12":"first","13":"instock","14":"sale","15":"shipping-taxable","16":"purchasable","17":"product-type-simple"},"_links":{"self":[{"href":"https:\/\/roveyayinevi.com.tr\/index.php\/wp-json\/wp\/v2\/product\/733256","targetHints":{"allow":["GET"]}}],"collection":[{"href":"https:\/\/roveyayinevi.com.tr\/index.php\/wp-json\/wp\/v2\/product"}],"about":[{"href":"https:\/\/roveyayinevi.com.tr\/index.php\/wp-json\/wp\/v2\/types\/product"}],"wp:attachment":[{"href":"https:\/\/roveyayinevi.com.tr\/index.php\/wp-json\/wp\/v2\/media?parent=733256"}],"wp:term":[{"taxonomy":"product_brand","embeddable":true,"href":"https:\/\/roveyayinevi.com.tr\/index.php\/wp-json\/wp\/v2\/product_brand?post=733256"},{"taxonomy":"product_cat","embeddable":true,"href":"https:\/\/roveyayinevi.com.tr\/index.php\/wp-json\/wp\/v2\/product_cat?post=733256"},{"taxonomy":"product_tag","embeddable":true,"href":"https:\/\/roveyayinevi.com.tr\/index.php\/wp-json\/wp\/v2\/product_tag?post=733256"}],"curies":[{"name":"wp","href":"https:\/\/api.w.org\/{rel}","templated":true}]}}