{"id":733255,"date":"2025-08-27T22:06:40","date_gmt":"2025-08-27T19:06:40","guid":{"rendered":"https:\/\/roveyayinevi.com.tr\/index.php\/urun\/yildizli-gece-2\/"},"modified":"2026-04-16T02:40:54","modified_gmt":"2026-04-15T23:40:54","slug":"yildizli-gece-2","status":"publish","type":"product","link":"https:\/\/roveyayinevi.com.tr\/index.php\/urun\/yildizli-gece-2\/","title":{"rendered":"Y\u0131ld\u0131zl\u0131 Gece"},"content":{"rendered":"<p>Van Gogh\u2019un resmetti\u011fi Y\u0131ld\u0131zl\u0131 Gece\u2019nin hik\u00e2yesini bilir misiniz? Rivayete g\u00f6re intihar ederek hayat\u0131na son veren Van Gogh\u2019un Y\u0131ld\u0131zl\u0131 Gece eseri intihar etti\u011fi g\u00fcne aittir. Yakup da bir gece yar\u0131s\u0131 \u00e2\u015f\u0131k oldu\u011funda t\u00fcm ge\u00e7mi\u015fini, \u00e7ekti\u011fi ac\u0131lar\u0131 ve ge\u00e7mi\u015finin en b\u00fcy\u00fck yaras\u0131 olan kad\u0131n\u0131 geride b\u0131rakm\u0131\u015ft\u0131r. Geriye sadece saf sevgiye a\u00e7 kalbi kalm\u0131\u015ft\u0131r. Hazel, hayat\u0131n\u0131 anneannesine adam\u0131\u015f ve nereye giderse onun pe\u015finden gitmi\u015ftir. Son durak olan Aydos Mahallesi ona a\u015fk\u0131, aileyi ve sevginin y\u00fcceli\u011fini \u00f6\u011fretecektir. Hazel ve Yakup g\u00fcl\u00fcmseten bir yanl\u0131\u015fl\u0131kla tan\u0131\u015f\u0131p, hem kom\u015fu olacak hem de kalplerini tan\u0131yacaklard\u0131r. Yakup\u2019un hayat\u0131 o g\u00fcn, o gece Y\u0131ld\u0131zl\u0131 Gece olarak hayat\u0131na kaz\u0131nm\u0131\u015ft\u0131r. Hazel, onun Y\u0131ld\u0131zl\u0131 Gece\u2019sidir. <\/p>\n","protected":false},"excerpt":{"rendered":"<p>Van Gogh\u2019un resmetti\u011fi Y\u0131ld\u0131zl\u0131 Gece\u2019nin hik\u00e2yesini bilir misiniz? Rivayete g\u00f6re intihar ederek hayat\u0131na son veren Van Gogh\u2019un Y\u0131ld\u0131zl\u0131 Gece eseri intihar etti\u011fi g\u00fcne aittir. Yakup da<span class=\"excerpt-hellip\"> [\u2026]<\/span><\/p>\n","protected":false},"featured_media":0,"template":"","meta":{"_monsterinsights_skip_tracking":false,"_monsterinsights_sitenote_active":false,"_monsterinsights_sitenote_note":"","_monsterinsights_sitenote_category":0},"product_brand":[],"product_cat":[14643,12291],"product_tag":[],"class_list":{"0":"post-733255","1":"product","2":"type-product","3":"status-publish","5":"product_cat-ask","6":"product_cat-edebiyat","7":"pa_cilt-ciltsiz","8":"pa_tur-kitap","9":"pa_yayinevi-muptela-yayinevi","10":"pa_yazar-funda-kinali","12":"first","13":"instock","14":"sale","15":"shipping-taxable","16":"purchasable","17":"product-type-simple"},"_links":{"self":[{"href":"https:\/\/roveyayinevi.com.tr\/index.php\/wp-json\/wp\/v2\/product\/733255","targetHints":{"allow":["GET"]}}],"collection":[{"href":"https:\/\/roveyayinevi.com.tr\/index.php\/wp-json\/wp\/v2\/product"}],"about":[{"href":"https:\/\/roveyayinevi.com.tr\/index.php\/wp-json\/wp\/v2\/types\/product"}],"wp:attachment":[{"href":"https:\/\/roveyayinevi.com.tr\/index.php\/wp-json\/wp\/v2\/media?parent=733255"}],"wp:term":[{"taxonomy":"product_brand","embeddable":true,"href":"https:\/\/roveyayinevi.com.tr\/index.php\/wp-json\/wp\/v2\/product_brand?post=733255"},{"taxonomy":"product_cat","embeddable":true,"href":"https:\/\/roveyayinevi.com.tr\/index.php\/wp-json\/wp\/v2\/product_cat?post=733255"},{"taxonomy":"product_tag","embeddable":true,"href":"https:\/\/roveyayinevi.com.tr\/index.php\/wp-json\/wp\/v2\/product_tag?post=733255"}],"curies":[{"name":"wp","href":"https:\/\/api.w.org\/{rel}","templated":true}]}}