{"id":733247,"date":"2025-08-27T22:06:30","date_gmt":"2025-08-27T19:06:30","guid":{"rendered":"https:\/\/roveyayinevi.com.tr\/index.php\/urun\/mujdemi-isterim\/"},"modified":"2026-04-16T02:40:54","modified_gmt":"2026-04-15T23:40:54","slug":"mujdemi-isterim","status":"publish","type":"product","link":"https:\/\/roveyayinevi.com.tr\/index.php\/urun\/mujdemi-isterim\/","title":{"rendered":"M\u00fcjdemi \u0130sterim"},"content":{"rendered":"<p>D\u00fcnya y\u0131rt\u0131lm\u0131\u015f k\u00e2\u011f\u0131t sesleriyle, tuhaf g\u0131c\u0131rt\u0131larla ve dinmek bilmeyen u\u011fultularla dolu. Biz onda yerini arayan ta\u015f gibi yuvarlanmaya ya\u015famak diyoruz. Ondan kopup yine ona d\u00fc\u015fmeye, bu d\u00fc\u015f\u00fc\u015f\u00fcn h\u0131z\u0131na, ald\u0131\u011f\u0131m\u0131z berelere raz\u0131y\u0131z. D\u00fcnyan\u0131n kula\u011f\u0131m\u0131za dolan sesiyle, i\u00e7imizi \u00e7izen g\u0131c\u0131rt\u0131s\u0131yla, ba\u015f\u0131m\u0131z\u0131 a\u011fr\u0131tan a\u011f\u0131r u\u011fultusuyla arkada\u015f\u0131z. K\u00e2\u011f\u0131t bizim \u00e7\u00fcnk\u00fc, g\u0131c\u0131rt\u0131 da u\u011fultu da bizden. Yaln\u0131z bilmiyor bulamayaca\u011f\u0131n\u0131 yerini arayan ta\u015f.   Mert Balaban, ikinci \u00f6yk\u00fc kitab\u0131 M\u00fcjdemi \u0130sterim ile okura yeni sesler, bamba\u015fka insanlar ve hik\u00e2yeler kazand\u0131r\u0131yor. Bu \u00f6yk\u00fclerle sahillere, \u00e7orbac\u0131lara, at\u00f6lyelere, yeni ama yabanc\u0131s\u0131 olmad\u0131\u011f\u0131m\u0131z hanelere \u00e7a\u011f\u0131r\u0131yor bizi.   \u201cBabam olacak adam kurnazd\u0131. D\u00fc\u011f\u00fcnden \u00f6nce alm\u0131\u015f topra\u011f\u0131, katm\u0131\u015f mutsuz beyli\u011fine. Benim i\u00e7imdeki kad\u0131n\u0131 hesap edememi\u015f ama. Benim i\u00e7imdeki kad\u0131n\u0131n, gecenin bir yar\u0131s\u0131, yan\u0131na bir \u00e7anta bile almadan, aya\u011f\u0131nda k\u0131rk iki numara eski bir terlikle ka\u00e7\u0131p gidece\u011fini hesap edememi\u015f. \u00d6v\u00fcnmek gibi olmas\u0131n, bendeki y\u00fcrek, \u015fu yan masan\u0131n \u00fczerinde duran \u00f6l\u00fc danan\u0131n y\u00fcre\u011finden b\u00fcy\u00fckt\u00fcr Bey Amca, haberin olsun.\u201d <\/p>\n","protected":false},"excerpt":{"rendered":"<p>D\u00fcnya y\u0131rt\u0131lm\u0131\u015f k\u00e2\u011f\u0131t sesleriyle, tuhaf g\u0131c\u0131rt\u0131larla ve dinmek bilmeyen u\u011fultularla dolu. Biz onda yerini arayan ta\u015f gibi yuvarlanmaya ya\u015famak diyoruz. Ondan kopup yine ona d\u00fc\u015fmeye, bu<span class=\"excerpt-hellip\"> [\u2026]<\/span><\/p>\n","protected":false},"featured_media":0,"template":"","meta":{"_monsterinsights_skip_tracking":false,"_monsterinsights_sitenote_active":false,"_monsterinsights_sitenote_note":"","_monsterinsights_sitenote_category":0},"product_brand":[],"product_cat":[12291,12711],"product_tag":[],"class_list":{"0":"post-733247","1":"product","2":"type-product","3":"status-publish","5":"product_cat-edebiyat","6":"product_cat-roman-oyku","7":"pa_cilt-ciltsiz","8":"pa_tur-kitap","9":"pa_yayinevi-ithaki-yayinlari","10":"pa_yazar-mert-balaban","12":"first","13":"instock","14":"sale","15":"shipping-taxable","16":"purchasable","17":"product-type-simple"},"_links":{"self":[{"href":"https:\/\/roveyayinevi.com.tr\/index.php\/wp-json\/wp\/v2\/product\/733247","targetHints":{"allow":["GET"]}}],"collection":[{"href":"https:\/\/roveyayinevi.com.tr\/index.php\/wp-json\/wp\/v2\/product"}],"about":[{"href":"https:\/\/roveyayinevi.com.tr\/index.php\/wp-json\/wp\/v2\/types\/product"}],"wp:attachment":[{"href":"https:\/\/roveyayinevi.com.tr\/index.php\/wp-json\/wp\/v2\/media?parent=733247"}],"wp:term":[{"taxonomy":"product_brand","embeddable":true,"href":"https:\/\/roveyayinevi.com.tr\/index.php\/wp-json\/wp\/v2\/product_brand?post=733247"},{"taxonomy":"product_cat","embeddable":true,"href":"https:\/\/roveyayinevi.com.tr\/index.php\/wp-json\/wp\/v2\/product_cat?post=733247"},{"taxonomy":"product_tag","embeddable":true,"href":"https:\/\/roveyayinevi.com.tr\/index.php\/wp-json\/wp\/v2\/product_tag?post=733247"}],"curies":[{"name":"wp","href":"https:\/\/api.w.org\/{rel}","templated":true}]}}