{"id":733246,"date":"2025-08-27T22:06:29","date_gmt":"2025-08-27T19:06:29","guid":{"rendered":"https:\/\/roveyayinevi.com.tr\/index.php\/urun\/sessizlik-4\/"},"modified":"2026-04-16T02:40:54","modified_gmt":"2026-04-15T23:40:54","slug":"sessizlik-4","status":"publish","type":"product","link":"https:\/\/roveyayinevi.com.tr\/index.php\/urun\/sessizlik-4\/","title":{"rendered":"Sessizlik"},"content":{"rendered":"<p>John Biguenet, 21. Y\u00fczy\u0131l\u2019da bize daha da yabanc\u0131la\u015fan bir kavram olan \u201cSessizlik\u201d hakk\u0131nda d\u00fc\u015f\u00fcn\u00fcrken, i\u00e7erik bak\u0131m\u0131ndan zengin ve renkli bir kitap sunuyor. Yaln\u0131zl\u0131k ve sessizlik aras\u0131ndaki ili\u015fki; sessiz okuma s\u0131ras\u0131nda neler olup bitti\u011fi; sahne sanatlar\u0131, m\u00fczik ve sessizlik; cinsiyet\u00e7i ya da politik susturma; s\u0131rlar ve sessizlik: \u0130nternet ve if\u015fa gibi temalar etraf\u0131nda gezinen yazar, sessizli\u011fi elde etmenin pek de kolay olmad\u0131\u011f\u0131n\u0131 g\u00f6zler \u00f6n\u00fcne seriyor.   \u201cG\u00fcn\u00fcm\u00fczde sessizlik en g\u00f6zde t\u00fcketim maddelerininkine rakip fiyatlarla al\u0131n\u0131p sat\u0131lan ticari bir meta haline geldi. Jane Austen Mansfield Park\u2019ta, \u2018Sessizli\u011fin l\u00fcks\u00fcn\u00fc tadal\u0131m\u2019 diye yazar. Maalesef bu l\u00fcks\u00fcn fiyat\u0131 her ge\u00e7en g\u00fcn t\u00fcketicilerin \u00e7o\u011funun g\u00fcc\u00fcn\u00fc a\u015facak \u015fekilde art\u0131yor.\u201d <\/p>\n","protected":false},"excerpt":{"rendered":"<p>John Biguenet, 21. Y\u00fczy\u0131l\u2019da bize daha da yabanc\u0131la\u015fan bir kavram olan \u201cSessizlik\u201d hakk\u0131nda d\u00fc\u015f\u00fcn\u00fcrken, i\u00e7erik bak\u0131m\u0131ndan zengin ve renkli bir kitap sunuyor. Yaln\u0131zl\u0131k ve sessizlik aras\u0131ndaki<span class=\"excerpt-hellip\"> [\u2026]<\/span><\/p>\n","protected":false},"featured_media":0,"template":"","meta":{"_monsterinsights_skip_tracking":false,"_monsterinsights_sitenote_active":false,"_monsterinsights_sitenote_note":"","_monsterinsights_sitenote_category":0},"product_brand":[],"product_cat":[12777,12291],"product_tag":[],"class_list":{"0":"post-733246","1":"product","2":"type-product","3":"status-publish","5":"product_cat-deneme","6":"product_cat-edebiyat","7":"pa_cilt-ciltsiz","8":"pa_tur-kitap","9":"pa_yayinevi-ithaki-yayinlari","10":"pa_yazar-john-biguenet","12":"first","13":"instock","14":"sale","15":"shipping-taxable","16":"purchasable","17":"product-type-simple"},"_links":{"self":[{"href":"https:\/\/roveyayinevi.com.tr\/index.php\/wp-json\/wp\/v2\/product\/733246","targetHints":{"allow":["GET"]}}],"collection":[{"href":"https:\/\/roveyayinevi.com.tr\/index.php\/wp-json\/wp\/v2\/product"}],"about":[{"href":"https:\/\/roveyayinevi.com.tr\/index.php\/wp-json\/wp\/v2\/types\/product"}],"wp:attachment":[{"href":"https:\/\/roveyayinevi.com.tr\/index.php\/wp-json\/wp\/v2\/media?parent=733246"}],"wp:term":[{"taxonomy":"product_brand","embeddable":true,"href":"https:\/\/roveyayinevi.com.tr\/index.php\/wp-json\/wp\/v2\/product_brand?post=733246"},{"taxonomy":"product_cat","embeddable":true,"href":"https:\/\/roveyayinevi.com.tr\/index.php\/wp-json\/wp\/v2\/product_cat?post=733246"},{"taxonomy":"product_tag","embeddable":true,"href":"https:\/\/roveyayinevi.com.tr\/index.php\/wp-json\/wp\/v2\/product_tag?post=733246"}],"curies":[{"name":"wp","href":"https:\/\/api.w.org\/{rel}","templated":true}]}}