{"id":733244,"date":"2025-08-27T22:06:27","date_gmt":"2025-08-27T19:06:27","guid":{"rendered":"https:\/\/roveyayinevi.com.tr\/index.php\/urun\/vahsi-ev\/"},"modified":"2026-04-16T02:40:54","modified_gmt":"2026-04-15T23:40:54","slug":"vahsi-ev","status":"publish","type":"product","link":"https:\/\/roveyayinevi.com.tr\/index.php\/urun\/vahsi-ev\/","title":{"rendered":"Vah\u015fi Ev"},"content":{"rendered":"<p>Her Ev S\u0131radan De\u011fildir. Baz\u0131 Evler Vah\u015fidir Ve Yerlerinde Duramazlar.   Tomtom\u2019un Babas\u0131 Gizemli Milyoner Van B\u00f6\u00f6k\u2019\u00fcn Villas\u0131 H\u0131\u015f\u0131rt\u0131 Hisar\u2019da Y\u00f6netici Olarak \u00c7al\u0131\u015fmaya Ba\u015flar. Tomtom\u2019un Ve Ailesinin Hayat\u0131 Bir Anda De\u011fi\u015fir. Ama As\u0131l B\u00fcy\u00fck De\u011fi\u015fiklik Villa Aniden Ayaklan\u0131p Yollara D\u00fc\u015ft\u00fckten Sonra Olur. H\u0131\u015f\u0131rt\u0131 Hisar\u2019\u0131n \u00c7ocuk Sakinleri Ayaklanan Villan\u0131n Gizemini \u00c7\u00f6zmeye Karar Verirler. Tomtom T\u0131pk\u0131 H\u0131\u015f\u0131rt\u0131 Hisar Gibi, Sakinlerinin De Gizemlerle Dolu Oldu\u011funu Fark Eder.   Finli Yazar Siri Kolu\u2019nun Vah\u015fi Ev \u00dc\u00e7lemesi, Okurlar\u0131 Macera Dolu Bir Yolculu\u011fa \u00c7\u0131kar\u0131yor.   Kullan\u0131lan Reklam Mecralar\u0131: Sosyal Medya Ve Gazete\/Dergiler <\/p>\n","protected":false},"excerpt":{"rendered":"<p>Her Ev S\u0131radan De\u011fildir. Baz\u0131 Evler Vah\u015fidir Ve Yerlerinde Duramazlar. Tomtom\u2019un Babas\u0131 Gizemli Milyoner Van B\u00f6\u00f6k\u2019\u00fcn Villas\u0131 H\u0131\u015f\u0131rt\u0131 Hisar\u2019da Y\u00f6netici Olarak \u00c7al\u0131\u015fmaya Ba\u015flar. Tomtom\u2019un Ve Ailesinin<span class=\"excerpt-hellip\"> [\u2026]<\/span><\/p>\n","protected":false},"featured_media":0,"template":"","meta":{"_monsterinsights_skip_tracking":false,"_monsterinsights_sitenote_active":false,"_monsterinsights_sitenote_note":"","_monsterinsights_sitenote_category":0},"product_brand":[],"product_cat":[12275,12274],"product_tag":[],"class_list":{"0":"post-733244","1":"product","2":"type-product","3":"status-publish","5":"product_cat-6-12-yas-kitaplari","6":"product_cat-cocuk-ve-genclik-kitaplari","7":"pa_cilt-ciltsiz","8":"pa_tur-kitap","9":"pa_yayinevi-dinozor-cocuk","10":"pa_yazar-siri-kolu","12":"first","13":"instock","14":"sale","15":"shipping-taxable","16":"purchasable","17":"product-type-simple"},"_links":{"self":[{"href":"https:\/\/roveyayinevi.com.tr\/index.php\/wp-json\/wp\/v2\/product\/733244","targetHints":{"allow":["GET"]}}],"collection":[{"href":"https:\/\/roveyayinevi.com.tr\/index.php\/wp-json\/wp\/v2\/product"}],"about":[{"href":"https:\/\/roveyayinevi.com.tr\/index.php\/wp-json\/wp\/v2\/types\/product"}],"wp:attachment":[{"href":"https:\/\/roveyayinevi.com.tr\/index.php\/wp-json\/wp\/v2\/media?parent=733244"}],"wp:term":[{"taxonomy":"product_brand","embeddable":true,"href":"https:\/\/roveyayinevi.com.tr\/index.php\/wp-json\/wp\/v2\/product_brand?post=733244"},{"taxonomy":"product_cat","embeddable":true,"href":"https:\/\/roveyayinevi.com.tr\/index.php\/wp-json\/wp\/v2\/product_cat?post=733244"},{"taxonomy":"product_tag","embeddable":true,"href":"https:\/\/roveyayinevi.com.tr\/index.php\/wp-json\/wp\/v2\/product_tag?post=733244"}],"curies":[{"name":"wp","href":"https:\/\/api.w.org\/{rel}","templated":true}]}}