{"id":733243,"date":"2025-08-27T22:06:26","date_gmt":"2025-08-27T19:06:26","guid":{"rendered":"https:\/\/roveyayinevi.com.tr\/index.php\/urun\/liya-lu\/"},"modified":"2026-04-16T02:40:54","modified_gmt":"2026-04-15T23:40:54","slug":"liya-lu","status":"publish","type":"product","link":"https:\/\/roveyayinevi.com.tr\/index.php\/urun\/liya-lu\/","title":{"rendered":"Liya Lu"},"content":{"rendered":"<p>Liya Lu, Pelin \u00d6zer\u2019in 2004-2021 y\u0131llar\u0131 aras\u0131nda yazd\u0131\u011f\u0131 \u015fiirlerden geni\u015f bir kesiti d\u00f6rt b\u00f6l\u00fcm halinde bulu\u015fturuyor. \u201cEn eski masal\u201da, a\u015fka, ba\u015flayana ve bitene, lekesi aya vurdu\u011funda kendini ele veren yaln\u0131zl\u0131\u011fa yaz\u0131lm\u0131\u015f, b\u00fcy\u00fck uzay \u00e7i\u00e7e\u011finin ten hamurundan do\u011faca\u011f\u0131na inanan bir \u015fiir. Liya Lu\u2019da Pelin \u00d6zer, g\u00f6klerin s\u0131r yurduna, \u201chi\u00e7 kimseye ait olmayan yere\u201d, da\u011f sular\u0131n\u0131n \u0131sl\u0131\u011f\u0131n\u0131 bilen ku\u015flar\u0131n haf\u0131zas\u0131ndan ge\u00e7erek var\u0131laca\u011f\u0131n\u0131 f\u0131s\u0131ld\u0131yor bir kez daha. Liya Lu, harflerin ta\u015flara denk oldu\u011fu \u201cTanr\u0131 yaz\u0131\u201dnda zaman\u0131n \u00e7\u0131t\u0131rt\u0131s\u0131n\u0131, seslerin \u015fark\u0131l\u0131 ak\u0131\u015f\u0131n\u0131 duymu\u015f bir yaz\u0131ya g\u00f6t\u00fcr\u00fcyor bizi. \u015eiir: A\u015finas\u0131 oldu\u011fumuz ac\u0131n\u0131n m\u00fcrekkebi; kabuk ba\u011flasa da ba\u011flamasa da! <\/p>\n","protected":false},"excerpt":{"rendered":"<p>Liya Lu, Pelin \u00d6zer\u2019in 2004-2021 y\u0131llar\u0131 aras\u0131nda yazd\u0131\u011f\u0131 \u015fiirlerden geni\u015f bir kesiti d\u00f6rt b\u00f6l\u00fcm halinde bulu\u015fturuyor. \u201cEn eski masal\u201da, a\u015fka, ba\u015flayana ve bitene, lekesi aya vurdu\u011funda<span class=\"excerpt-hellip\"> [\u2026]<\/span><\/p>\n","protected":false},"featured_media":0,"template":"","meta":{"_monsterinsights_skip_tracking":false,"_monsterinsights_sitenote_active":false,"_monsterinsights_sitenote_note":"","_monsterinsights_sitenote_category":0},"product_brand":[],"product_cat":[12291,12509],"product_tag":[],"class_list":{"0":"post-733243","1":"product","2":"type-product","3":"status-publish","5":"product_cat-edebiyat","6":"product_cat-siir","7":"pa_cilt-ciltsiz","8":"pa_tur-kitap","9":"pa_yayinevi-ayrinti-yayinlari","10":"pa_yazar-pelin-ozer","12":"first","13":"instock","14":"sale","15":"shipping-taxable","16":"purchasable","17":"product-type-simple"},"_links":{"self":[{"href":"https:\/\/roveyayinevi.com.tr\/index.php\/wp-json\/wp\/v2\/product\/733243","targetHints":{"allow":["GET"]}}],"collection":[{"href":"https:\/\/roveyayinevi.com.tr\/index.php\/wp-json\/wp\/v2\/product"}],"about":[{"href":"https:\/\/roveyayinevi.com.tr\/index.php\/wp-json\/wp\/v2\/types\/product"}],"wp:attachment":[{"href":"https:\/\/roveyayinevi.com.tr\/index.php\/wp-json\/wp\/v2\/media?parent=733243"}],"wp:term":[{"taxonomy":"product_brand","embeddable":true,"href":"https:\/\/roveyayinevi.com.tr\/index.php\/wp-json\/wp\/v2\/product_brand?post=733243"},{"taxonomy":"product_cat","embeddable":true,"href":"https:\/\/roveyayinevi.com.tr\/index.php\/wp-json\/wp\/v2\/product_cat?post=733243"},{"taxonomy":"product_tag","embeddable":true,"href":"https:\/\/roveyayinevi.com.tr\/index.php\/wp-json\/wp\/v2\/product_tag?post=733243"}],"curies":[{"name":"wp","href":"https:\/\/api.w.org\/{rel}","templated":true}]}}