{"id":733242,"date":"2025-08-27T22:06:25","date_gmt":"2025-08-27T19:06:25","guid":{"rendered":"https:\/\/roveyayinevi.com.tr\/index.php\/urun\/meftun-duygular\/"},"modified":"2026-04-16T02:40:54","modified_gmt":"2026-04-15T23:40:54","slug":"meftun-duygular","status":"publish","type":"product","link":"https:\/\/roveyayinevi.com.tr\/index.php\/urun\/meftun-duygular\/","title":{"rendered":"Meftun Duygular"},"content":{"rendered":"<p>Sevgili okuyucular\u0131m\u0131z!   Uzun zamand\u0131r yazd\u0131\u011f\u0131m\u0131z; Bayrak, Vatan, Millet, Atat\u00fcrk, A\u015fk temal\u0131 \u015fiirleri, a\u011fabeyim Bilal Ye\u015filyurt ile birlikte harmanlay\u0131p, siz de\u011ferli okuyucular\u0131n be\u011fenisine sunduk. Yediden yetmi\u015f yediye herkesin be\u011feniyle okuyaca\u011f\u0131 bir kitap haz\u0131rlad\u0131k. Herkesin, bu kitapta be\u011feniyle okuyaca\u011f\u0131 bir \u015fiirin oldu\u011funu d\u00fc\u015f\u00fcn\u00fcyoruz.   Okuyan g\u00f6zlerinize, be\u011fenen kalbinize nurlar ya\u011fs\u0131n. Ayd\u0131nl\u0131k yar\u0131nlar sizlerin olsun. Selam ve sevgilerimizi sunuyoruz\u2026   Nebi YE\u015e\u0130LYURT   Bilal YE\u015e\u0130LYURT <\/p>\n","protected":false},"excerpt":{"rendered":"<p>Sevgili okuyucular\u0131m\u0131z! Uzun zamand\u0131r yazd\u0131\u011f\u0131m\u0131z; Bayrak, Vatan, Millet, Atat\u00fcrk, A\u015fk temal\u0131 \u015fiirleri, a\u011fabeyim Bilal Ye\u015filyurt ile birlikte harmanlay\u0131p, siz de\u011ferli okuyucular\u0131n be\u011fenisine sunduk. Yediden yetmi\u015f yediye<span class=\"excerpt-hellip\"> [\u2026]<\/span><\/p>\n","protected":false},"featured_media":0,"template":"","meta":{"_monsterinsights_skip_tracking":false,"_monsterinsights_sitenote_active":false,"_monsterinsights_sitenote_note":"","_monsterinsights_sitenote_category":0},"product_brand":[],"product_cat":[12291,12509],"product_tag":[],"class_list":{"0":"post-733242","1":"product","2":"type-product","3":"status-publish","5":"product_cat-edebiyat","6":"product_cat-siir","7":"pa_cilt-ciltsiz","8":"pa_tur-kitap","9":"pa_yayinevi-gulnar-yayinlari","10":"pa_yazar-nebi-yesilyurt-bilal-yesilyurt","12":"first","13":"instock","14":"sale","15":"shipping-taxable","16":"purchasable","17":"product-type-simple"},"_links":{"self":[{"href":"https:\/\/roveyayinevi.com.tr\/index.php\/wp-json\/wp\/v2\/product\/733242","targetHints":{"allow":["GET"]}}],"collection":[{"href":"https:\/\/roveyayinevi.com.tr\/index.php\/wp-json\/wp\/v2\/product"}],"about":[{"href":"https:\/\/roveyayinevi.com.tr\/index.php\/wp-json\/wp\/v2\/types\/product"}],"wp:attachment":[{"href":"https:\/\/roveyayinevi.com.tr\/index.php\/wp-json\/wp\/v2\/media?parent=733242"}],"wp:term":[{"taxonomy":"product_brand","embeddable":true,"href":"https:\/\/roveyayinevi.com.tr\/index.php\/wp-json\/wp\/v2\/product_brand?post=733242"},{"taxonomy":"product_cat","embeddable":true,"href":"https:\/\/roveyayinevi.com.tr\/index.php\/wp-json\/wp\/v2\/product_cat?post=733242"},{"taxonomy":"product_tag","embeddable":true,"href":"https:\/\/roveyayinevi.com.tr\/index.php\/wp-json\/wp\/v2\/product_tag?post=733242"}],"curies":[{"name":"wp","href":"https:\/\/api.w.org\/{rel}","templated":true}]}}