{"id":733241,"date":"2025-08-27T22:06:24","date_gmt":"2025-08-27T19:06:24","guid":{"rendered":"https:\/\/roveyayinevi.com.tr\/index.php\/urun\/dunyayi-degistirmenin-101-kolay-yolu\/"},"modified":"2026-04-16T02:40:53","modified_gmt":"2026-04-15T23:40:53","slug":"dunyayi-degistirmenin-101-kolay-yolu","status":"publish","type":"product","link":"https:\/\/roveyayinevi.com.tr\/index.php\/urun\/dunyayi-degistirmenin-101-kolay-yolu\/","title":{"rendered":"D\u00fcnyay\u0131 De\u011fi\u015ftirmenin 101 Kolay Yolu"},"content":{"rendered":"<p>\u201cD\u00fcnyay\u0131 de\u011fi\u015ftirmek\u201d kula\u011fa iddial\u0131 gelse de asl\u0131nda sadece bir ki\u015finin farkl\u0131 d\u00fc\u015f\u00fcnmesi ve davranmas\u0131yla bile m\u00fcmk\u00fcn. Bu iddial\u0131 g\u00f6revi yerine getiren ki\u015fi sen olabilirsin! D\u00fcnyay\u0131 k\u00fc\u00e7\u00fcc\u00fck ad\u0131mlarla ve \u00fcstelik e\u011flenerek de\u011fi\u015ftirebilirsin! Nas\u0131l m\u0131? Bu a\u015f\u0131r\u0131 \u00f6nemli g\u00f6rev i\u00e7in tam 101 tane kolay \u00f6nerimiz var. D\u00fcnyay\u0131 De\u011fi\u015ftirmenin 101 Kolay Yolu\u2019nda senin i\u00e7in k\u00fc\u00e7\u00fck d\u00fcnya i\u00e7in b\u00fcy\u00fck ad\u0131mlar\u0131 atman\u0131 sa\u011flayacak pratik ve s\u00fcrd\u00fcr\u00fclebilir tavsiyeler var. Evdeki g\u00fcndelik rutinlerinden sosyal ili\u015fkilerine; okul, seyahat, al\u0131\u015fveri\u015f al\u0131\u015fkanl\u0131klar\u0131ndan \u00e7evrende olan bitene verdi\u011fin reaksiyonlara kadar, d\u00fcnyay\u0131 de\u011fi\u015ftirmenin bir s\u00fcr\u00fc yolu var! \u0130ster karton kutulardan oyunlar tasarla, ister eski oyuncaklar\u0131n\u0131 sat\u0131p ba\u011f\u0131\u015fla! Yetmezse kendi bah\u00e7eni d\u00fczenle. Payla\u015f, oku, anlat, sev, ye veya sadece ko\u015f! Yapacaklar\u0131n, sokaktaki k\u00fc\u00e7\u00fck dostlar\u0131m\u0131zdan bah\u00e7edeki a\u011fa\u00e7lara, minik bir fideden u\u00e7suz bucaks\u0131z denizlere kadar gezegenin t\u00fcm sakinlerinin hayat\u0131n\u0131 kurtaracak. Hadi, ilk ad\u0131m\u0131 sen at, i\u015fe kendi d\u00fcnyandan ba\u015fla! G\u00f6receksin, d\u00fcnya h\u0131zla de\u011fi\u015fecek.<\/p>\n","protected":false},"excerpt":{"rendered":"<p>\u201cD\u00fcnyay\u0131 de\u011fi\u015ftirmek\u201d kula\u011fa iddial\u0131 gelse de asl\u0131nda sadece bir ki\u015finin farkl\u0131 d\u00fc\u015f\u00fcnmesi ve davranmas\u0131yla bile m\u00fcmk\u00fcn. Bu iddial\u0131 g\u00f6revi yerine getiren ki\u015fi sen olabilirsin! D\u00fcnyay\u0131 k\u00fc\u00e7\u00fcc\u00fck<span class=\"excerpt-hellip\"> [\u2026]<\/span><\/p>\n","protected":false},"featured_media":0,"template":"","meta":{"_monsterinsights_skip_tracking":false,"_monsterinsights_sitenote_active":false,"_monsterinsights_sitenote_note":"","_monsterinsights_sitenote_category":0},"product_brand":[],"product_cat":[12274,12631],"product_tag":[],"class_list":{"0":"post-733241","1":"product","2":"type-product","3":"status-publish","5":"product_cat-cocuk-ve-genclik-kitaplari","6":"product_cat-diger-cocuk-ve-genclik-kitaplari","7":"pa_cilt-ciltsiz","8":"pa_tur-kitap","9":"pa_yayinevi-taze-kitap","10":"pa_yazar-aubre-andrus","12":"first","13":"instock","14":"sale","15":"shipping-taxable","16":"purchasable","17":"product-type-simple"},"_links":{"self":[{"href":"https:\/\/roveyayinevi.com.tr\/index.php\/wp-json\/wp\/v2\/product\/733241","targetHints":{"allow":["GET"]}}],"collection":[{"href":"https:\/\/roveyayinevi.com.tr\/index.php\/wp-json\/wp\/v2\/product"}],"about":[{"href":"https:\/\/roveyayinevi.com.tr\/index.php\/wp-json\/wp\/v2\/types\/product"}],"wp:attachment":[{"href":"https:\/\/roveyayinevi.com.tr\/index.php\/wp-json\/wp\/v2\/media?parent=733241"}],"wp:term":[{"taxonomy":"product_brand","embeddable":true,"href":"https:\/\/roveyayinevi.com.tr\/index.php\/wp-json\/wp\/v2\/product_brand?post=733241"},{"taxonomy":"product_cat","embeddable":true,"href":"https:\/\/roveyayinevi.com.tr\/index.php\/wp-json\/wp\/v2\/product_cat?post=733241"},{"taxonomy":"product_tag","embeddable":true,"href":"https:\/\/roveyayinevi.com.tr\/index.php\/wp-json\/wp\/v2\/product_tag?post=733241"}],"curies":[{"name":"wp","href":"https:\/\/api.w.org\/{rel}","templated":true}]}}