{"id":733238,"date":"2025-08-27T22:06:20","date_gmt":"2025-08-27T19:06:20","guid":{"rendered":"https:\/\/roveyayinevi.com.tr\/index.php\/urun\/ecenin-mukemmel-cantasi\/"},"modified":"2026-04-16T02:40:53","modified_gmt":"2026-04-15T23:40:53","slug":"ecenin-mukemmel-cantasi","status":"publish","type":"product","link":"https:\/\/roveyayinevi.com.tr\/index.php\/urun\/ecenin-mukemmel-cantasi\/","title":{"rendered":"Ece\u2019nin M\u00fckemmel \u00c7antas\u0131"},"content":{"rendered":"<p>Ece \u00e7antalara bay\u0131l\u0131yor. Do\u011fruyu s\u00f6ylemek gerekirse Ece\u2019ye \u00e7anta dendi mi akan sular duruyor. El \u00e7antas\u0131, s\u0131rt \u00e7antas\u0131, para \u00e7antas\u0131, her boyda, her renkte, her \u015fekilde \u00e7antalar\u0131 var. Ama s\u0131n\u0131f arkada\u015f\u0131 okula yeni bir \u00e7antayla gelince, haliyle Ece\u2019nin de yeni bir \u00e7anta almas\u0131 gerekiyor! Bakal\u0131m annesiyle birlikte bu i\u015fe bir \u00e7\u00f6z\u00fcm bulabilecekler mi? Ece yeni \u00e7antas\u0131na kavu\u015fabilecek mi? <\/p>\n","protected":false},"excerpt":{"rendered":"<p>Ece \u00e7antalara bay\u0131l\u0131yor. Do\u011fruyu s\u00f6ylemek gerekirse Ece\u2019ye \u00e7anta dendi mi akan sular duruyor. El \u00e7antas\u0131, s\u0131rt \u00e7antas\u0131, para \u00e7antas\u0131, her boyda, her renkte, her \u015fekilde \u00e7antalar\u0131<span class=\"excerpt-hellip\"> [\u2026]<\/span><\/p>\n","protected":false},"featured_media":0,"template":"","meta":{"_monsterinsights_skip_tracking":false,"_monsterinsights_sitenote_active":false,"_monsterinsights_sitenote_note":"","_monsterinsights_sitenote_category":0},"product_brand":[],"product_cat":[12274,12518],"product_tag":[],"class_list":{"0":"post-733238","1":"product","2":"type-product","3":"status-publish","5":"product_cat-cocuk-ve-genclik-kitaplari","6":"product_cat-okul-oncesi-kitaplar","7":"pa_cilt-ciltsiz","8":"pa_tur-kitap","9":"pa_yayinevi-is-bankasi-kultur-yayinlari","10":"pa_yazar-claire-smedley","12":"first","13":"instock","14":"sale","15":"shipping-taxable","16":"purchasable","17":"product-type-simple"},"_links":{"self":[{"href":"https:\/\/roveyayinevi.com.tr\/index.php\/wp-json\/wp\/v2\/product\/733238","targetHints":{"allow":["GET"]}}],"collection":[{"href":"https:\/\/roveyayinevi.com.tr\/index.php\/wp-json\/wp\/v2\/product"}],"about":[{"href":"https:\/\/roveyayinevi.com.tr\/index.php\/wp-json\/wp\/v2\/types\/product"}],"wp:attachment":[{"href":"https:\/\/roveyayinevi.com.tr\/index.php\/wp-json\/wp\/v2\/media?parent=733238"}],"wp:term":[{"taxonomy":"product_brand","embeddable":true,"href":"https:\/\/roveyayinevi.com.tr\/index.php\/wp-json\/wp\/v2\/product_brand?post=733238"},{"taxonomy":"product_cat","embeddable":true,"href":"https:\/\/roveyayinevi.com.tr\/index.php\/wp-json\/wp\/v2\/product_cat?post=733238"},{"taxonomy":"product_tag","embeddable":true,"href":"https:\/\/roveyayinevi.com.tr\/index.php\/wp-json\/wp\/v2\/product_tag?post=733238"}],"curies":[{"name":"wp","href":"https:\/\/api.w.org\/{rel}","templated":true}]}}