{"id":733235,"date":"2025-08-27T22:06:17","date_gmt":"2025-08-27T19:06:17","guid":{"rendered":"https:\/\/roveyayinevi.com.tr\/index.php\/urun\/ormanda-bir-yuruyus\/"},"modified":"2026-04-16T02:40:53","modified_gmt":"2026-04-15T23:40:53","slug":"ormanda-bir-yuruyus","status":"publish","type":"product","link":"https:\/\/roveyayinevi.com.tr\/index.php\/urun\/ormanda-bir-yuruyus\/","title":{"rendered":"Ormanda Bir Y\u00fcr\u00fcy\u00fc\u015f"},"content":{"rendered":"<p>K\u00fc\u00e7\u00fck Pamuk \u00c7\u0131kmak Istemiyor Evden Ama Dede Israr Ediyor, Neden? \u00c7\u00fcnk\u00fc Dede Bay\u0131l\u0131yor Gezmeye Pamuk Ile Birlikte! Sonra Ba\u015fl\u0131yor Avustralya\u2019da Yaban Hayat\u0131n I\u00e7inde, Valabi S\u00fcrprizleriyle, Gizli T\u0131rt\u0131l Mesajlar\u0131yla, Sak\u0131yan Ku\u015flarla Ve Dede\u2019nin Sonu Gelmeyen Esprileriyle Dolu Harika Bir Yolculuk\u2026 Do\u011fa Harikalari, Hayatin Ne\u015feli Yanlari Ve Sevdiklerimizle Zaman Ge\u00e7irmenin Tadina Doyulmaz G\u00fczelli\u011fi \u00dczerine Bir \u00d6yk\u00fc. <\/p>\n","protected":false},"excerpt":{"rendered":"<p>K\u00fc\u00e7\u00fck Pamuk \u00c7\u0131kmak Istemiyor Evden Ama Dede Israr Ediyor, Neden? \u00c7\u00fcnk\u00fc Dede Bay\u0131l\u0131yor Gezmeye Pamuk Ile Birlikte! Sonra Ba\u015fl\u0131yor Avustralya\u2019da Yaban Hayat\u0131n I\u00e7inde, Valabi S\u00fcrprizleriyle, Gizli<span class=\"excerpt-hellip\"> [\u2026]<\/span><\/p>\n","protected":false},"featured_media":0,"template":"","meta":{"_monsterinsights_skip_tracking":false,"_monsterinsights_sitenote_active":false,"_monsterinsights_sitenote_note":"","_monsterinsights_sitenote_category":0},"product_brand":[],"product_cat":[12274,12518],"product_tag":[],"class_list":{"0":"post-733235","1":"product","2":"type-product","3":"status-publish","5":"product_cat-cocuk-ve-genclik-kitaplari","6":"product_cat-okul-oncesi-kitaplar","7":"pa_cilt-ciltsiz","8":"pa_tur-kitap","9":"pa_yayinevi-is-bankasi-kultur-yayinlari","10":"pa_yazar-gwyn-perkins","12":"first","13":"instock","14":"sale","15":"shipping-taxable","16":"purchasable","17":"product-type-simple"},"_links":{"self":[{"href":"https:\/\/roveyayinevi.com.tr\/index.php\/wp-json\/wp\/v2\/product\/733235","targetHints":{"allow":["GET"]}}],"collection":[{"href":"https:\/\/roveyayinevi.com.tr\/index.php\/wp-json\/wp\/v2\/product"}],"about":[{"href":"https:\/\/roveyayinevi.com.tr\/index.php\/wp-json\/wp\/v2\/types\/product"}],"wp:attachment":[{"href":"https:\/\/roveyayinevi.com.tr\/index.php\/wp-json\/wp\/v2\/media?parent=733235"}],"wp:term":[{"taxonomy":"product_brand","embeddable":true,"href":"https:\/\/roveyayinevi.com.tr\/index.php\/wp-json\/wp\/v2\/product_brand?post=733235"},{"taxonomy":"product_cat","embeddable":true,"href":"https:\/\/roveyayinevi.com.tr\/index.php\/wp-json\/wp\/v2\/product_cat?post=733235"},{"taxonomy":"product_tag","embeddable":true,"href":"https:\/\/roveyayinevi.com.tr\/index.php\/wp-json\/wp\/v2\/product_tag?post=733235"}],"curies":[{"name":"wp","href":"https:\/\/api.w.org\/{rel}","templated":true}]}}