{"id":733234,"date":"2025-08-27T22:06:16","date_gmt":"2025-08-27T19:06:16","guid":{"rendered":"https:\/\/roveyayinevi.com.tr\/index.php\/urun\/panayirda-bir-gun\/"},"modified":"2026-04-16T02:40:53","modified_gmt":"2026-04-15T23:40:53","slug":"panayirda-bir-gun","status":"publish","type":"product","link":"https:\/\/roveyayinevi.com.tr\/index.php\/urun\/panayirda-bir-gun\/","title":{"rendered":"Panay\u0131rda Bir G\u00fcn"},"content":{"rendered":"<p>\u201cG\u00f6rd\u00fcn m\u00fc Pamuk? Yine m\u00fckemmel bir yumurta yumurtlad\u0131 Dora denen bu g\u00fczel tavuk.\u201d Dede ve K\u00fc\u00e7\u00fck Pamuk, Dora\u2019y\u0131 panay\u0131rdaki yar\u0131\u015fmaya sokmak istiyorlar Onun b\u00fcy\u00fck \u00f6d\u00fcl\u00fc kazanaca\u011f\u0131n\u0131 d\u00fc\u015f\u00fcn\u00fcyorlar.E\u011flence dolu, reng\u00e2renk panay\u0131ra yap\u0131lan bir aile yolculu\u011fu. Atl\u0131kar\u0131ncalar, d\u00f6nme dolaplar, f\u0131r\u0131l f\u0131r\u0131l d\u00f6nen fincanlar, bir\u00e7ok hayvan ve heyecanl\u0131 yar\u0131\u015fmalar\u2026Aile Boyu Maceralar, Panay\u0131r\u0131n Sihirli D\u00fcnyas\u0131 Ve Minik \u00c7arp\u0131\u015fan Arabalar\u0131n Tad\u0131na Doyulmaz Keyf\u0130!<\/p>\n","protected":false},"excerpt":{"rendered":"<p>\u201cG\u00f6rd\u00fcn m\u00fc Pamuk? Yine m\u00fckemmel bir yumurta yumurtlad\u0131 Dora denen bu g\u00fczel tavuk.\u201d Dede ve K\u00fc\u00e7\u00fck Pamuk, Dora\u2019y\u0131 panay\u0131rdaki yar\u0131\u015fmaya sokmak istiyorlar Onun b\u00fcy\u00fck \u00f6d\u00fcl\u00fc kazanaca\u011f\u0131n\u0131<span class=\"excerpt-hellip\"> [\u2026]<\/span><\/p>\n","protected":false},"featured_media":0,"template":"","meta":{"_monsterinsights_skip_tracking":false,"_monsterinsights_sitenote_active":false,"_monsterinsights_sitenote_note":"","_monsterinsights_sitenote_category":0},"product_brand":[],"product_cat":[12274,12518],"product_tag":[],"class_list":{"0":"post-733234","1":"product","2":"type-product","3":"status-publish","5":"product_cat-cocuk-ve-genclik-kitaplari","6":"product_cat-okul-oncesi-kitaplar","7":"pa_cilt-ciltsiz","8":"pa_tur-kitap","9":"pa_yayinevi-is-bankasi-kultur-yayinlari","10":"pa_yazar-gwyn-perkins","12":"first","13":"instock","14":"sale","15":"shipping-taxable","16":"purchasable","17":"product-type-simple"},"_links":{"self":[{"href":"https:\/\/roveyayinevi.com.tr\/index.php\/wp-json\/wp\/v2\/product\/733234","targetHints":{"allow":["GET"]}}],"collection":[{"href":"https:\/\/roveyayinevi.com.tr\/index.php\/wp-json\/wp\/v2\/product"}],"about":[{"href":"https:\/\/roveyayinevi.com.tr\/index.php\/wp-json\/wp\/v2\/types\/product"}],"wp:attachment":[{"href":"https:\/\/roveyayinevi.com.tr\/index.php\/wp-json\/wp\/v2\/media?parent=733234"}],"wp:term":[{"taxonomy":"product_brand","embeddable":true,"href":"https:\/\/roveyayinevi.com.tr\/index.php\/wp-json\/wp\/v2\/product_brand?post=733234"},{"taxonomy":"product_cat","embeddable":true,"href":"https:\/\/roveyayinevi.com.tr\/index.php\/wp-json\/wp\/v2\/product_cat?post=733234"},{"taxonomy":"product_tag","embeddable":true,"href":"https:\/\/roveyayinevi.com.tr\/index.php\/wp-json\/wp\/v2\/product_tag?post=733234"}],"curies":[{"name":"wp","href":"https:\/\/api.w.org\/{rel}","templated":true}]}}