{"id":733233,"date":"2025-08-27T22:06:15","date_gmt":"2025-08-27T19:06:15","guid":{"rendered":"https:\/\/roveyayinevi.com.tr\/index.php\/urun\/gofretin-hurdaligi\/"},"modified":"2026-04-16T02:40:53","modified_gmt":"2026-04-15T23:40:53","slug":"gofretin-hurdaligi","status":"publish","type":"product","link":"https:\/\/roveyayinevi.com.tr\/index.php\/urun\/gofretin-hurdaligi\/","title":{"rendered":"Gofret\u2019in Hurdal\u0131\u011f\u0131"},"content":{"rendered":"<p>Gofret geri d\u00f6n\u00fc\u015f\u00fcm\u00fc seviyor. E\u015fyalar\u0131 \u00e7\u00f6pe atmaktan ho\u015flanm\u0131yor. Gofret, eski arabalar\u0131n ve \u00e7\u00f6pe at\u0131lan \u0131v\u0131r z\u0131v\u0131rlar\u0131n oldu\u011fu hurdal\u0131\u011f\u0131nda, kimsenin istemedi\u011fi \u015feylerden p\u0131r\u0131l p\u0131r\u0131l, m\u00fckemmel bir \u015fey yap\u0131yor. Sence ne olabilir?<\/p>\n","protected":false},"excerpt":{"rendered":"<p>Gofret geri d\u00f6n\u00fc\u015f\u00fcm\u00fc seviyor. E\u015fyalar\u0131 \u00e7\u00f6pe atmaktan ho\u015flanm\u0131yor. Gofret, eski arabalar\u0131n ve \u00e7\u00f6pe at\u0131lan \u0131v\u0131r z\u0131v\u0131rlar\u0131n oldu\u011fu hurdal\u0131\u011f\u0131nda, kimsenin istemedi\u011fi \u015feylerden p\u0131r\u0131l p\u0131r\u0131l, m\u00fckemmel bir \u015fey<span class=\"excerpt-hellip\"> [\u2026]<\/span><\/p>\n","protected":false},"featured_media":0,"template":"","meta":{"_monsterinsights_skip_tracking":false,"_monsterinsights_sitenote_active":false,"_monsterinsights_sitenote_note":"","_monsterinsights_sitenote_category":0},"product_brand":[],"product_cat":[12274,12518],"product_tag":[],"class_list":{"0":"post-733233","1":"product","2":"type-product","3":"status-publish","5":"product_cat-cocuk-ve-genclik-kitaplari","6":"product_cat-okul-oncesi-kitaplar","7":"pa_cilt-ciltsiz","8":"pa_tur-kitap","9":"pa_yayinevi-is-bankasi-kultur-yayinlari","10":"pa_yazar-gary-boller","12":"first","13":"instock","14":"sale","15":"shipping-taxable","16":"purchasable","17":"product-type-simple"},"_links":{"self":[{"href":"https:\/\/roveyayinevi.com.tr\/index.php\/wp-json\/wp\/v2\/product\/733233","targetHints":{"allow":["GET"]}}],"collection":[{"href":"https:\/\/roveyayinevi.com.tr\/index.php\/wp-json\/wp\/v2\/product"}],"about":[{"href":"https:\/\/roveyayinevi.com.tr\/index.php\/wp-json\/wp\/v2\/types\/product"}],"wp:attachment":[{"href":"https:\/\/roveyayinevi.com.tr\/index.php\/wp-json\/wp\/v2\/media?parent=733233"}],"wp:term":[{"taxonomy":"product_brand","embeddable":true,"href":"https:\/\/roveyayinevi.com.tr\/index.php\/wp-json\/wp\/v2\/product_brand?post=733233"},{"taxonomy":"product_cat","embeddable":true,"href":"https:\/\/roveyayinevi.com.tr\/index.php\/wp-json\/wp\/v2\/product_cat?post=733233"},{"taxonomy":"product_tag","embeddable":true,"href":"https:\/\/roveyayinevi.com.tr\/index.php\/wp-json\/wp\/v2\/product_tag?post=733233"}],"curies":[{"name":"wp","href":"https:\/\/api.w.org\/{rel}","templated":true}]}}