{"id":733232,"date":"2025-08-27T22:06:14","date_gmt":"2025-08-27T19:06:14","guid":{"rendered":"https:\/\/roveyayinevi.com.tr\/index.php\/urun\/mukemmel-hediye\/"},"modified":"2026-04-16T02:40:53","modified_gmt":"2026-04-15T23:40:53","slug":"mukemmel-hediye","status":"publish","type":"product","link":"https:\/\/roveyayinevi.com.tr\/index.php\/urun\/mukemmel-hediye\/","title":{"rendered":"M\u00fckemmel Hediye"},"content":{"rendered":"<p>Bir g\u00fcn, Milo uyan\u0131r ve \u00e7ok, \u00c7OK \u00f6nemli bir \u015fey unuttu\u011funu fark eder. Arkada\u015f\u0131 Mia\u2019n\u0131n do\u011fum g\u00fcn\u00fcd\u00fcr ve ona hediye almam\u0131\u015ft\u0131r! Milo tela\u015fla orman\u0131 aramaya ba\u015flar, acaba m\u00fckemmel do\u011fum g\u00fcn\u00fc hediyesini bulabilecek midir?<\/p>\n","protected":false},"excerpt":{"rendered":"<p>Bir g\u00fcn, Milo uyan\u0131r ve \u00e7ok, \u00c7OK \u00f6nemli bir \u015fey unuttu\u011funu fark eder. Arkada\u015f\u0131 Mia\u2019n\u0131n do\u011fum g\u00fcn\u00fcd\u00fcr ve ona hediye almam\u0131\u015ft\u0131r! Milo tela\u015fla orman\u0131 aramaya ba\u015flar,<span class=\"excerpt-hellip\"> [\u2026]<\/span><\/p>\n","protected":false},"featured_media":0,"template":"","meta":{"_monsterinsights_skip_tracking":false,"_monsterinsights_sitenote_active":false,"_monsterinsights_sitenote_note":"","_monsterinsights_sitenote_category":0},"product_brand":[],"product_cat":[12274,12518],"product_tag":[],"class_list":{"0":"post-733232","1":"product","2":"type-product","3":"status-publish","5":"product_cat-cocuk-ve-genclik-kitaplari","6":"product_cat-okul-oncesi-kitaplar","7":"pa_cilt-ciltsiz","8":"pa_tur-kitap","9":"pa_yayinevi-is-bankasi-kultur-yayinlari","10":"pa_yazar-benjamin-richards-louise","12":"first","13":"instock","14":"sale","15":"shipping-taxable","16":"purchasable","17":"product-type-simple"},"_links":{"self":[{"href":"https:\/\/roveyayinevi.com.tr\/index.php\/wp-json\/wp\/v2\/product\/733232","targetHints":{"allow":["GET"]}}],"collection":[{"href":"https:\/\/roveyayinevi.com.tr\/index.php\/wp-json\/wp\/v2\/product"}],"about":[{"href":"https:\/\/roveyayinevi.com.tr\/index.php\/wp-json\/wp\/v2\/types\/product"}],"wp:attachment":[{"href":"https:\/\/roveyayinevi.com.tr\/index.php\/wp-json\/wp\/v2\/media?parent=733232"}],"wp:term":[{"taxonomy":"product_brand","embeddable":true,"href":"https:\/\/roveyayinevi.com.tr\/index.php\/wp-json\/wp\/v2\/product_brand?post=733232"},{"taxonomy":"product_cat","embeddable":true,"href":"https:\/\/roveyayinevi.com.tr\/index.php\/wp-json\/wp\/v2\/product_cat?post=733232"},{"taxonomy":"product_tag","embeddable":true,"href":"https:\/\/roveyayinevi.com.tr\/index.php\/wp-json\/wp\/v2\/product_tag?post=733232"}],"curies":[{"name":"wp","href":"https:\/\/api.w.org\/{rel}","templated":true}]}}