{"id":733231,"date":"2025-08-27T22:06:13","date_gmt":"2025-08-27T19:06:13","guid":{"rendered":"https:\/\/roveyayinevi.com.tr\/index.php\/urun\/hiku\/"},"modified":"2026-04-16T02:40:53","modified_gmt":"2026-04-15T23:40:53","slug":"hiku","status":"publish","type":"product","link":"https:\/\/roveyayinevi.com.tr\/index.php\/urun\/hiku\/","title":{"rendered":"Hiku"},"content":{"rendered":"<p>\u00d6nemli aile ziyaretinden ka\u00e7an sevimli penguen Hiku\u2019ya kat\u0131l! Hiku, aileyle birlikte olmak yerine yaln\u0131z kalman\u0131n o kadar da e\u011flenceli olmad\u0131\u011f\u0131n\u0131 anlayacak m\u0131? \u00c7ocuklar, kalp \u015feklindeki karn\u0131yla her sayfada dikkat \u00e7eken Hiku\u2019yu bulurken \u00e7ok e\u011flenecekler!<\/p>\n","protected":false},"excerpt":{"rendered":"<p>\u00d6nemli aile ziyaretinden ka\u00e7an sevimli penguen Hiku\u2019ya kat\u0131l! Hiku, aileyle birlikte olmak yerine yaln\u0131z kalman\u0131n o kadar da e\u011flenceli olmad\u0131\u011f\u0131n\u0131 anlayacak m\u0131? \u00c7ocuklar, kalp \u015feklindeki karn\u0131yla<span class=\"excerpt-hellip\"> [\u2026]<\/span><\/p>\n","protected":false},"featured_media":0,"template":"","meta":{"_monsterinsights_skip_tracking":false,"_monsterinsights_sitenote_active":false,"_monsterinsights_sitenote_note":"","_monsterinsights_sitenote_category":0},"product_brand":[],"product_cat":[12274,12518],"product_tag":[],"class_list":{"0":"post-733231","1":"product","2":"type-product","3":"status-publish","5":"product_cat-cocuk-ve-genclik-kitaplari","6":"product_cat-okul-oncesi-kitaplar","7":"pa_cilt-ciltsiz","8":"pa_tur-kitap","9":"pa_yayinevi-is-bankasi-kultur-yayinlari","10":"pa_yazar-nicole-snitselaar","12":"first","13":"instock","14":"sale","15":"shipping-taxable","16":"purchasable","17":"product-type-simple"},"_links":{"self":[{"href":"https:\/\/roveyayinevi.com.tr\/index.php\/wp-json\/wp\/v2\/product\/733231","targetHints":{"allow":["GET"]}}],"collection":[{"href":"https:\/\/roveyayinevi.com.tr\/index.php\/wp-json\/wp\/v2\/product"}],"about":[{"href":"https:\/\/roveyayinevi.com.tr\/index.php\/wp-json\/wp\/v2\/types\/product"}],"wp:attachment":[{"href":"https:\/\/roveyayinevi.com.tr\/index.php\/wp-json\/wp\/v2\/media?parent=733231"}],"wp:term":[{"taxonomy":"product_brand","embeddable":true,"href":"https:\/\/roveyayinevi.com.tr\/index.php\/wp-json\/wp\/v2\/product_brand?post=733231"},{"taxonomy":"product_cat","embeddable":true,"href":"https:\/\/roveyayinevi.com.tr\/index.php\/wp-json\/wp\/v2\/product_cat?post=733231"},{"taxonomy":"product_tag","embeddable":true,"href":"https:\/\/roveyayinevi.com.tr\/index.php\/wp-json\/wp\/v2\/product_tag?post=733231"}],"curies":[{"name":"wp","href":"https:\/\/api.w.org\/{rel}","templated":true}]}}