{"id":733230,"date":"2025-08-27T22:06:12","date_gmt":"2025-08-27T19:06:12","guid":{"rendered":"https:\/\/roveyayinevi.com.tr\/index.php\/urun\/sihirli-hayvanlar\/"},"modified":"2026-04-16T02:40:53","modified_gmt":"2026-04-15T23:40:53","slug":"sihirli-hayvanlar","status":"publish","type":"product","link":"https:\/\/roveyayinevi.com.tr\/index.php\/urun\/sihirli-hayvanlar\/","title":{"rendered":"Sihirli Hayvanlar"},"content":{"rendered":"<p>K\u00fc\u00e7\u00fck bir \u00e7ocuk, boyad\u0131\u011f\u0131 bal\u0131k g\u00f6r\u00fcn\u00fcml\u00fc ta\u015f\u0131 yanl\u0131\u015fl\u0131kla suya d\u00fc\u015f\u00fcr\u00fcnce, g\u00f6zlerine inanamaz\u2026\u201cAniden bir \u0131\u015f\u0131k \u00e7akt\u0131, su fokurdamaya ba\u015flad\u0131 ve akvaryumun i\u00e7inde kabarc\u0131klar olu\u015ftu! Kerem geriye s\u0131\u00e7rad\u0131 ve akvaryumun i\u00e7inde yeni, renkli bir bal\u0131\u011f\u0131n y\u00fczd\u00fc\u011f\u00fcn\u00fc g\u00f6rd\u00fc. Kerem\u2019in boyad\u0131\u011f\u0131 ta\u015f canlanm\u0131\u015ft\u0131!\u201dCherie Zamazing\u2019in g\u00f6z al\u0131c\u0131 ill\u00fcstrasyonlar\u0131, k\u00fc\u00e7\u00fck bir \u00e7ocu\u011fun r\u00fcyalar\u0131nda bile g\u00f6remeyece\u011fi mucizeler kar\u015f\u0131s\u0131ndaki \u015fa\u015fk\u0131nl\u0131\u011f\u0131n\u0131 kusursuzca yans\u0131t\u0131yor.<\/p>\n","protected":false},"excerpt":{"rendered":"<p>K\u00fc\u00e7\u00fck bir \u00e7ocuk, boyad\u0131\u011f\u0131 bal\u0131k g\u00f6r\u00fcn\u00fcml\u00fc ta\u015f\u0131 yanl\u0131\u015fl\u0131kla suya d\u00fc\u015f\u00fcr\u00fcnce, g\u00f6zlerine inanamaz\u2026\u201cAniden bir \u0131\u015f\u0131k \u00e7akt\u0131, su fokurdamaya ba\u015flad\u0131 ve akvaryumun i\u00e7inde kabarc\u0131klar olu\u015ftu! Kerem geriye s\u0131\u00e7rad\u0131<span class=\"excerpt-hellip\"> [\u2026]<\/span><\/p>\n","protected":false},"featured_media":0,"template":"","meta":{"_monsterinsights_skip_tracking":false,"_monsterinsights_sitenote_active":false,"_monsterinsights_sitenote_note":"","_monsterinsights_sitenote_category":0},"product_brand":[],"product_cat":[12274,12518],"product_tag":[],"class_list":{"0":"post-733230","1":"product","2":"type-product","3":"status-publish","5":"product_cat-cocuk-ve-genclik-kitaplari","6":"product_cat-okul-oncesi-kitaplar","7":"pa_cilt-ciltsiz","8":"pa_tur-kitap","9":"pa_yayinevi-is-bankasi-kultur-yayinlari","10":"pa_yazar-cherie-zamazing","12":"first","13":"instock","14":"sale","15":"shipping-taxable","16":"purchasable","17":"product-type-simple"},"_links":{"self":[{"href":"https:\/\/roveyayinevi.com.tr\/index.php\/wp-json\/wp\/v2\/product\/733230","targetHints":{"allow":["GET"]}}],"collection":[{"href":"https:\/\/roveyayinevi.com.tr\/index.php\/wp-json\/wp\/v2\/product"}],"about":[{"href":"https:\/\/roveyayinevi.com.tr\/index.php\/wp-json\/wp\/v2\/types\/product"}],"wp:attachment":[{"href":"https:\/\/roveyayinevi.com.tr\/index.php\/wp-json\/wp\/v2\/media?parent=733230"}],"wp:term":[{"taxonomy":"product_brand","embeddable":true,"href":"https:\/\/roveyayinevi.com.tr\/index.php\/wp-json\/wp\/v2\/product_brand?post=733230"},{"taxonomy":"product_cat","embeddable":true,"href":"https:\/\/roveyayinevi.com.tr\/index.php\/wp-json\/wp\/v2\/product_cat?post=733230"},{"taxonomy":"product_tag","embeddable":true,"href":"https:\/\/roveyayinevi.com.tr\/index.php\/wp-json\/wp\/v2\/product_tag?post=733230"}],"curies":[{"name":"wp","href":"https:\/\/api.w.org\/{rel}","templated":true}]}}