{"id":733229,"date":"2025-08-27T22:05:38","date_gmt":"2025-08-27T19:05:38","guid":{"rendered":"https:\/\/roveyayinevi.com.tr\/index.php\/urun\/doktor-olacagim-2\/"},"modified":"2026-04-16T02:40:53","modified_gmt":"2026-04-15T23:40:53","slug":"doktor-olacagim-2","status":"publish","type":"product","link":"https:\/\/roveyayinevi.com.tr\/index.php\/urun\/doktor-olacagim-2\/","title":{"rendered":"Doktor Olaca\u011f\u0131m"},"content":{"rendered":"<p>Doktor Olmak \u0130stiyorsun Bunun \u0130\u00e7in Gereken Bilgi Ve Beceriye Sahip Misin?K\u0131sa ama \u00f6z bilgilerle dolu bu kitap, harika insan v\u00fccuduyla ve ona nas\u0131l bak\u0131labilece\u011fiyle ilgili merak etti\u011fin her \u015feyi \u00f6\u011frenmeni sa\u011flayacak.Basit g\u00f6revleri yerine getir ve ger\u00e7ek bir doktor olup insanlar\u0131n sa\u011fl\u0131kl\u0131 kalmas\u0131na yard\u0131m etmek i\u00e7in neler gerekti\u011fini ke\u015ffederken, pratik deneyim kazan.Bu seri, \u00e7ocuklar\u0131n STEAM konular\u0131na ve onlarla ba\u011flant\u0131l\u0131 muhte\u015fem mesleklere ilgi duymalar\u0131n\u0131 sa\u011flamay\u0131 ama\u00e7lamaktad\u0131r. \u00c7ocuklar bu seri ile doktorluktan m\u00fchendisli\u011fe bir\u00e7ok muhte\u015fem meslek i\u00e7in gerekli bilgi ve beceriler hakk\u0131nda fikir sahibi olacaklar.<\/p>\n","protected":false},"excerpt":{"rendered":"<p>Doktor Olmak \u0130stiyorsun Bunun \u0130\u00e7in Gereken Bilgi Ve Beceriye Sahip Misin?K\u0131sa ama \u00f6z bilgilerle dolu bu kitap, harika insan v\u00fccuduyla ve ona nas\u0131l bak\u0131labilece\u011fiyle ilgili merak<span class=\"excerpt-hellip\"> [\u2026]<\/span><\/p>\n","protected":false},"featured_media":0,"template":"","meta":{"_monsterinsights_skip_tracking":false,"_monsterinsights_sitenote_active":false,"_monsterinsights_sitenote_note":"","_monsterinsights_sitenote_category":0},"product_brand":[],"product_cat":[12274,12518],"product_tag":[],"class_list":{"0":"post-733229","1":"product","2":"type-product","3":"status-publish","5":"product_cat-cocuk-ve-genclik-kitaplari","6":"product_cat-okul-oncesi-kitaplar","7":"pa_cilt-ciltsiz","8":"pa_tur-kitap","9":"pa_yayinevi-is-bankasi-kultur-yayinlari","10":"pa_yazar-catherine-ard","12":"first","13":"instock","14":"sale","15":"shipping-taxable","16":"purchasable","17":"product-type-simple"},"_links":{"self":[{"href":"https:\/\/roveyayinevi.com.tr\/index.php\/wp-json\/wp\/v2\/product\/733229","targetHints":{"allow":["GET"]}}],"collection":[{"href":"https:\/\/roveyayinevi.com.tr\/index.php\/wp-json\/wp\/v2\/product"}],"about":[{"href":"https:\/\/roveyayinevi.com.tr\/index.php\/wp-json\/wp\/v2\/types\/product"}],"wp:attachment":[{"href":"https:\/\/roveyayinevi.com.tr\/index.php\/wp-json\/wp\/v2\/media?parent=733229"}],"wp:term":[{"taxonomy":"product_brand","embeddable":true,"href":"https:\/\/roveyayinevi.com.tr\/index.php\/wp-json\/wp\/v2\/product_brand?post=733229"},{"taxonomy":"product_cat","embeddable":true,"href":"https:\/\/roveyayinevi.com.tr\/index.php\/wp-json\/wp\/v2\/product_cat?post=733229"},{"taxonomy":"product_tag","embeddable":true,"href":"https:\/\/roveyayinevi.com.tr\/index.php\/wp-json\/wp\/v2\/product_tag?post=733229"}],"curies":[{"name":"wp","href":"https:\/\/api.w.org\/{rel}","templated":true}]}}