{"id":733228,"date":"2025-08-27T22:05:37","date_gmt":"2025-08-27T19:05:37","guid":{"rendered":"https:\/\/roveyayinevi.com.tr\/index.php\/urun\/dus-adam\/"},"modified":"2026-04-16T02:40:53","modified_gmt":"2026-04-15T23:40:53","slug":"dus-adam","status":"publish","type":"product","link":"https:\/\/roveyayinevi.com.tr\/index.php\/urun\/dus-adam\/","title":{"rendered":"D\u00fc\u015f Adam"},"content":{"rendered":"<p>G\u00f6ky\u00fcz\u00fcnden yer alt\u0131na uzanan, nefes kesici bir macera\u2026Lagari Hasan \u00c7elebi, hayat\u0131n\u0131 u\u00e7u\u015f \u00e7al\u0131\u015fmalar\u0131na adam\u0131\u015f bir bilimcidir. Yedi kollu fi\u015fe\u011fiyle dikey u\u00e7u\u015f denemeleri yapm\u0131\u015f, muhte\u015fem ba\u015far\u0131lar elde etmi\u015ftir. Gelgelelim, k\u00f6t\u00fc niyetli kimselerin k\u0131\u015fk\u0131rtmalar\u0131 sonunda, evinden ve ailesinden \u00e7ok uzaklara s\u00fcrg\u00fcn edilir.Lagari i\u00e7in, o g\u00fcnden itibaren, \u0130stanbul\u2019dan Kahire\u2019ye, on yedinci y\u00fczy\u0131ldan binlerce y\u0131l \u00f6ncesine varan fantastik bir yolculuk ba\u015flar. Lagari\u2019nin yeni bir hedefi vard\u0131r: Dillere destan Sar\u0131 Mumya\u2019n\u0131n yerini tespit ederek, kendini t\u00fcm d\u00fcnyaya kan\u0131tlamak. Ama bu macera, ak\u0131l almaz gizemlerle ve umulmad\u0131k tehlikelerle doludur\u2026<\/p>\n","protected":false},"excerpt":{"rendered":"<p>G\u00f6ky\u00fcz\u00fcnden yer alt\u0131na uzanan, nefes kesici bir macera\u2026Lagari Hasan \u00c7elebi, hayat\u0131n\u0131 u\u00e7u\u015f \u00e7al\u0131\u015fmalar\u0131na adam\u0131\u015f bir bilimcidir. Yedi kollu fi\u015fe\u011fiyle dikey u\u00e7u\u015f denemeleri yapm\u0131\u015f, muhte\u015fem ba\u015far\u0131lar elde<span class=\"excerpt-hellip\"> [\u2026]<\/span><\/p>\n","protected":false},"featured_media":0,"template":"","meta":{"_monsterinsights_skip_tracking":false,"_monsterinsights_sitenote_active":false,"_monsterinsights_sitenote_note":"","_monsterinsights_sitenote_category":0},"product_brand":[],"product_cat":[12274,12518],"product_tag":[],"class_list":{"0":"post-733228","1":"product","2":"type-product","3":"status-publish","5":"product_cat-cocuk-ve-genclik-kitaplari","6":"product_cat-okul-oncesi-kitaplar","7":"pa_cilt-ciltsiz","8":"pa_tur-kitap","9":"pa_yayinevi-is-bankasi-kultur-yayinlari","10":"pa_yazar-mehmet-guler","12":"first","13":"instock","14":"sale","15":"shipping-taxable","16":"purchasable","17":"product-type-simple"},"_links":{"self":[{"href":"https:\/\/roveyayinevi.com.tr\/index.php\/wp-json\/wp\/v2\/product\/733228","targetHints":{"allow":["GET"]}}],"collection":[{"href":"https:\/\/roveyayinevi.com.tr\/index.php\/wp-json\/wp\/v2\/product"}],"about":[{"href":"https:\/\/roveyayinevi.com.tr\/index.php\/wp-json\/wp\/v2\/types\/product"}],"wp:attachment":[{"href":"https:\/\/roveyayinevi.com.tr\/index.php\/wp-json\/wp\/v2\/media?parent=733228"}],"wp:term":[{"taxonomy":"product_brand","embeddable":true,"href":"https:\/\/roveyayinevi.com.tr\/index.php\/wp-json\/wp\/v2\/product_brand?post=733228"},{"taxonomy":"product_cat","embeddable":true,"href":"https:\/\/roveyayinevi.com.tr\/index.php\/wp-json\/wp\/v2\/product_cat?post=733228"},{"taxonomy":"product_tag","embeddable":true,"href":"https:\/\/roveyayinevi.com.tr\/index.php\/wp-json\/wp\/v2\/product_tag?post=733228"}],"curies":[{"name":"wp","href":"https:\/\/api.w.org\/{rel}","templated":true}]}}