{"id":733227,"date":"2025-08-27T22:05:36","date_gmt":"2025-08-27T19:05:36","guid":{"rendered":"https:\/\/roveyayinevi.com.tr\/index.php\/urun\/acaba-ne-olurdu\/"},"modified":"2026-04-16T02:40:53","modified_gmt":"2026-04-15T23:40:53","slug":"acaba-ne-olurdu","status":"publish","type":"product","link":"https:\/\/roveyayinevi.com.tr\/index.php\/urun\/acaba-ne-olurdu\/","title":{"rendered":"Acaba Ne Olurdu?"},"content":{"rendered":"<p>Acaba Ne Olurdu?Acaba anla\u015f\u0131p ayn\u0131 anda z\u0131plasayd\u0131k yer yerinden oynar m\u0131yd\u0131? Elimizde bir \u015falter olsayd\u0131 ve yer \u00e7ekimini \u015f\u0131p diye kapatsayd\u0131k ne olurdu? Sizin akl\u0131n\u0131za da b\u00f6yle sorular geliyor mu?\u201cOlmaz \u00f6yle \u015fey!\u201d deyip ge\u00e7meyin. Bunlar\u0131 hayal etmek bile \u00e7ok ilgin\u00e7. Hem biliyor musunuz, bir\u00e7ok bilimsel ke\u015fif ilk ba\u015fta hi\u00e7 de mant\u0131kl\u0131 g\u00f6r\u00fcnmeyen sorular\u0131n a\u00e7t\u0131\u011f\u0131 maceral\u0131 yolun sonunda ortaya \u00e7\u0131kt\u0131.Bu kitapta, D\u00fcnya, uzay, teknoloji, ya\u015fam ve daha bir\u00e7ok konuyla ilgili sorular soracak, bu sorular\u0131n bilimsel ama ayn\u0131 zamanda son derece \u015fa\u015f\u0131rt\u0131c\u0131 yan\u0131tlar\u0131n\u0131 birlikte \u00f6\u011frenece\u011fiz. Gen\u00e7 bilimciler, hadi i\u015f ba\u015f\u0131na!<\/p>\n","protected":false},"excerpt":{"rendered":"<p>Acaba Ne Olurdu?Acaba anla\u015f\u0131p ayn\u0131 anda z\u0131plasayd\u0131k yer yerinden oynar m\u0131yd\u0131? Elimizde bir \u015falter olsayd\u0131 ve yer \u00e7ekimini \u015f\u0131p diye kapatsayd\u0131k ne olurdu? Sizin akl\u0131n\u0131za da<span class=\"excerpt-hellip\"> [\u2026]<\/span><\/p>\n","protected":false},"featured_media":0,"template":"","meta":{"_monsterinsights_skip_tracking":false,"_monsterinsights_sitenote_active":false,"_monsterinsights_sitenote_note":"","_monsterinsights_sitenote_category":0},"product_brand":[],"product_cat":[13829,12274],"product_tag":[],"class_list":{"0":"post-733227","1":"product","2":"type-product","3":"status-publish","5":"product_cat-bilimsel-kitaplar","6":"product_cat-cocuk-ve-genclik-kitaplari","7":"pa_cilt-ciltsiz","8":"pa_tur-kitap","9":"pa_yayinevi-is-bankasi-kultur-yayinlari","10":"pa_yazar-muzaffer-ozgules","12":"first","13":"instock","14":"sale","15":"shipping-taxable","16":"purchasable","17":"product-type-simple"},"_links":{"self":[{"href":"https:\/\/roveyayinevi.com.tr\/index.php\/wp-json\/wp\/v2\/product\/733227","targetHints":{"allow":["GET"]}}],"collection":[{"href":"https:\/\/roveyayinevi.com.tr\/index.php\/wp-json\/wp\/v2\/product"}],"about":[{"href":"https:\/\/roveyayinevi.com.tr\/index.php\/wp-json\/wp\/v2\/types\/product"}],"wp:attachment":[{"href":"https:\/\/roveyayinevi.com.tr\/index.php\/wp-json\/wp\/v2\/media?parent=733227"}],"wp:term":[{"taxonomy":"product_brand","embeddable":true,"href":"https:\/\/roveyayinevi.com.tr\/index.php\/wp-json\/wp\/v2\/product_brand?post=733227"},{"taxonomy":"product_cat","embeddable":true,"href":"https:\/\/roveyayinevi.com.tr\/index.php\/wp-json\/wp\/v2\/product_cat?post=733227"},{"taxonomy":"product_tag","embeddable":true,"href":"https:\/\/roveyayinevi.com.tr\/index.php\/wp-json\/wp\/v2\/product_tag?post=733227"}],"curies":[{"name":"wp","href":"https:\/\/api.w.org\/{rel}","templated":true}]}}