{"id":733219,"date":"2025-08-27T22:05:28","date_gmt":"2025-08-27T19:05:28","guid":{"rendered":"https:\/\/roveyayinevi.com.tr\/index.php\/urun\/sehit-yarbay-huseyin-avni-bey\/"},"modified":"2026-04-16T02:40:53","modified_gmt":"2026-04-15T23:40:53","slug":"sehit-yarbay-huseyin-avni-bey","status":"publish","type":"product","link":"https:\/\/roveyayinevi.com.tr\/index.php\/urun\/sehit-yarbay-huseyin-avni-bey\/","title":{"rendered":"\u015eehit Yarbay H\u00fcseyin Avni Bey"},"content":{"rendered":"<p>\u015eanl\u0131 Bir Alay\u0131n Kahraman Komutan\u0131:\u015eEH\u0130T YARBAY H\u00dcSEY\u0130N AVN\u0130 BEY\u2026\u201cAr\u0131burnu muzafferiyetinin ilk ve metin temel ta\u015f\u0131 olan 57. Alay\u2019\u0131n temiz kalpli, inan\u00e7l\u0131, se\u00e7kin komutan\u0131 \u015eehit Yarbay Avni\u2019yi \u00f6zel bir h\u00fcrmetle anar\u0131m.\u201d- Mustafa Kemal Atat\u00fcrk57. Piyade Alay\u0131, hem 25 Nisan 1915 g\u00fcn\u00fc Ar\u0131burnu sahilinde Anzaklar\u0131 durduran iki alaydan biri olmas\u0131 hem de 19. Piyade T\u00fcmeni Komutan\u0131 Yarbay Mustafa Kemal Bey ile \u00f6zde\u015fle\u015fmesiyle \u00c7anakkale Muharebeleri\u2019nin unutulmaz bir efsanesi olarak hat\u0131ralardad\u0131r. 57. Alay, Ar\u0131burnu\u2019nda g\u00f6sterdi\u011fi kahramanl\u0131kla tarihe \u201c\u015eehitler Alay\u0131\u201d olarak ge\u00e7mi\u015ftir. Mustafa Kemal\u2019in \u201cBen size taarruzu de\u011fil \u00f6lmeyi emrediyorum\u201d s\u00f6zleri sonras\u0131nda t\u00fcm askerler memleket sevdas\u0131na canlar\u0131ndan vazge\u00e7ip m\u00fccadele etmi\u015f, binlercesi \u015fehit olmu\u015ftur. Bu \u015fanl\u0131 alay\u0131n kumandan\u0131 ise muharebeler s\u0131ras\u0131nda \u015fehit olan Yarbay H\u00fcseyin Avni Bey\u2019dir. O, taburlar\u0131n\u0131n ba\u015f\u0131nda, elinde k\u0131l\u0131\u00e7 askerlerini s\u00fcng\u00fc h\u00fccumuna kald\u0131racak kadar cesur, inan\u00e7l\u0131 ve d\u00fc\u015fmanla \u00e7etin m\u00fccadeleden ka\u00e7\u0131nmayan g\u00f6z\u00fc kara birisidir.Yarbay H\u00fcseyin Avni Bey\u2019in torunu H\u00fcseyin Avni Tanman ile \u00c7anakkale Muharebeleri\u2019ne dair ara\u015ft\u0131rmalar\u0131yla tan\u0131nan Ahmet Yurttakal\u2019\u0131n elinizdeki \u00e7al\u0131\u015fmas\u0131, ilk kez yay\u0131nlanacak belgelerle birlikte 57. Alay\u2019\u0131n ve onun efsane komutan\u0131n\u0131n muharebeler esnas\u0131ndaki faaliyetlerini, m\u00fccadele sahnesindeki tarihi \u00f6nemini t\u00fcm detaylar\u0131yla g\u00fcn\u00fcm\u00fcze ta\u015f\u0131yor.\u015eanl\u0131 57. Alay\u2019\u0131n Cesur Komutan\u0131: \u015eehit Yarbay H\u00fcseyin Avni Bey, m\u00fcstesna bir T\u00fcrk subay\u0131n\u0131n sava\u015f meydan\u0131ndaki kumandanl\u0131\u011f\u0131n\u0131, bilgelikle ve cesaretle donanm\u0131\u015f \u015fahsiyetini, ailesini, hayat\u0131n\u0131 aktararak minnettarl\u0131kla an\u0131lan bir komutan\u0131n portresini sunuyor.<\/p>\n","protected":false},"excerpt":{"rendered":"<p>\u015eanl\u0131 Bir Alay\u0131n Kahraman Komutan\u0131:\u015eEH\u0130T YARBAY H\u00dcSEY\u0130N AVN\u0130 BEY\u2026\u201cAr\u0131burnu muzafferiyetinin ilk ve metin temel ta\u015f\u0131 olan 57. Alay\u2019\u0131n temiz kalpli, inan\u00e7l\u0131, se\u00e7kin komutan\u0131 \u015eehit Yarbay Avni\u2019yi<span class=\"excerpt-hellip\"> [\u2026]<\/span><\/p>\n","protected":false},"featured_media":0,"template":"","meta":{"_monsterinsights_skip_tracking":false,"_monsterinsights_sitenote_active":false,"_monsterinsights_sitenote_note":"","_monsterinsights_sitenote_category":0},"product_brand":[],"product_cat":[12304,13493],"product_tag":[],"class_list":{"0":"post-733219","1":"product","2":"type-product","3":"status-publish","5":"product_cat-tarih","6":"product_cat-turkiye-ve-cumhuriyet-tarihi","7":"pa_cilt-ciltsiz","8":"pa_tur-kitap","9":"pa_yayinevi-kronik-kitap","10":"pa_yazar-huseyin-avni-tanman-ahmet-yurttakal","12":"first","13":"instock","14":"sale","15":"shipping-taxable","16":"purchasable","17":"product-type-simple"},"_links":{"self":[{"href":"https:\/\/roveyayinevi.com.tr\/index.php\/wp-json\/wp\/v2\/product\/733219","targetHints":{"allow":["GET"]}}],"collection":[{"href":"https:\/\/roveyayinevi.com.tr\/index.php\/wp-json\/wp\/v2\/product"}],"about":[{"href":"https:\/\/roveyayinevi.com.tr\/index.php\/wp-json\/wp\/v2\/types\/product"}],"wp:attachment":[{"href":"https:\/\/roveyayinevi.com.tr\/index.php\/wp-json\/wp\/v2\/media?parent=733219"}],"wp:term":[{"taxonomy":"product_brand","embeddable":true,"href":"https:\/\/roveyayinevi.com.tr\/index.php\/wp-json\/wp\/v2\/product_brand?post=733219"},{"taxonomy":"product_cat","embeddable":true,"href":"https:\/\/roveyayinevi.com.tr\/index.php\/wp-json\/wp\/v2\/product_cat?post=733219"},{"taxonomy":"product_tag","embeddable":true,"href":"https:\/\/roveyayinevi.com.tr\/index.php\/wp-json\/wp\/v2\/product_tag?post=733219"}],"curies":[{"name":"wp","href":"https:\/\/api.w.org\/{rel}","templated":true}]}}