{"id":733217,"date":"2025-08-27T22:05:27","date_gmt":"2025-08-27T19:05:27","guid":{"rendered":"https:\/\/roveyayinevi.com.tr\/index.php\/urun\/cevir-oku-serisi-4-ciltli\/"},"modified":"2026-04-16T02:40:53","modified_gmt":"2026-04-15T23:40:53","slug":"cevir-oku-serisi-4-ciltli","status":"publish","type":"product","link":"https:\/\/roveyayinevi.com.tr\/index.php\/urun\/cevir-oku-serisi-4-ciltli\/","title":{"rendered":"\u00c7evir Oku Serisi 4 (Ciltli)"},"content":{"rendered":"<p>\u201c\u0130lk Okuma serisi \u2013 \u00c7evir Oku\u201d, okumay\u0131 \u00f6\u011frenme s\u00fcrecindeki \u00e7ocuklar\u0131n hem s\u00f6zc\u00fck hem de hayal d\u00fcnyas\u0131na bilgi ve ne\u015fe kat\u0131yor. Her masalda merhametli olmak, hatas\u0131n\u0131 anlamak, emaneti korumak, \u00e7al\u0131\u015fkan olmak, olumlu d\u00fc\u015f\u00fcnmek gibi bir de\u011fer e\u011fitimi yer al\u0131yor. \u00c7ocuklar\u0131n hem kendileri hem de ebeveynleriyle birlikte okuyaca\u011f\u0131 e\u011flenceli, \u00f6\u011fretici bir seri: \u201c\u0130lk Okuma serisi \u2013 \u00c7evir Oku\u201d<\/p>\n","protected":false},"excerpt":{"rendered":"<p>\u201c\u0130lk Okuma serisi \u2013 \u00c7evir Oku\u201d, okumay\u0131 \u00f6\u011frenme s\u00fcrecindeki \u00e7ocuklar\u0131n hem s\u00f6zc\u00fck hem de hayal d\u00fcnyas\u0131na bilgi ve ne\u015fe kat\u0131yor. Her masalda merhametli olmak, hatas\u0131n\u0131 anlamak,<span class=\"excerpt-hellip\"> [\u2026]<\/span><\/p>\n","protected":false},"featured_media":0,"template":"","meta":{"_monsterinsights_skip_tracking":false,"_monsterinsights_sitenote_active":false,"_monsterinsights_sitenote_note":"","_monsterinsights_sitenote_category":0},"product_brand":[],"product_cat":[12274,12284],"product_tag":[],"class_list":{"0":"post-733217","1":"product","2":"type-product","3":"status-publish","5":"product_cat-cocuk-ve-genclik-kitaplari","6":"product_cat-hikayeler","7":"pa_cilt-ciltli","8":"pa_tur-kitap","9":"pa_yayinevi-nesil-cocuk-yayinlari","10":"pa_yazar-yavuz-bahadiroglu","12":"first","13":"instock","14":"sale","15":"shipping-taxable","16":"purchasable","17":"product-type-simple"},"_links":{"self":[{"href":"https:\/\/roveyayinevi.com.tr\/index.php\/wp-json\/wp\/v2\/product\/733217","targetHints":{"allow":["GET"]}}],"collection":[{"href":"https:\/\/roveyayinevi.com.tr\/index.php\/wp-json\/wp\/v2\/product"}],"about":[{"href":"https:\/\/roveyayinevi.com.tr\/index.php\/wp-json\/wp\/v2\/types\/product"}],"wp:attachment":[{"href":"https:\/\/roveyayinevi.com.tr\/index.php\/wp-json\/wp\/v2\/media?parent=733217"}],"wp:term":[{"taxonomy":"product_brand","embeddable":true,"href":"https:\/\/roveyayinevi.com.tr\/index.php\/wp-json\/wp\/v2\/product_brand?post=733217"},{"taxonomy":"product_cat","embeddable":true,"href":"https:\/\/roveyayinevi.com.tr\/index.php\/wp-json\/wp\/v2\/product_cat?post=733217"},{"taxonomy":"product_tag","embeddable":true,"href":"https:\/\/roveyayinevi.com.tr\/index.php\/wp-json\/wp\/v2\/product_tag?post=733217"}],"curies":[{"name":"wp","href":"https:\/\/api.w.org\/{rel}","templated":true}]}}