{"id":733212,"date":"2025-08-27T22:05:22","date_gmt":"2025-08-27T19:05:22","guid":{"rendered":"https:\/\/roveyayinevi.com.tr\/index.php\/urun\/kahramanin-el-kitabi\/"},"modified":"2026-04-16T02:40:53","modified_gmt":"2026-04-15T23:40:53","slug":"kahramanin-el-kitabi","status":"publish","type":"product","link":"https:\/\/roveyayinevi.com.tr\/index.php\/urun\/kahramanin-el-kitabi\/","title":{"rendered":"Kahraman\u0131n El Kitab\u0131"},"content":{"rendered":"<p>\u00dc\u00e7\u00fcnc\u00fc jeolojik d\u00f6nemde, k\u0131talar b\u00fcy\u00fck depremlerle yer de\u011fi\u015ftirirken Ger\u00e7ek Ayna Vadisi\u2019ni \u00e7evreleyen Efsane Da\u011flar\u0131\u2019n\u0131n i\u00e7ine s\u0131k\u0131\u015fm\u0131\u015f bir yer vard\u0131. Efsaneye g\u00f6re insan, ate\u015fi ilk olarak burada, ejderhan\u0131n a\u011fz\u0131ndan \u00e7\u0131karken g\u00f6rd\u00fc ve ejderha ilk bilgiyi \u00f6\u011fretti. Ejderhan\u0131n ate\u015fi, insanlar\u0131n i\u00e7indeki merak\u0131 ve \u00f6\u011frenme iste\u011fini de ate\u015fledi. B\u00f6ylece ejderha, ilk \u00f6\u011frencileriyle D\u00fc\u015f\u00fcnce Okulu\u2019nu kurmu\u015f oldu. \u00c7o\u011fumuz hik\u00e2yelerin uydurma oldu\u011funu d\u00fc\u015f\u00fcn\u00fcr\u00fcz. Kerem de \u00f6yle d\u00fc\u015f\u00fcn\u00fcyordu. Ta ki Kahraman\u0131n El Kitab\u0131n\u0131 okuyana dek. \u0130\u015fte o zaman hik\u00e2yelerin i\u00e7indeki ger\u00e7ekleri g\u00f6rmeye ba\u015flad\u0131. B\u00f6ylece Kerem\u2019in D\u00fc\u015f\u00fcnce Okulu maceras\u0131 da ba\u015flam\u0131\u015f oldu. Kerem\u2019in yolculu\u011funa kat\u0131l\u0131p, heyecanl\u0131 bir ke\u015ffe \u00e7\u0131kmaya haz\u0131r m\u0131s\u0131n? Haydi KAHRAMAN sayfalar\u0131 \u00e7evir ve sen de kendi maceran\u0131 ba\u015flat! <\/p>\n","protected":false},"excerpt":{"rendered":"<p>\u00dc\u00e7\u00fcnc\u00fc jeolojik d\u00f6nemde, k\u0131talar b\u00fcy\u00fck depremlerle yer de\u011fi\u015ftirirken Ger\u00e7ek Ayna Vadisi\u2019ni \u00e7evreleyen Efsane Da\u011flar\u0131\u2019n\u0131n i\u00e7ine s\u0131k\u0131\u015fm\u0131\u015f bir yer vard\u0131. Efsaneye g\u00f6re insan, ate\u015fi ilk olarak burada,<span class=\"excerpt-hellip\"> [\u2026]<\/span><\/p>\n","protected":false},"featured_media":0,"template":"","meta":{"_monsterinsights_skip_tracking":false,"_monsterinsights_sitenote_active":false,"_monsterinsights_sitenote_note":"","_monsterinsights_sitenote_category":0},"product_brand":[],"product_cat":[12291,12711],"product_tag":[],"class_list":{"0":"post-733212","1":"product","2":"type-product","3":"status-publish","5":"product_cat-edebiyat","6":"product_cat-roman-oyku","7":"pa_cilt-ciltsiz","8":"pa_tur-kitap","9":"pa_yayinevi-dogan-egmont-yayincilik","10":"pa_yazar-eda-albayrak","12":"first","13":"instock","14":"sale","15":"shipping-taxable","16":"purchasable","17":"product-type-simple"},"_links":{"self":[{"href":"https:\/\/roveyayinevi.com.tr\/index.php\/wp-json\/wp\/v2\/product\/733212","targetHints":{"allow":["GET"]}}],"collection":[{"href":"https:\/\/roveyayinevi.com.tr\/index.php\/wp-json\/wp\/v2\/product"}],"about":[{"href":"https:\/\/roveyayinevi.com.tr\/index.php\/wp-json\/wp\/v2\/types\/product"}],"wp:attachment":[{"href":"https:\/\/roveyayinevi.com.tr\/index.php\/wp-json\/wp\/v2\/media?parent=733212"}],"wp:term":[{"taxonomy":"product_brand","embeddable":true,"href":"https:\/\/roveyayinevi.com.tr\/index.php\/wp-json\/wp\/v2\/product_brand?post=733212"},{"taxonomy":"product_cat","embeddable":true,"href":"https:\/\/roveyayinevi.com.tr\/index.php\/wp-json\/wp\/v2\/product_cat?post=733212"},{"taxonomy":"product_tag","embeddable":true,"href":"https:\/\/roveyayinevi.com.tr\/index.php\/wp-json\/wp\/v2\/product_tag?post=733212"}],"curies":[{"name":"wp","href":"https:\/\/api.w.org\/{rel}","templated":true}]}}