{"id":733209,"date":"2025-08-27T22:05:18","date_gmt":"2025-08-27T19:05:18","guid":{"rendered":"https:\/\/roveyayinevi.com.tr\/index.php\/urun\/ahli-gecmis\/"},"modified":"2026-04-16T02:40:53","modified_gmt":"2026-04-15T23:40:53","slug":"ahli-gecmis","status":"publish","type":"product","link":"https:\/\/roveyayinevi.com.tr\/index.php\/urun\/ahli-gecmis\/","title":{"rendered":"Ah\u2019l\u0131 Ge\u00e7mi\u015f"},"content":{"rendered":"<p>Ayakta uyutulmu\u015f olman\u0131n yorgunlu\u011fu \u00e7\u00f6kt\u00fc \u00fczerime. Tuvaletin mermerine uzand\u0131m. Aynalar \u00fczerime sa\u00e7\u0131ld\u0131 az \u00f6nce, neden hat\u0131rlam\u0131yorum. \u00c7irkinmi\u015fim, sevilince g\u00fczelle\u015ftim san\u0131yordum. A\u015fks\u0131zl\u0131kla, sevgisizlikle erittiler beni. Uzun, ince kal\u0131plara d\u00f6kt\u00fcler. Malzemelerimi \u00e7ald\u0131lar hep. \u00c7ald\u0131klar\u0131n\u0131 kendilerine katt\u0131lar. Ben eksilirken onlar tamamland\u0131. Nas\u0131l g\u00fczellerdir \u015fimdi, nas\u0131l da tamd\u0131rlar. Kahkahalar\u0131 Japon bah\u00e7esindeki ku\u015f sesleri gibi. Nefesleri denizden esen tatl\u0131 meltem. G\u00f6zya\u015flar\u0131 bile g\u00fczeldir onlar\u0131n, mutludur g\u00f6zya\u015flar\u0131&#8230;    Ah\u2019l\u0131 Ge\u00e7mi\u015f sahici, b\u0131\u00e7ak gibi keskin bir metin. A\u015fk, aldat\u0131lmak, yaln\u0131zl\u0131k, \u00f6teki \u00fczerinden kendini anlama \u00e7abalar\u0131m\u0131z hakk\u0131nda e\u015fsiz ve s\u0131ra d\u0131\u015f\u0131 bir kitap. Y\u0131ld\u0131z Ertan bu kitapla sadece a\u015fka, ili\u015fkilere, kendin olma haline yak\u0131n mercekle bakmakla kalm\u0131yor, z\u0131p\u0131r bir mizahla y\u00fcz\u00fcm\u00fcze g\u00fcl\u00fcmsemeler kondurmay\u0131 da ba\u015far\u0131yor. <\/p>\n","protected":false},"excerpt":{"rendered":"<p>Ayakta uyutulmu\u015f olman\u0131n yorgunlu\u011fu \u00e7\u00f6kt\u00fc \u00fczerime. Tuvaletin mermerine uzand\u0131m. Aynalar \u00fczerime sa\u00e7\u0131ld\u0131 az \u00f6nce, neden hat\u0131rlam\u0131yorum. \u00c7irkinmi\u015fim, sevilince g\u00fczelle\u015ftim san\u0131yordum. A\u015fks\u0131zl\u0131kla, sevgisizlikle erittiler beni. Uzun, ince<span class=\"excerpt-hellip\"> [\u2026]<\/span><\/p>\n","protected":false},"featured_media":0,"template":"","meta":{"_monsterinsights_skip_tracking":false,"_monsterinsights_sitenote_active":false,"_monsterinsights_sitenote_note":"","_monsterinsights_sitenote_category":0},"product_brand":[],"product_cat":[18545,12291],"product_tag":[],"class_list":{"0":"post-733209","1":"product","2":"type-product","3":"status-publish","5":"product_cat-anlati","6":"product_cat-edebiyat","7":"pa_cilt-ciltsiz","8":"pa_tur-kitap","9":"pa_yayinevi-dogan-solibri-yayinlari","10":"pa_yazar-yildiz-ertan","12":"first","13":"instock","14":"sale","15":"shipping-taxable","16":"purchasable","17":"product-type-simple"},"_links":{"self":[{"href":"https:\/\/roveyayinevi.com.tr\/index.php\/wp-json\/wp\/v2\/product\/733209","targetHints":{"allow":["GET"]}}],"collection":[{"href":"https:\/\/roveyayinevi.com.tr\/index.php\/wp-json\/wp\/v2\/product"}],"about":[{"href":"https:\/\/roveyayinevi.com.tr\/index.php\/wp-json\/wp\/v2\/types\/product"}],"wp:attachment":[{"href":"https:\/\/roveyayinevi.com.tr\/index.php\/wp-json\/wp\/v2\/media?parent=733209"}],"wp:term":[{"taxonomy":"product_brand","embeddable":true,"href":"https:\/\/roveyayinevi.com.tr\/index.php\/wp-json\/wp\/v2\/product_brand?post=733209"},{"taxonomy":"product_cat","embeddable":true,"href":"https:\/\/roveyayinevi.com.tr\/index.php\/wp-json\/wp\/v2\/product_cat?post=733209"},{"taxonomy":"product_tag","embeddable":true,"href":"https:\/\/roveyayinevi.com.tr\/index.php\/wp-json\/wp\/v2\/product_tag?post=733209"}],"curies":[{"name":"wp","href":"https:\/\/api.w.org\/{rel}","templated":true}]}}