{"id":733205,"date":"2025-08-27T22:05:14","date_gmt":"2025-08-27T19:05:14","guid":{"rendered":"https:\/\/roveyayinevi.com.tr\/index.php\/urun\/kuranin-bilime-aykiriligi-iddiasi-ve-ilmi-icaz\/"},"modified":"2026-04-16T02:40:53","modified_gmt":"2026-04-15T23:40:53","slug":"kuranin-bilime-aykiriligi-iddiasi-ve-ilmi-icaz","status":"publish","type":"product","link":"https:\/\/roveyayinevi.com.tr\/index.php\/urun\/kuranin-bilime-aykiriligi-iddiasi-ve-ilmi-icaz\/","title":{"rendered":"Kur\u2019an\u2019\u0131n Bilime Ayk\u0131r\u0131l\u0131\u011f\u0131 \u0130ddias\u0131 Ve \u0130lmi \u0130\u2019caz"},"content":{"rendered":"<p>Kur\u2019an\u2019\u0131n Bilime Ayk\u0131r\u0131l\u0131\u011f\u0131 \u0130ddias\u0131 Ve \u0130lmi \u0130\u2019caz<\/p>\n","protected":false},"excerpt":{"rendered":"<p>Kur\u2019an\u2019\u0131n Bilime Ayk\u0131r\u0131l\u0131\u011f\u0131 \u0130ddias\u0131 Ve \u0130lmi \u0130\u2019caz<\/p>\n","protected":false},"featured_media":0,"template":"","meta":{"_monsterinsights_skip_tracking":false,"_monsterinsights_sitenote_active":false,"_monsterinsights_sitenote_note":"","_monsterinsights_sitenote_category":0},"product_brand":[],"product_cat":[12573,12566],"product_tag":[],"class_list":{"0":"post-733205","1":"product","2":"type-product","3":"status-publish","5":"product_cat-akademik-kitaplar","6":"product_cat-egitim","7":"pa_cilt-ciltsiz","8":"pa_tur-kitap","9":"pa_yayinevi-soncag-akademik-kitaplar","10":"pa_yazar-abdurrahim-kizilseker","12":"first","13":"instock","14":"sale","15":"shipping-taxable","16":"purchasable","17":"product-type-simple"},"_links":{"self":[{"href":"https:\/\/roveyayinevi.com.tr\/index.php\/wp-json\/wp\/v2\/product\/733205","targetHints":{"allow":["GET"]}}],"collection":[{"href":"https:\/\/roveyayinevi.com.tr\/index.php\/wp-json\/wp\/v2\/product"}],"about":[{"href":"https:\/\/roveyayinevi.com.tr\/index.php\/wp-json\/wp\/v2\/types\/product"}],"wp:attachment":[{"href":"https:\/\/roveyayinevi.com.tr\/index.php\/wp-json\/wp\/v2\/media?parent=733205"}],"wp:term":[{"taxonomy":"product_brand","embeddable":true,"href":"https:\/\/roveyayinevi.com.tr\/index.php\/wp-json\/wp\/v2\/product_brand?post=733205"},{"taxonomy":"product_cat","embeddable":true,"href":"https:\/\/roveyayinevi.com.tr\/index.php\/wp-json\/wp\/v2\/product_cat?post=733205"},{"taxonomy":"product_tag","embeddable":true,"href":"https:\/\/roveyayinevi.com.tr\/index.php\/wp-json\/wp\/v2\/product_tag?post=733205"}],"curies":[{"name":"wp","href":"https:\/\/api.w.org\/{rel}","templated":true}]}}