{"id":733203,"date":"2025-08-27T22:05:13","date_gmt":"2025-08-27T19:05:13","guid":{"rendered":"https:\/\/roveyayinevi.com.tr\/index.php\/urun\/insan-haklari-3\/"},"modified":"2026-04-16T02:40:53","modified_gmt":"2026-04-15T23:40:53","slug":"insan-haklari-3","status":"publish","type":"product","link":"https:\/\/roveyayinevi.com.tr\/index.php\/urun\/insan-haklari-3\/","title":{"rendered":"\u0130nsan Haklar\u0131"},"content":{"rendered":"<p>D\u00fcnya sava\u015flar\u0131n\u0131n yaratt\u0131\u011f\u0131 \u015fiddete ve tahribata \u015fahit olan H.G. Wells, toplumlar\u0131n ya\u015fam\u0131nda k\u00f6kl\u00fc bir de\u011fi\u015fime ihtiya\u00e7 oldu\u011funa inan\u0131r. Bu devrim niteli\u011findeki de\u011fi\u015fim ancak \u201cvar olan bu durumun her y\u00f6n\u00fcyle ve t\u00fcm olas\u0131l\u0131klar\u0131yla en eksiksiz ve en amans\u0131z bi\u00e7imde tart\u0131\u015f\u0131lmas\u0131\u201dyla ger\u00e7ekle\u015febilecektir. Yazar\u0131n d\u00fcnyadaki adaletsizliklere dikkat \u00e7ekmeyi ama\u00e7layarak kaleme ald\u0131\u011f\u0131 \u0130nsan Haklar\u0131, Birle\u015fmi\u015f Milletler\u2019in kurucu metni niteli\u011finde olan, ge\u00e7erlili\u011fini g\u00fcn\u00fcm\u00fczde de yitirmemi\u015f bir \u00e7a\u011fr\u0131. <\/p>\n","protected":false},"excerpt":{"rendered":"<p>D\u00fcnya sava\u015flar\u0131n\u0131n yaratt\u0131\u011f\u0131 \u015fiddete ve tahribata \u015fahit olan H.G. Wells, toplumlar\u0131n ya\u015fam\u0131nda k\u00f6kl\u00fc bir de\u011fi\u015fime ihtiya\u00e7 oldu\u011funa inan\u0131r. Bu devrim niteli\u011findeki de\u011fi\u015fim ancak \u201cvar olan bu<span class=\"excerpt-hellip\"> [\u2026]<\/span><\/p>\n","protected":false},"featured_media":0,"template":"","meta":{"_monsterinsights_skip_tracking":false,"_monsterinsights_sitenote_active":false,"_monsterinsights_sitenote_note":"","_monsterinsights_sitenote_category":0},"product_brand":[],"product_cat":[12777,12291],"product_tag":[],"class_list":{"0":"post-733203","1":"product","2":"type-product","3":"status-publish","5":"product_cat-deneme","6":"product_cat-edebiyat","7":"pa_cilt-ciltsiz","8":"pa_tur-kitap","9":"pa_yayinevi-can-yayinlari","10":"pa_yazar-h-g-wells","12":"first","13":"instock","14":"sale","15":"shipping-taxable","16":"purchasable","17":"product-type-simple"},"_links":{"self":[{"href":"https:\/\/roveyayinevi.com.tr\/index.php\/wp-json\/wp\/v2\/product\/733203","targetHints":{"allow":["GET"]}}],"collection":[{"href":"https:\/\/roveyayinevi.com.tr\/index.php\/wp-json\/wp\/v2\/product"}],"about":[{"href":"https:\/\/roveyayinevi.com.tr\/index.php\/wp-json\/wp\/v2\/types\/product"}],"wp:attachment":[{"href":"https:\/\/roveyayinevi.com.tr\/index.php\/wp-json\/wp\/v2\/media?parent=733203"}],"wp:term":[{"taxonomy":"product_brand","embeddable":true,"href":"https:\/\/roveyayinevi.com.tr\/index.php\/wp-json\/wp\/v2\/product_brand?post=733203"},{"taxonomy":"product_cat","embeddable":true,"href":"https:\/\/roveyayinevi.com.tr\/index.php\/wp-json\/wp\/v2\/product_cat?post=733203"},{"taxonomy":"product_tag","embeddable":true,"href":"https:\/\/roveyayinevi.com.tr\/index.php\/wp-json\/wp\/v2\/product_tag?post=733203"}],"curies":[{"name":"wp","href":"https:\/\/api.w.org\/{rel}","templated":true}]}}