{"id":733201,"date":"2025-08-27T22:05:10","date_gmt":"2025-08-27T19:05:10","guid":{"rendered":"https:\/\/roveyayinevi.com.tr\/index.php\/urun\/tasin-kenti-mardin\/"},"modified":"2026-04-16T02:40:53","modified_gmt":"2026-04-15T23:40:53","slug":"tasin-kenti-mardin","status":"publish","type":"product","link":"https:\/\/roveyayinevi.com.tr\/index.php\/urun\/tasin-kenti-mardin\/","title":{"rendered":"Ta\u015f\u0131n Kenti  Mardin"},"content":{"rendered":"<p>Bilge K\u00e2\u015fif olmak kolay m\u0131? \u00c7ok okuman\u0131z, ara\u015ft\u0131rman\u0131z, merak etmeniz ve macera tutkunu olman\u0131z gerek. Dostlar\u0131m\u0131z Kemal ve Cahide de bu durumun fark\u0131nda. Yeni yerler ke\u015ffedip yeni insanlar tan\u0131may\u0131 \u00e7ok seven bu iki dostun yolu Mardin&#8217;e d\u00fc\u015f\u00fcyor. Sonras\u0131 bol e\u011flence bol macera &#8230; Kalabal\u0131k reng\u00e2renk \u00e7ar\u015f\u0131lardan, camilere, binlerce y\u0131ll\u0131k kiliselerden, kalelere uzanan bu keyifli yolculukta dostlar\u0131m\u0131z Cahide ve Kemal&#8217;e e\u015flik edip Bilge K\u00e2\u015fiflerin bir \u00fcyesi olmaya ne dersiniz? Hadi o zaman! Bilge K\u00e2\u015fiflerle birlikte medeniyetlerin be\u015fi\u011fi, &#8220;G\u00fcne\u015f \u00dclkesi&#8221; Mardin&#8217;de ad\u0131m atmad\u0131k yer b\u0131rakmayal\u0131m. <\/p>\n","protected":false},"excerpt":{"rendered":"<p>Bilge K\u00e2\u015fif olmak kolay m\u0131? \u00c7ok okuman\u0131z, ara\u015ft\u0131rman\u0131z, merak etmeniz ve macera tutkunu olman\u0131z gerek. Dostlar\u0131m\u0131z Kemal ve Cahide de bu durumun fark\u0131nda. Yeni yerler ke\u015ffedip<span class=\"excerpt-hellip\"> [\u2026]<\/span><\/p>\n","protected":false},"featured_media":0,"template":"","meta":{"_monsterinsights_skip_tracking":false,"_monsterinsights_sitenote_active":false,"_monsterinsights_sitenote_note":"","_monsterinsights_sitenote_category":0},"product_brand":[],"product_cat":[12913,12274],"product_tag":[],"class_list":{"0":"post-733201","1":"product","2":"type-product","3":"status-publish","5":"product_cat-3-6-yas-kitaplari","6":"product_cat-cocuk-ve-genclik-kitaplari","7":"pa_cilt-ciltsiz","8":"pa_tur-kitap","9":"pa_yayinevi-ucan-at","10":"pa_yazar-ozgur-ozgulgun","12":"first","13":"instock","14":"sale","15":"shipping-taxable","16":"purchasable","17":"product-type-simple"},"_links":{"self":[{"href":"https:\/\/roveyayinevi.com.tr\/index.php\/wp-json\/wp\/v2\/product\/733201","targetHints":{"allow":["GET"]}}],"collection":[{"href":"https:\/\/roveyayinevi.com.tr\/index.php\/wp-json\/wp\/v2\/product"}],"about":[{"href":"https:\/\/roveyayinevi.com.tr\/index.php\/wp-json\/wp\/v2\/types\/product"}],"wp:attachment":[{"href":"https:\/\/roveyayinevi.com.tr\/index.php\/wp-json\/wp\/v2\/media?parent=733201"}],"wp:term":[{"taxonomy":"product_brand","embeddable":true,"href":"https:\/\/roveyayinevi.com.tr\/index.php\/wp-json\/wp\/v2\/product_brand?post=733201"},{"taxonomy":"product_cat","embeddable":true,"href":"https:\/\/roveyayinevi.com.tr\/index.php\/wp-json\/wp\/v2\/product_cat?post=733201"},{"taxonomy":"product_tag","embeddable":true,"href":"https:\/\/roveyayinevi.com.tr\/index.php\/wp-json\/wp\/v2\/product_tag?post=733201"}],"curies":[{"name":"wp","href":"https:\/\/api.w.org\/{rel}","templated":true}]}}