{"id":733200,"date":"2025-08-27T22:05:09","date_gmt":"2025-08-27T19:05:09","guid":{"rendered":"https:\/\/roveyayinevi.com.tr\/index.php\/urun\/sinem-deyimler-prensesi\/"},"modified":"2026-04-16T02:40:53","modified_gmt":"2026-04-15T23:40:53","slug":"sinem-deyimler-prensesi","status":"publish","type":"product","link":"https:\/\/roveyayinevi.com.tr\/index.php\/urun\/sinem-deyimler-prensesi\/","title":{"rendered":"Sinem: Deyimler Prensesi"},"content":{"rendered":"<p>Sinem&#8217;in ba\u015f\u0131 dertte. Neden mi? \u00c7\u00fcnk\u00fc ne kadar u\u011fra\u015f\u0131rsa u\u011fra\u015fs\u0131n deyimlerin anlamlar\u0131n\u0131 kar\u0131\u015ft\u0131r\u0131yor. \u015eu b\u00fcy\u00fckler d\u00fc\u015f\u00fcnd\u00fcklerini deyimlerle s\u00fcslemeden do\u011frudan s\u00f6yleseler ne olurdu sanki? Etekler zil \u00e7alar m\u0131 hi\u00e7? G\u00f6z boyanabilir mi? A\u011fz\u0131m\u0131zla ku\u015f tutabilir miyiz? Bu durum onun can\u0131n\u0131 \u00e7ok s\u0131k\u0131yor. Peki Sinem bu sorunu nas\u0131l \u00e7\u00f6zd\u00fc? Bu kitab\u0131 okurken Sinem&#8217;in s\u0131n\u0131f arkada\u015flar\u0131n\u0131n ve \u00f6\u011fretmeninin deste\u011fiyle deyimler prensesine d\u00f6n\u00fc\u015fme maceras\u0131na tan\u0131k olacaks\u0131n\u0131z. Haydi! T\u00fcrk\u00e7emizin derinliklerine do\u011fru keyifli bir yolculuk yapal\u0131m. <\/p>\n","protected":false},"excerpt":{"rendered":"<p>Sinem&#8217;in ba\u015f\u0131 dertte. Neden mi? \u00c7\u00fcnk\u00fc ne kadar u\u011fra\u015f\u0131rsa u\u011fra\u015fs\u0131n deyimlerin anlamlar\u0131n\u0131 kar\u0131\u015ft\u0131r\u0131yor. \u015eu b\u00fcy\u00fckler d\u00fc\u015f\u00fcnd\u00fcklerini deyimlerle s\u00fcslemeden do\u011frudan s\u00f6yleseler ne olurdu sanki? Etekler zil \u00e7alar<span class=\"excerpt-hellip\"> [\u2026]<\/span><\/p>\n","protected":false},"featured_media":0,"template":"","meta":{"_monsterinsights_skip_tracking":false,"_monsterinsights_sitenote_active":false,"_monsterinsights_sitenote_note":"","_monsterinsights_sitenote_category":0},"product_brand":[],"product_cat":[12913,12274],"product_tag":[],"class_list":{"0":"post-733200","1":"product","2":"type-product","3":"status-publish","5":"product_cat-3-6-yas-kitaplari","6":"product_cat-cocuk-ve-genclik-kitaplari","7":"pa_cilt-ciltsiz","8":"pa_tur-kitap","9":"pa_yayinevi-ucan-at","10":"pa_yazar-birgul-yangin-aslanoglu","12":"first","13":"instock","14":"sale","15":"shipping-taxable","16":"purchasable","17":"product-type-simple"},"_links":{"self":[{"href":"https:\/\/roveyayinevi.com.tr\/index.php\/wp-json\/wp\/v2\/product\/733200","targetHints":{"allow":["GET"]}}],"collection":[{"href":"https:\/\/roveyayinevi.com.tr\/index.php\/wp-json\/wp\/v2\/product"}],"about":[{"href":"https:\/\/roveyayinevi.com.tr\/index.php\/wp-json\/wp\/v2\/types\/product"}],"wp:attachment":[{"href":"https:\/\/roveyayinevi.com.tr\/index.php\/wp-json\/wp\/v2\/media?parent=733200"}],"wp:term":[{"taxonomy":"product_brand","embeddable":true,"href":"https:\/\/roveyayinevi.com.tr\/index.php\/wp-json\/wp\/v2\/product_brand?post=733200"},{"taxonomy":"product_cat","embeddable":true,"href":"https:\/\/roveyayinevi.com.tr\/index.php\/wp-json\/wp\/v2\/product_cat?post=733200"},{"taxonomy":"product_tag","embeddable":true,"href":"https:\/\/roveyayinevi.com.tr\/index.php\/wp-json\/wp\/v2\/product_tag?post=733200"}],"curies":[{"name":"wp","href":"https:\/\/api.w.org\/{rel}","templated":true}]}}