{"id":733197,"date":"2025-08-27T22:05:06","date_gmt":"2025-08-27T19:05:06","guid":{"rendered":"https:\/\/roveyayinevi.com.tr\/index.php\/urun\/ayna\/"},"modified":"2026-04-16T02:40:52","modified_gmt":"2026-04-15T23:40:52","slug":"ayna","status":"publish","type":"product","link":"https:\/\/roveyayinevi.com.tr\/index.php\/urun\/ayna\/","title":{"rendered":"Ayna"},"content":{"rendered":"<p>Ayn\u0131 \u015fehirde a\u015fka yelken a\u00e7an \u00fc\u00e7 k\u0131z arkada\u015f\u0131n \u015fa\u015f\u0131rtan, tutku dolu ve benzersiz a\u015fklar\u0131! A\u015fk\u0131n adresi Paris!Esra Kalkavan, etkileyici kurgusuyla okurlar\u0131n\u0131 Seine Nehri\u2019ne, Eyfel Kulesi\u2019ne, Ritz Paris\u2019e g\u00f6t\u00fcr\u00fcyor. Kendinizi \u015fehrin sokaklar\u0131nda dola\u015f\u0131r gibi hissedece\u011finiz romanda, yakalanan a\u015fklar, kaybedilen a\u015fklar kadar tutkulu!\u201cVerandan\u0131n tahta s\u00fctunlar\u0131nda bulunan Hint esintili s\u00fcslemedeki k\u0131r\u0131k aynalardan yans\u0131yan g\u00fcne\u015f birden g\u00f6z\u00fcn\u00fc ald\u0131. S\u00fctuna iyice yakla\u015ft\u0131, s\u00fcslemedeki aynalar ancak g\u00f6zbebe\u011fini g\u00f6rebilece\u011fi kadar b\u00fcy\u00fckt\u00fc. \u00c7ocuklu\u011fundan gelen al\u0131\u015fkanl\u0131kla g\u00f6zbebe\u011fine odakland\u0131 ve orada buldu\u011fu Tanr\u0131\u2019ya te\u015fekk\u00fcr etti. Her seferinde oldu\u011fu gibi i\u00e7i umut dolmu\u015ftu, umutla birlikte g\u00fcven hissi geli\u015fiyor ve M\u00fcge de\u011fi\u015fti\u011fini hissediyordu.\u201d<\/p>\n","protected":false},"excerpt":{"rendered":"<p>Ayn\u0131 \u015fehirde a\u015fka yelken a\u00e7an \u00fc\u00e7 k\u0131z arkada\u015f\u0131n \u015fa\u015f\u0131rtan, tutku dolu ve benzersiz a\u015fklar\u0131! A\u015fk\u0131n adresi Paris!Esra Kalkavan, etkileyici kurgusuyla okurlar\u0131n\u0131 Seine Nehri\u2019ne, Eyfel Kulesi\u2019ne, Ritz<span class=\"excerpt-hellip\"> [\u2026]<\/span><\/p>\n","protected":false},"featured_media":0,"template":"","meta":{"_monsterinsights_skip_tracking":false,"_monsterinsights_sitenote_active":false,"_monsterinsights_sitenote_note":"","_monsterinsights_sitenote_category":0},"product_brand":[],"product_cat":[12291,12711],"product_tag":[],"class_list":{"0":"post-733197","1":"product","2":"type-product","3":"status-publish","5":"product_cat-edebiyat","6":"product_cat-roman-oyku","7":"pa_cilt-ciltsiz","8":"pa_tur-kitap","9":"pa_yayinevi-feniks-yayinlari","10":"pa_yazar-esra-kalkavan","12":"first","13":"instock","14":"sale","15":"shipping-taxable","16":"purchasable","17":"product-type-simple"},"_links":{"self":[{"href":"https:\/\/roveyayinevi.com.tr\/index.php\/wp-json\/wp\/v2\/product\/733197","targetHints":{"allow":["GET"]}}],"collection":[{"href":"https:\/\/roveyayinevi.com.tr\/index.php\/wp-json\/wp\/v2\/product"}],"about":[{"href":"https:\/\/roveyayinevi.com.tr\/index.php\/wp-json\/wp\/v2\/types\/product"}],"wp:attachment":[{"href":"https:\/\/roveyayinevi.com.tr\/index.php\/wp-json\/wp\/v2\/media?parent=733197"}],"wp:term":[{"taxonomy":"product_brand","embeddable":true,"href":"https:\/\/roveyayinevi.com.tr\/index.php\/wp-json\/wp\/v2\/product_brand?post=733197"},{"taxonomy":"product_cat","embeddable":true,"href":"https:\/\/roveyayinevi.com.tr\/index.php\/wp-json\/wp\/v2\/product_cat?post=733197"},{"taxonomy":"product_tag","embeddable":true,"href":"https:\/\/roveyayinevi.com.tr\/index.php\/wp-json\/wp\/v2\/product_tag?post=733197"}],"curies":[{"name":"wp","href":"https:\/\/api.w.org\/{rel}","templated":true}]}}