{"id":733194,"date":"2025-08-27T22:05:04","date_gmt":"2025-08-27T19:05:04","guid":{"rendered":"https:\/\/roveyayinevi.com.tr\/index.php\/urun\/mercan-adasi-8\/"},"modified":"2026-04-16T02:40:52","modified_gmt":"2026-04-15T23:40:52","slug":"mercan-adasi-8","status":"publish","type":"product","link":"https:\/\/roveyayinevi.com.tr\/index.php\/urun\/mercan-adasi-8\/","title":{"rendered":"Mercan Adas\u0131"},"content":{"rendered":"<p>\u0130sko\u00e7 yazar Robert Michael Ballantyne&#8217;\u0131n tropik maceras\u0131 Mercan Adas\u0131, Mehmet Atilla&#8217;n\u0131n s\u00f6zc\u00fckleriyle, orijinal hik\u00e2yesine sad\u0131k bir anlat\u0131mla yeniden hayat buluyor.Ahmet Uzun&#8217;un film tad\u0131ndaki resimleri e\u015fli\u011finde &#8221;SEN de OKU Klasikler&#8221; koleksiyonundaki yerini alan bu hi\u00e7 eskimeyen roman, k\u00f6p\u00fcrm\u00fc\u015f dalgalar\u0131n aras\u0131nda ya\u015fam sava\u015f\u0131 veren \u00fc\u00e7 delikanl\u0131y\u0131 heyecan\u0131n hi\u00e7 dinmedi\u011fi s\u00fcr\u00fckleyici bir ser\u00fcvende bulu\u015fturuyor. Ge\u00e7mi\u015ften g\u00fcn\u00fcm\u00fcze uzanarak pek \u00e7ok \u0131ss\u0131z ada filmine ve kitab\u0131na esin kayna\u011f\u0131 olan Mercan Adas\u0131, uzak denizlerin tehlike dolu sular\u0131 hakk\u0131nda bilinmeyenleri a\u00e7\u0131\u011fa \u00e7\u0131kar\u0131yor, vah\u015filerin aras\u0131nda e\u015fsiz bir yaban hayat\u0131 panoramas\u0131 \u00e7iziyor.   Engin denizlerin alt\u0131n\u0131 \u00fcst\u00fcne getiren korkun\u00e7 f\u0131rt\u0131nalar, amans\u0131z korsanlar, nesli t\u00fckenmekte olan kabileler, ola\u011fan\u00fcst\u00fc yarat\u0131klar ve g\u00f6z al\u0131c\u0131 okyanus canl\u0131lar\u0131&#8230; Denizci bir aileye do\u011fan Ralph ger\u00e7ek bir deniz \u00e2\u015f\u0131\u011f\u0131d\u0131r. En b\u00fcy\u00fck hayali ise bir g\u00fcn mutlaka mercan adalar\u0131n\u0131 g\u00f6rebilmektir. 15 ya\u015f\u0131na gelince ailesini g\u00fc\u00e7l\u00fckle ikna edip bir ticaret gemisinde mi\u00e7oluk yapmaya ba\u015flar. Yolculu\u011fun sorunsuz ge\u00e7en ilk g\u00fcnlerinin ard\u0131ndan g\u00f6rev ald\u0131\u011f\u0131 gemi ans\u0131z\u0131n deh\u015fet bir f\u0131rt\u0131nan\u0131n i\u00e7ine \u00e7ekilir. Be\u015f g\u00fcn boyunca okyanusta s\u00fcr\u00fcklendikten sonra, alt\u0131nc\u0131 g\u00fcn\u00fcn sabah\u0131nda Ralph, gemideki arkada\u015flar\u0131 Jack ve Peterkin ile birlikte bir mercan adas\u0131n\u0131n \u00f6n\u00fcnde uyan\u0131r. B\u00f6ylelikle, kader birli\u011fi yapm\u0131\u015f \u00fc\u00e7 kafadar\u0131n \u0131ss\u0131z ada maceralar\u0131 da ba\u015flam\u0131\u015f olur. K\u00e2h k\u00f6pekbal\u0131klar\u0131yla sava\u015f\u0131p k\u00e2h vah\u015filerle k\u0131ran k\u0131rana m\u00fccadeleye giri\u015fen delikanl\u0131lar\u0131n \u00f6ncelikli ama\u00e7lar\u0131 hayatta kalmakt\u0131r. Ralph ve dostlar\u0131 acaba bir g\u00fcn \u0130ngiltere&#8217;ye geri d\u00f6nmeyi ba\u015farabilecek midir? Mercan Adas\u0131, zorlu ko\u015fullarda hayatta kalma konusunda payla\u015ft\u0131\u011f\u0131 teknik bilgiler, egzotik yerleri incelikli olarak tan\u0131tmadaki ustal\u0131\u011f\u0131 ve arkada\u015fl\u0131\u011f\u0131n, birli\u011fin, dayan\u0131\u015fman\u0131n \u00f6nemini per\u00e7inleyen g\u00fc\u00e7l\u00fc hik\u00e2yesiyle belleklerde yer ediyor. Mehmet Atilla&#8217;n\u0131n \u00f6zg\u00fcn bir yorumla bug\u00fcn\u00fcn \u00e7ocuklar\u0131 i\u00e7in tekrardan g\u00fcn y\u00fcz\u00fcne \u00e7\u0131kard\u0131\u011f\u0131 bu e\u015fsiz klasik, kat\u0131ks\u0131z maceran\u0131n salt dijital mecralarda ya\u015fanabilece\u011fi ve ya\u015fat\u0131labilece\u011fine inananlar\u0131, kelimelerin b\u00fcy\u00fcl\u00fc d\u00fcnyas\u0131nda ger\u00e7ek bir maceraya \u00e7a\u011f\u0131r\u0131yor.<\/p>\n","protected":false},"excerpt":{"rendered":"<p>\u0130sko\u00e7 yazar Robert Michael Ballantyne&#8217;\u0131n tropik maceras\u0131 Mercan Adas\u0131, Mehmet Atilla&#8217;n\u0131n s\u00f6zc\u00fckleriyle, orijinal hik\u00e2yesine sad\u0131k bir anlat\u0131mla yeniden hayat buluyor.Ahmet Uzun&#8217;un film tad\u0131ndaki resimleri e\u015fli\u011finde &#8221;SEN<span class=\"excerpt-hellip\"> [\u2026]<\/span><\/p>\n","protected":false},"featured_media":0,"template":"","meta":{"_monsterinsights_skip_tracking":false,"_monsterinsights_sitenote_active":false,"_monsterinsights_sitenote_note":"","_monsterinsights_sitenote_category":0},"product_brand":[],"product_cat":[12275,12274],"product_tag":[],"class_list":{"0":"post-733194","1":"product","2":"type-product","3":"status-publish","5":"product_cat-6-12-yas-kitaplari","6":"product_cat-cocuk-ve-genclik-kitaplari","7":"pa_cilt-ciltsiz","8":"pa_tur-kitap","9":"pa_yayinevi-tudem-yayinlari","10":"pa_yazar-robert-michael-ballantyne","12":"first","13":"instock","14":"sale","15":"shipping-taxable","16":"purchasable","17":"product-type-simple"},"_links":{"self":[{"href":"https:\/\/roveyayinevi.com.tr\/index.php\/wp-json\/wp\/v2\/product\/733194","targetHints":{"allow":["GET"]}}],"collection":[{"href":"https:\/\/roveyayinevi.com.tr\/index.php\/wp-json\/wp\/v2\/product"}],"about":[{"href":"https:\/\/roveyayinevi.com.tr\/index.php\/wp-json\/wp\/v2\/types\/product"}],"wp:attachment":[{"href":"https:\/\/roveyayinevi.com.tr\/index.php\/wp-json\/wp\/v2\/media?parent=733194"}],"wp:term":[{"taxonomy":"product_brand","embeddable":true,"href":"https:\/\/roveyayinevi.com.tr\/index.php\/wp-json\/wp\/v2\/product_brand?post=733194"},{"taxonomy":"product_cat","embeddable":true,"href":"https:\/\/roveyayinevi.com.tr\/index.php\/wp-json\/wp\/v2\/product_cat?post=733194"},{"taxonomy":"product_tag","embeddable":true,"href":"https:\/\/roveyayinevi.com.tr\/index.php\/wp-json\/wp\/v2\/product_tag?post=733194"}],"curies":[{"name":"wp","href":"https:\/\/api.w.org\/{rel}","templated":true}]}}