{"id":733192,"date":"2025-08-27T22:05:02","date_gmt":"2025-08-27T19:05:02","guid":{"rendered":"https:\/\/roveyayinevi.com.tr\/index.php\/urun\/akil-inanc-ve-devrim\/"},"modified":"2026-04-16T02:40:52","modified_gmt":"2026-04-15T23:40:52","slug":"akil-inanc-ve-devrim","status":"publish","type":"product","link":"https:\/\/roveyayinevi.com.tr\/index.php\/urun\/akil-inanc-ve-devrim\/","title":{"rendered":"Ak\u0131l, \u0130nan\u00e7 ve Devrim"},"content":{"rendered":"<p>Terry Eagleton, Ak\u0131l, \u0130nan\u00e7 ve Devrim\u2019de, bir yandan &#8220;bat\u0131l inan\u00e7l\u0131&#8221; Tanr\u0131 g\u00f6r\u00fc\u015f\u00fcn\u00fc y\u0131karak H\u0131ristiyan \u0130ncil&#8217;inin devrimci a\u00e7\u0131klamas\u0131n\u0131 sunarken, \u00f6te yandan geleneksel H\u0131ristiyanl\u0131\u011f\u0131n bu devrime ihanet edi\u015fine \u015fiddetli bir sald\u0131r\u0131 ba\u015flat\u0131yor. Kutsal Ruh&#8217;tan Ortado\u011fu&#8217;nun yak\u0131n tarihine, Aquino\u2019lu Tomas\u2019tan \u0130kiz Kuleler\u2019e kadar uzanan anlat\u0131s\u0131nda din ve siyasete ili\u015fkin d\u00fc\u015f\u00fcncelerini dile getiren Eagleton biliminsanlar\u0131n\u0131, ilahiyat\u00e7\u0131lar\u0131, ateistleri ve Tanr\u0131 tart\u0131\u015fmas\u0131n\u0131 anlamaya hevesli okurlar\u0131 din ve inanca dair ezberlerini bozmaya davet ediyor.<\/p>\n","protected":false},"excerpt":{"rendered":"<p>Terry Eagleton, Ak\u0131l, \u0130nan\u00e7 ve Devrim\u2019de, bir yandan &#8220;bat\u0131l inan\u00e7l\u0131&#8221; Tanr\u0131 g\u00f6r\u00fc\u015f\u00fcn\u00fc y\u0131karak H\u0131ristiyan \u0130ncil&#8217;inin devrimci a\u00e7\u0131klamas\u0131n\u0131 sunarken, \u00f6te yandan geleneksel H\u0131ristiyanl\u0131\u011f\u0131n bu devrime ihanet edi\u015fine<span class=\"excerpt-hellip\"> [\u2026]<\/span><\/p>\n","protected":false},"featured_media":0,"template":"","meta":{"_monsterinsights_skip_tracking":false,"_monsterinsights_sitenote_active":false,"_monsterinsights_sitenote_note":"","_monsterinsights_sitenote_category":0},"product_brand":[],"product_cat":[16038,12388],"product_tag":[],"class_list":{"0":"post-733192","1":"product","2":"type-product","3":"status-publish","5":"product_cat-arastirma-inceleme-referans-felsefe","6":"product_cat-felsefe","7":"pa_cilt-ciltsiz","8":"pa_tur-kitap","9":"pa_yayinevi-tellekt","10":"pa_yazar-terry-eagleton","12":"first","13":"instock","14":"sale","15":"shipping-taxable","16":"purchasable","17":"product-type-simple"},"_links":{"self":[{"href":"https:\/\/roveyayinevi.com.tr\/index.php\/wp-json\/wp\/v2\/product\/733192","targetHints":{"allow":["GET"]}}],"collection":[{"href":"https:\/\/roveyayinevi.com.tr\/index.php\/wp-json\/wp\/v2\/product"}],"about":[{"href":"https:\/\/roveyayinevi.com.tr\/index.php\/wp-json\/wp\/v2\/types\/product"}],"wp:attachment":[{"href":"https:\/\/roveyayinevi.com.tr\/index.php\/wp-json\/wp\/v2\/media?parent=733192"}],"wp:term":[{"taxonomy":"product_brand","embeddable":true,"href":"https:\/\/roveyayinevi.com.tr\/index.php\/wp-json\/wp\/v2\/product_brand?post=733192"},{"taxonomy":"product_cat","embeddable":true,"href":"https:\/\/roveyayinevi.com.tr\/index.php\/wp-json\/wp\/v2\/product_cat?post=733192"},{"taxonomy":"product_tag","embeddable":true,"href":"https:\/\/roveyayinevi.com.tr\/index.php\/wp-json\/wp\/v2\/product_tag?post=733192"}],"curies":[{"name":"wp","href":"https:\/\/api.w.org\/{rel}","templated":true}]}}