{"id":733189,"date":"2025-08-27T22:04:59","date_gmt":"2025-08-27T19:04:59","guid":{"rendered":"https:\/\/roveyayinevi.com.tr\/index.php\/urun\/nasuhzade-ali-pasa-ve-rum-isyani\/"},"modified":"2026-04-16T02:40:52","modified_gmt":"2026-04-15T23:40:52","slug":"nasuhzade-ali-pasa-ve-rum-isyani","status":"publish","type":"product","link":"https:\/\/roveyayinevi.com.tr\/index.php\/urun\/nasuhzade-ali-pasa-ve-rum-isyani\/","title":{"rendered":"Nasuhzade Ali Pa\u015fa ve Rum \u0130syan\u0131"},"content":{"rendered":"<p>19. y\u00fczy\u0131lda sanayile\u015fmede ivme kazanan Avrupa devletleri denizlerde tahakk\u00fcm kurarken Osmanl\u0131 bahriyesi bir yandan denizlerini savunmaya, di\u011fer yandan milliyet\u00e7ilik ate\u015fiyle yanan imparatorluk tebaas\u0131n\u0131 kontrol alt\u0131na almaya \u00e7al\u0131\u015f\u0131yordu. \u0130mparatorlu\u011fun en uzun y\u00fczy\u0131l\u0131n\u0131n ba\u015flar\u0131nda, 1821 y\u0131l\u0131nda Rum \u0130syan\u0131 patlak verince Akdeniz ve Adalar Denizi b\u00fcy\u00fck bir sava\u015f meydan\u0131 h\u00e2line geldi. II. Mahmud\u2019un kaptan\u0131deryas\u0131 Nasuhz\u00e2de Ali Pa\u015fa, bu isyan\u0131n denizlere yans\u0131yan alevleri aras\u0131nda can vermi\u015fti. Nasuhz\u00e2de Ali Pa\u015fa ve Rum \u0130syan\u0131, Karadeniz\u2019de gazi, Akdeniz\u2019de \u015fehit olan bu mahir denizcinin hayat hik\u00e2yesini ve Rum \u0130syan\u0131na kar\u015f\u0131 verdi\u011fi m\u00fccadeleyi Osmanl\u0131 Ar\u015fiv belgeleri ile devrin ana kaynaklar\u0131 ve Avrupa gazeteleri \u00fczerinden incelemektedir. Osmanl\u0131 modernle\u015fmesi hakk\u0131ndaki \u00e7al\u0131\u015fmalar\u0131yla maruf tarih\u00e7i Zekeriya Kur\u015fun, bir Osmanl\u0131 kumandan\u0131n\u0131n s\u0131ra d\u0131\u015f\u0131 hayat hik\u00e2yesini, d\u00f6nemin siyasi hesaplar\u0131, pa\u015falar aras\u0131 rekabeti ve uluslararas\u0131 siyasetini g\u00f6z \u00f6n\u00fcnde bulundurarak akademik bir titizlik ve ak\u0131c\u0131 bir \u00fcslupla okura sunuyor.<\/p>\n","protected":false},"excerpt":{"rendered":"<p>19. y\u00fczy\u0131lda sanayile\u015fmede ivme kazanan Avrupa devletleri denizlerde tahakk\u00fcm kurarken Osmanl\u0131 bahriyesi bir yandan denizlerini savunmaya, di\u011fer yandan milliyet\u00e7ilik ate\u015fiyle yanan imparatorluk tebaas\u0131n\u0131 kontrol alt\u0131na almaya<span class=\"excerpt-hellip\"> [\u2026]<\/span><\/p>\n","protected":false},"featured_media":0,"template":"","meta":{"_monsterinsights_skip_tracking":false,"_monsterinsights_sitenote_active":false,"_monsterinsights_sitenote_note":"","_monsterinsights_sitenote_category":0},"product_brand":[],"product_cat":[13517,12304],"product_tag":[],"class_list":{"0":"post-733189","1":"product","2":"type-product","3":"status-publish","5":"product_cat-osmanli-tarihi","6":"product_cat-tarih","7":"pa_cilt-ciltsiz","8":"pa_tur-kitap","9":"pa_yayinevi-vakifbank-kultur-yayinlari","10":"pa_yazar-zekeriya-kursun","12":"first","13":"instock","14":"sale","15":"shipping-taxable","16":"purchasable","17":"product-type-simple"},"_links":{"self":[{"href":"https:\/\/roveyayinevi.com.tr\/index.php\/wp-json\/wp\/v2\/product\/733189","targetHints":{"allow":["GET"]}}],"collection":[{"href":"https:\/\/roveyayinevi.com.tr\/index.php\/wp-json\/wp\/v2\/product"}],"about":[{"href":"https:\/\/roveyayinevi.com.tr\/index.php\/wp-json\/wp\/v2\/types\/product"}],"wp:attachment":[{"href":"https:\/\/roveyayinevi.com.tr\/index.php\/wp-json\/wp\/v2\/media?parent=733189"}],"wp:term":[{"taxonomy":"product_brand","embeddable":true,"href":"https:\/\/roveyayinevi.com.tr\/index.php\/wp-json\/wp\/v2\/product_brand?post=733189"},{"taxonomy":"product_cat","embeddable":true,"href":"https:\/\/roveyayinevi.com.tr\/index.php\/wp-json\/wp\/v2\/product_cat?post=733189"},{"taxonomy":"product_tag","embeddable":true,"href":"https:\/\/roveyayinevi.com.tr\/index.php\/wp-json\/wp\/v2\/product_tag?post=733189"}],"curies":[{"name":"wp","href":"https:\/\/api.w.org\/{rel}","templated":true}]}}