{"id":733187,"date":"2025-08-27T22:04:57","date_gmt":"2025-08-27T19:04:57","guid":{"rendered":"https:\/\/roveyayinevi.com.tr\/index.php\/urun\/hokus-pokus-buz\/"},"modified":"2026-04-16T02:40:52","modified_gmt":"2026-04-15T23:40:52","slug":"hokus-pokus-buz","status":"publish","type":"product","link":"https:\/\/roveyayinevi.com.tr\/index.php\/urun\/hokus-pokus-buz\/","title":{"rendered":"Hokus Pokus Buz"},"content":{"rendered":"<p>&#8220;Yol arkada\u015f\u0131na g\u00fcvenirsen yolun yar\u0131s\u0131n\u0131 y\u00fcr\u00fcd\u00fcn demektir. Yoruldu\u011fun an s\u0131rt\u0131na uzanan o el, ya da pati i\u015fte\u2026\u201d \u201cVe dostlar ayn\u0131 eyl\u00fcl ak\u015fam\u0131n\u0131n serinli\u011fini birlikte hissetmiyorlarsa, s\u0131ca\u011fa ka\u00e7an\u0131n dostlu\u011fundan \u015f\u00fcphe et!\u201d O sabah kendisini parkta terkedilmi\u015f olarak buldu kedi Pokus. Yaln\u0131zl\u0131ktan umuda uzanan bir yolculukta, yolunun kimlerle kesi\u015fece\u011fini hen\u00fcz o da bilmiyordu. Ard\u0131\u00e7 a\u011fac\u0131n\u0131n alt\u0131nda bekliyordu. <\/p>\n","protected":false},"excerpt":{"rendered":"<p>&#8220;Yol arkada\u015f\u0131na g\u00fcvenirsen yolun yar\u0131s\u0131n\u0131 y\u00fcr\u00fcd\u00fcn demektir. Yoruldu\u011fun an s\u0131rt\u0131na uzanan o el, ya da pati i\u015fte\u2026\u201d \u201cVe dostlar ayn\u0131 eyl\u00fcl ak\u015fam\u0131n\u0131n serinli\u011fini birlikte hissetmiyorlarsa, s\u0131ca\u011fa<span class=\"excerpt-hellip\"> [\u2026]<\/span><\/p>\n","protected":false},"featured_media":0,"template":"","meta":{"_monsterinsights_skip_tracking":false,"_monsterinsights_sitenote_active":false,"_monsterinsights_sitenote_note":"","_monsterinsights_sitenote_category":0},"product_brand":[],"product_cat":[12913,12274],"product_tag":[],"class_list":{"0":"post-733187","1":"product","2":"type-product","3":"status-publish","5":"product_cat-3-6-yas-kitaplari","6":"product_cat-cocuk-ve-genclik-kitaplari","7":"pa_cilt-ciltsiz","8":"pa_tur-kitap","9":"pa_yayinevi-luna-cocuk-yayinlari","10":"pa_yazar-rusen-karatas-unlenen","12":"first","13":"instock","14":"sale","15":"shipping-taxable","16":"purchasable","17":"product-type-simple"},"_links":{"self":[{"href":"https:\/\/roveyayinevi.com.tr\/index.php\/wp-json\/wp\/v2\/product\/733187","targetHints":{"allow":["GET"]}}],"collection":[{"href":"https:\/\/roveyayinevi.com.tr\/index.php\/wp-json\/wp\/v2\/product"}],"about":[{"href":"https:\/\/roveyayinevi.com.tr\/index.php\/wp-json\/wp\/v2\/types\/product"}],"wp:attachment":[{"href":"https:\/\/roveyayinevi.com.tr\/index.php\/wp-json\/wp\/v2\/media?parent=733187"}],"wp:term":[{"taxonomy":"product_brand","embeddable":true,"href":"https:\/\/roveyayinevi.com.tr\/index.php\/wp-json\/wp\/v2\/product_brand?post=733187"},{"taxonomy":"product_cat","embeddable":true,"href":"https:\/\/roveyayinevi.com.tr\/index.php\/wp-json\/wp\/v2\/product_cat?post=733187"},{"taxonomy":"product_tag","embeddable":true,"href":"https:\/\/roveyayinevi.com.tr\/index.php\/wp-json\/wp\/v2\/product_tag?post=733187"}],"curies":[{"name":"wp","href":"https:\/\/api.w.org\/{rel}","templated":true}]}}