{"id":733186,"date":"2025-08-27T22:04:56","date_gmt":"2025-08-27T19:04:56","guid":{"rendered":"https:\/\/roveyayinevi.com.tr\/index.php\/urun\/haddizal\/"},"modified":"2026-04-16T02:40:52","modified_gmt":"2026-04-15T23:40:52","slug":"haddizal","status":"publish","type":"product","link":"https:\/\/roveyayinevi.com.tr\/index.php\/urun\/haddizal\/","title":{"rendered":"Haddizal"},"content":{"rendered":"<p>&#8220;Kendidir ne de olsa karlar\u0131n\u0130stifas\u0131n\u0131 sundu ayd\u0131ns\u0131zl\u0131kY\u00fcz\u00fc yok, g\u00f6r\u00fcnd\u00fc gecenin astar\u0131D\u00f6k\u00fclmek, sadece tanelere mi hasAldan sen de yumu\u015fak, sessiz ya\u011fd\u0131\u011f\u0131naO karlar\u0131nS\u00f6z\u00fc yok, bekler yery\u00fcz\u00fcnde buzlar\u0131&#8221;<\/p>\n","protected":false},"excerpt":{"rendered":"<p>&#8220;Kendidir ne de olsa karlar\u0131n\u0130stifas\u0131n\u0131 sundu ayd\u0131ns\u0131zl\u0131kY\u00fcz\u00fc yok, g\u00f6r\u00fcnd\u00fc gecenin astar\u0131D\u00f6k\u00fclmek, sadece tanelere mi hasAldan sen de yumu\u015fak, sessiz ya\u011fd\u0131\u011f\u0131naO karlar\u0131nS\u00f6z\u00fc yok, bekler yery\u00fcz\u00fcnde buzlar\u0131&#8221;<\/p>\n","protected":false},"featured_media":0,"template":"","meta":{"_monsterinsights_skip_tracking":false,"_monsterinsights_sitenote_active":false,"_monsterinsights_sitenote_note":"","_monsterinsights_sitenote_category":0},"product_brand":[],"product_cat":[12291,12509],"product_tag":[],"class_list":{"0":"post-733186","1":"product","2":"type-product","3":"status-publish","5":"product_cat-edebiyat","6":"product_cat-siir","7":"pa_cilt-ciltsiz","8":"pa_tur-kitap","9":"pa_yayinevi-luna-yayinlari","10":"pa_yazar-mustafa-mustet","12":"first","13":"instock","14":"sale","15":"shipping-taxable","16":"purchasable","17":"product-type-simple"},"_links":{"self":[{"href":"https:\/\/roveyayinevi.com.tr\/index.php\/wp-json\/wp\/v2\/product\/733186","targetHints":{"allow":["GET"]}}],"collection":[{"href":"https:\/\/roveyayinevi.com.tr\/index.php\/wp-json\/wp\/v2\/product"}],"about":[{"href":"https:\/\/roveyayinevi.com.tr\/index.php\/wp-json\/wp\/v2\/types\/product"}],"wp:attachment":[{"href":"https:\/\/roveyayinevi.com.tr\/index.php\/wp-json\/wp\/v2\/media?parent=733186"}],"wp:term":[{"taxonomy":"product_brand","embeddable":true,"href":"https:\/\/roveyayinevi.com.tr\/index.php\/wp-json\/wp\/v2\/product_brand?post=733186"},{"taxonomy":"product_cat","embeddable":true,"href":"https:\/\/roveyayinevi.com.tr\/index.php\/wp-json\/wp\/v2\/product_cat?post=733186"},{"taxonomy":"product_tag","embeddable":true,"href":"https:\/\/roveyayinevi.com.tr\/index.php\/wp-json\/wp\/v2\/product_tag?post=733186"}],"curies":[{"name":"wp","href":"https:\/\/api.w.org\/{rel}","templated":true}]}}