{"id":733185,"date":"2025-08-27T22:04:54","date_gmt":"2025-08-27T19:04:54","guid":{"rendered":"https:\/\/roveyayinevi.com.tr\/index.php\/urun\/devrik-sevdalar\/"},"modified":"2026-04-16T02:40:52","modified_gmt":"2026-04-15T23:40:52","slug":"devrik-sevdalar","status":"publish","type":"product","link":"https:\/\/roveyayinevi.com.tr\/index.php\/urun\/devrik-sevdalar\/","title":{"rendered":"Devrik Sevdalar"},"content":{"rendered":"<p>Y\u00fcre\u011fimin rahminde yeti\u015fip sustu\u011fum i\u00e7in do\u011fmam\u0131\u015f Hen\u00fcz dilimin ucuna bile gelmeden d\u00fc\u015f\u00fck yapm\u0131\u015f Susmak zorunda kald\u0131\u011f\u0131m Ka\u00e7 kelimeyi k\u00fcrtaj ettim biliyor musun? Kangren olan ka\u00e7 duyguyu Y\u00fcre\u011fimden kesip att\u0131m haberin var m\u0131? Sen hi\u00e7 y\u00fcre\u011finden gelen sessiz \u00e7\u0131\u011fl\u0131klara sa\u011f\u0131r oldun mu? Ac\u0131yla sar\u0131p sarmalay\u0131p Yara band\u0131yla yap\u0131\u015ft\u0131rd\u0131n m\u0131 g\u00f6n\u00fcl defterini? Devrik sevdalar\u0131n\u0131 yans\u0131tan Devrik c\u00fcmleler kurdun mu o defterde? Ya da bo\u015f ver bunlar\u0131 gitsin Sen hi\u00e7 aymadan uyand\u0131\u011f\u0131n sabahlar\u0131nda Kendini kand\u0131r\u0131p umutsuzca g\u00fcnayd\u0131n hayat dedin mi? <\/p>\n","protected":false},"excerpt":{"rendered":"<p>Y\u00fcre\u011fimin rahminde yeti\u015fip sustu\u011fum i\u00e7in do\u011fmam\u0131\u015f Hen\u00fcz dilimin ucuna bile gelmeden d\u00fc\u015f\u00fck yapm\u0131\u015f Susmak zorunda kald\u0131\u011f\u0131m Ka\u00e7 kelimeyi k\u00fcrtaj ettim biliyor musun? Kangren olan ka\u00e7 duyguyu<span class=\"excerpt-hellip\"> [\u2026]<\/span><\/p>\n","protected":false},"featured_media":0,"template":"","meta":{"_monsterinsights_skip_tracking":false,"_monsterinsights_sitenote_active":false,"_monsterinsights_sitenote_note":"","_monsterinsights_sitenote_category":0},"product_brand":[],"product_cat":[12291,12509],"product_tag":[],"class_list":{"0":"post-733185","1":"product","2":"type-product","3":"status-publish","5":"product_cat-edebiyat","6":"product_cat-siir","7":"pa_cilt-ciltsiz","8":"pa_tur-kitap","9":"pa_yayinevi-luna-yayinlari","10":"pa_yazar-ramazan-ergenc","12":"first","13":"instock","14":"sale","15":"shipping-taxable","16":"purchasable","17":"product-type-simple"},"_links":{"self":[{"href":"https:\/\/roveyayinevi.com.tr\/index.php\/wp-json\/wp\/v2\/product\/733185","targetHints":{"allow":["GET"]}}],"collection":[{"href":"https:\/\/roveyayinevi.com.tr\/index.php\/wp-json\/wp\/v2\/product"}],"about":[{"href":"https:\/\/roveyayinevi.com.tr\/index.php\/wp-json\/wp\/v2\/types\/product"}],"wp:attachment":[{"href":"https:\/\/roveyayinevi.com.tr\/index.php\/wp-json\/wp\/v2\/media?parent=733185"}],"wp:term":[{"taxonomy":"product_brand","embeddable":true,"href":"https:\/\/roveyayinevi.com.tr\/index.php\/wp-json\/wp\/v2\/product_brand?post=733185"},{"taxonomy":"product_cat","embeddable":true,"href":"https:\/\/roveyayinevi.com.tr\/index.php\/wp-json\/wp\/v2\/product_cat?post=733185"},{"taxonomy":"product_tag","embeddable":true,"href":"https:\/\/roveyayinevi.com.tr\/index.php\/wp-json\/wp\/v2\/product_tag?post=733185"}],"curies":[{"name":"wp","href":"https:\/\/api.w.org\/{rel}","templated":true}]}}