{"id":733184,"date":"2025-08-27T22:04:53","date_gmt":"2025-08-27T19:04:53","guid":{"rendered":"https:\/\/roveyayinevi.com.tr\/index.php\/urun\/hepsi-benim-sucum\/"},"modified":"2026-04-16T02:40:52","modified_gmt":"2026-04-15T23:40:52","slug":"hepsi-benim-sucum","status":"publish","type":"product","link":"https:\/\/roveyayinevi.com.tr\/index.php\/urun\/hepsi-benim-sucum\/","title":{"rendered":"Hepsi Benim Su\u00e7um"},"content":{"rendered":"<p>Edgar \u00d6d\u00fcl\u00fc En \u0130yi Gen\u00e7 Yeti\u015fkin Roman\u0131, 2014Carnegie Madalyas\u0131 Aday\u0131, 2014Leeds Kitap \u00d6d\u00fclleri, 2014Waterstones Gen\u00e7lik Kitab\u0131 \u00d6d\u00fcl\u00fc, 2013Zoe\u2019nin tan\u0131d\u0131\u011f\u0131 kimseye itiraf edemeyece\u011fi bir s\u0131rr\u0131 vard\u0131. Karanl\u0131k ve korkun\u00e7 bir s\u0131r&#8230; Bir g\u00fcn, Stuart Harris adl\u0131 bir adam\u0131n Teksas\u2019ta idam cezas\u0131na \u00e7arpt\u0131r\u0131ld\u0131\u011f\u0131n\u0131 \u00f6\u011frendi. Zoe gibi Stuartda s\u0131rlara, yalanlara ve cinayetlere hi\u00e7 yabanc\u0131 de\u011fildi. Zoe k\u0131r\u0131k kalbi ve s\u0131\u011f\u0131nd\u0131\u011f\u0131 mizahla hik\u00e2yesini anlatmak i\u00e7in kar\u015f\u0131s\u0131na \u00e7\u0131kan tek yolu denedi. \u00c7ok uzaklardaki bu idam mahk\u00fbmuna mektup yazacakt\u0131. B\u00f6ylece Zoe bir elinde kalemi, bir elinde sandviciyle derin bir nefes al\u0131p a\u015fk ve ihanet dolu hik\u00e2yesini anlatmaya ba\u015flad\u0131.\u201cGerilim dolu bir gizem ve duygusal bir ilk a\u015fk hik\u00e2yesi. Mizahi bir dille kaleme al\u0131nan bu romana bay\u0131lacaks\u0131n\u0131z.\u201d-The Sunday TimesPitcher\u2019\u0131n zorlu aile hayat\u0131 \u00fczerine yazd\u0131\u011f\u0131 bu hik\u00e2ye \u00e7ok ba\u015far\u0131l\u0131. Dokunakl\u0131 ve \u015fefkatli bir roman. Sonu\u00e7ta insan olmak, hata yapmay\u0131 gerektirir.-The Daily TelegraphHer \u015feyi tam dozunda bir roman. \u015eefkat, mizah ve kederle dolu. Aile hayat\u0131n\u0131n ufak ve g\u00fczel detaylar\u0131 bu dramatik hik\u00e2yeye somut bir ger\u00e7ek\u00e7ilik kat\u0131yor.-Marie ClaireHepsi Benim Su\u00e7um \u00e7arp\u0131c\u0131 vemuhte\u015fem. Beklenmedik olay \u00f6rg\u00fcs\u00fc sayesinde kitab\u0131 elinizden b\u0131rakamayacaks\u0131n\u0131z.-CosmopolitanTutku ve aldatmaca, canl\u0131 ve keskin bir \u015fekilde resmedilmi\u015f. Karakterlerin ili\u015fkileri ve d\u00fc\u015f\u00fcnceleri de muhte\u015fem bir \u015fekilde ger\u00e7ek\u00e7i.-The Daily Mail<\/p>\n","protected":false},"excerpt":{"rendered":"<p>Edgar \u00d6d\u00fcl\u00fc En \u0130yi Gen\u00e7 Yeti\u015fkin Roman\u0131, 2014Carnegie Madalyas\u0131 Aday\u0131, 2014Leeds Kitap \u00d6d\u00fclleri, 2014Waterstones Gen\u00e7lik Kitab\u0131 \u00d6d\u00fcl\u00fc, 2013Zoe\u2019nin tan\u0131d\u0131\u011f\u0131 kimseye itiraf edemeyece\u011fi bir s\u0131rr\u0131 vard\u0131. Karanl\u0131k<span class=\"excerpt-hellip\"> [\u2026]<\/span><\/p>\n","protected":false},"featured_media":0,"template":"","meta":{"_monsterinsights_skip_tracking":false,"_monsterinsights_sitenote_active":false,"_monsterinsights_sitenote_note":"","_monsterinsights_sitenote_category":0},"product_brand":[],"product_cat":[12291,12711],"product_tag":[],"class_list":{"0":"post-733184","1":"product","2":"type-product","3":"status-publish","5":"product_cat-edebiyat","6":"product_cat-roman-oyku","7":"pa_cilt-ciltsiz","8":"pa_tur-kitap","9":"pa_yayinevi-epsilon-yayinlari","10":"pa_yazar-annabel-pitcher","12":"first","13":"instock","14":"sale","15":"shipping-taxable","16":"purchasable","17":"product-type-simple"},"_links":{"self":[{"href":"https:\/\/roveyayinevi.com.tr\/index.php\/wp-json\/wp\/v2\/product\/733184","targetHints":{"allow":["GET"]}}],"collection":[{"href":"https:\/\/roveyayinevi.com.tr\/index.php\/wp-json\/wp\/v2\/product"}],"about":[{"href":"https:\/\/roveyayinevi.com.tr\/index.php\/wp-json\/wp\/v2\/types\/product"}],"wp:attachment":[{"href":"https:\/\/roveyayinevi.com.tr\/index.php\/wp-json\/wp\/v2\/media?parent=733184"}],"wp:term":[{"taxonomy":"product_brand","embeddable":true,"href":"https:\/\/roveyayinevi.com.tr\/index.php\/wp-json\/wp\/v2\/product_brand?post=733184"},{"taxonomy":"product_cat","embeddable":true,"href":"https:\/\/roveyayinevi.com.tr\/index.php\/wp-json\/wp\/v2\/product_cat?post=733184"},{"taxonomy":"product_tag","embeddable":true,"href":"https:\/\/roveyayinevi.com.tr\/index.php\/wp-json\/wp\/v2\/product_tag?post=733184"}],"curies":[{"name":"wp","href":"https:\/\/api.w.org\/{rel}","templated":true}]}}