{"id":733181,"date":"2025-08-27T22:04:51","date_gmt":"2025-08-27T19:04:51","guid":{"rendered":"https:\/\/roveyayinevi.com.tr\/index.php\/urun\/sorularla-iran-mitolojisi\/"},"modified":"2026-04-16T02:40:52","modified_gmt":"2026-04-15T23:40:52","slug":"sorularla-iran-mitolojisi","status":"publish","type":"product","link":"https:\/\/roveyayinevi.com.tr\/index.php\/urun\/sorularla-iran-mitolojisi\/","title":{"rendered":"Sorularla  \u0130ran Mitolojisi"},"content":{"rendered":"<p>D\u00fcnyan\u0131n en b\u00fcy\u00fck, eski ve k\u00f6kl\u00fc uygarl\u0131klar\u0131ndan biri olan \u0130ran\u2019\u0131n binlerce y\u0131ll\u0131k ge\u00e7mi\u015fe sahip mitolojisi bu kitapta y\u00fcz soruyla tan\u0131t\u0131lmaya \u00e7al\u0131\u015f\u0131lm\u0131\u015ft\u0131r. Yarat\u0131l\u0131\u015ftan d\u00fcnyan\u0131n sonuna kadar geni\u015f bir i\u00e7eri\u011fe sahip olan bu eser sorular \u00fczerinden \u0130ran mitolojisini \u00f6zetler nitelikte haz\u0131rlanm\u0131\u015ft\u0131r. Eski \u0130ran dini rivayetlerindeki tanr\u0131lar ve kahramanlar ile \u00e7e\u015fitli mitolojik tan\u0131mlar\u0131n g\u00fcn\u00fcm\u00fczdeki kullan\u0131mlar\u0131, bu kavramlar\u0131n \u0130slam k\u00fclt\u00fcr\u00fc ve Fars mitolojisindeki kar\u015f\u0131l\u0131klar\u0131 gibi merak uyand\u0131ran sorular\u0131n cevaplar\u0131 mitolojiye alaka duyan T\u00fcrk okurunun be\u011fenisine sunulmu\u015ftur. Bilge Mitos dizisi i\u00e7erisinde yer alan Sorularla \u0130ran Mitolojisi Prof. Dr. Nimet Y\u0131ld\u0131r\u0131m\u2019\u0131n titiz \u00e7al\u0131\u015fmas\u0131, kapsay\u0131c\u0131 i\u00e7eri\u011fi ile mitoloji ilgililerinden bu alanda akademik \u00e7al\u0131\u015fma yapan akademisyenlere uzanan geni\u015f bir okur kitlesi i\u00e7in haz\u0131rlanm\u0131\u015ft\u0131r.<\/p>\n","protected":false},"excerpt":{"rendered":"<p>D\u00fcnyan\u0131n en b\u00fcy\u00fck, eski ve k\u00f6kl\u00fc uygarl\u0131klar\u0131ndan biri olan \u0130ran\u2019\u0131n binlerce y\u0131ll\u0131k ge\u00e7mi\u015fe sahip mitolojisi bu kitapta y\u00fcz soruyla tan\u0131t\u0131lmaya \u00e7al\u0131\u015f\u0131lm\u0131\u015ft\u0131r. Yarat\u0131l\u0131\u015ftan d\u00fcnyan\u0131n sonuna kadar geni\u015f<span class=\"excerpt-hellip\"> [\u2026]<\/span><\/p>\n","protected":false},"featured_media":0,"template":"","meta":{"_monsterinsights_skip_tracking":false,"_monsterinsights_sitenote_active":false,"_monsterinsights_sitenote_note":"","_monsterinsights_sitenote_category":0},"product_brand":[],"product_cat":[16382,12718],"product_tag":[],"class_list":{"0":"post-733181","1":"product","2":"type-product","3":"status-publish","5":"product_cat-diger-inanclar","6":"product_cat-din","7":"pa_cilt-ciltsiz","8":"pa_tur-kitap","9":"pa_yayinevi-bilge-kultur-sanat","10":"pa_yazar-nimet-yildirim-seyda-arisoy","12":"first","13":"instock","14":"sale","15":"shipping-taxable","16":"purchasable","17":"product-type-simple"},"_links":{"self":[{"href":"https:\/\/roveyayinevi.com.tr\/index.php\/wp-json\/wp\/v2\/product\/733181","targetHints":{"allow":["GET"]}}],"collection":[{"href":"https:\/\/roveyayinevi.com.tr\/index.php\/wp-json\/wp\/v2\/product"}],"about":[{"href":"https:\/\/roveyayinevi.com.tr\/index.php\/wp-json\/wp\/v2\/types\/product"}],"wp:attachment":[{"href":"https:\/\/roveyayinevi.com.tr\/index.php\/wp-json\/wp\/v2\/media?parent=733181"}],"wp:term":[{"taxonomy":"product_brand","embeddable":true,"href":"https:\/\/roveyayinevi.com.tr\/index.php\/wp-json\/wp\/v2\/product_brand?post=733181"},{"taxonomy":"product_cat","embeddable":true,"href":"https:\/\/roveyayinevi.com.tr\/index.php\/wp-json\/wp\/v2\/product_cat?post=733181"},{"taxonomy":"product_tag","embeddable":true,"href":"https:\/\/roveyayinevi.com.tr\/index.php\/wp-json\/wp\/v2\/product_tag?post=733181"}],"curies":[{"name":"wp","href":"https:\/\/api.w.org\/{rel}","templated":true}]}}