{"id":733180,"date":"2025-08-27T22:04:50","date_gmt":"2025-08-27T19:04:50","guid":{"rendered":"https:\/\/roveyayinevi.com.tr\/index.php\/urun\/sorularla-nors-mitolojisi\/"},"modified":"2026-04-16T02:40:52","modified_gmt":"2026-04-15T23:40:52","slug":"sorularla-nors-mitolojisi","status":"publish","type":"product","link":"https:\/\/roveyayinevi.com.tr\/index.php\/urun\/sorularla-nors-mitolojisi\/","title":{"rendered":"Sorularla Nors Mitolojisi"},"content":{"rendered":"<p>\u201cE\u011fer h\u00e2l\u00e2 kafan\u0131zda birtak\u0131m sorular varsa bunun kayna\u011f\u0131n\u0131 bilmem m\u00fcmk\u00fcn de\u011fil. \u00c7\u00fcnk\u00fc daha \u00f6nce hi\u00e7 kimsenin d\u00fcnyan\u0131n hik\u00e2yesiyle ilgili bu kadar detay verdi\u011fini okumad\u0131m. Sizin i\u00e7in kaleme al\u0131nan bu kaynaktan kana kana i\u00e7in.\u201dSnorri Sturluson \/ Nesir EddaBilge Mitos dizisi i\u00e7erisinde yer alan Sorularla Nors Mitolojisi Mahir \u015eanl\u0131\u2019n\u0131n titiz \u00e7al\u0131\u015fmas\u0131, kapsay\u0131c\u0131 i\u00e7eri\u011fi ile mitoloji ilgililerinden bu alanda akademik \u00e7al\u0131\u015fma yapan akademisyenlere uzanan geni\u015f bir okur kitlesi i\u00e7in haz\u0131rlanm\u0131\u015ft\u0131r.<\/p>\n","protected":false},"excerpt":{"rendered":"<p>\u201cE\u011fer h\u00e2l\u00e2 kafan\u0131zda birtak\u0131m sorular varsa bunun kayna\u011f\u0131n\u0131 bilmem m\u00fcmk\u00fcn de\u011fil. \u00c7\u00fcnk\u00fc daha \u00f6nce hi\u00e7 kimsenin d\u00fcnyan\u0131n hik\u00e2yesiyle ilgili bu kadar detay verdi\u011fini okumad\u0131m. Sizin i\u00e7in<span class=\"excerpt-hellip\"> [\u2026]<\/span><\/p>\n","protected":false},"featured_media":0,"template":"","meta":{"_monsterinsights_skip_tracking":false,"_monsterinsights_sitenote_active":false,"_monsterinsights_sitenote_note":"","_monsterinsights_sitenote_category":0},"product_brand":[],"product_cat":[16382,12718],"product_tag":[],"class_list":{"0":"post-733180","1":"product","2":"type-product","3":"status-publish","5":"product_cat-diger-inanclar","6":"product_cat-din","7":"pa_cilt-ciltsiz","8":"pa_tur-kitap","9":"pa_yayinevi-bilge-kultur-sanat","10":"pa_yazar-mahir-sanli","12":"first","13":"instock","14":"sale","15":"shipping-taxable","16":"purchasable","17":"product-type-simple"},"_links":{"self":[{"href":"https:\/\/roveyayinevi.com.tr\/index.php\/wp-json\/wp\/v2\/product\/733180","targetHints":{"allow":["GET"]}}],"collection":[{"href":"https:\/\/roveyayinevi.com.tr\/index.php\/wp-json\/wp\/v2\/product"}],"about":[{"href":"https:\/\/roveyayinevi.com.tr\/index.php\/wp-json\/wp\/v2\/types\/product"}],"wp:attachment":[{"href":"https:\/\/roveyayinevi.com.tr\/index.php\/wp-json\/wp\/v2\/media?parent=733180"}],"wp:term":[{"taxonomy":"product_brand","embeddable":true,"href":"https:\/\/roveyayinevi.com.tr\/index.php\/wp-json\/wp\/v2\/product_brand?post=733180"},{"taxonomy":"product_cat","embeddable":true,"href":"https:\/\/roveyayinevi.com.tr\/index.php\/wp-json\/wp\/v2\/product_cat?post=733180"},{"taxonomy":"product_tag","embeddable":true,"href":"https:\/\/roveyayinevi.com.tr\/index.php\/wp-json\/wp\/v2\/product_tag?post=733180"}],"curies":[{"name":"wp","href":"https:\/\/api.w.org\/{rel}","templated":true}]}}