{"id":733177,"date":"2025-08-27T22:04:46","date_gmt":"2025-08-27T19:04:46","guid":{"rendered":"https:\/\/roveyayinevi.com.tr\/index.php\/urun\/buyukanne-lola\/"},"modified":"2026-04-16T02:40:52","modified_gmt":"2026-04-15T23:40:52","slug":"buyukanne-lola","status":"publish","type":"product","link":"https:\/\/roveyayinevi.com.tr\/index.php\/urun\/buyukanne-lola\/","title":{"rendered":"B\u00fcy\u00fckanne Lola"},"content":{"rendered":"<p>Siz hi\u00e7 k\u0131\u015f mevsiminin yaz oldu\u011fu bir \u00fclkeye gitmi\u015f miydiniz?\u0130\u015fte, B\u00fcy\u00fckanne Lola tam da b\u00f6yle bir \u00fclkede ya\u015f\u0131yor. Orada k\u0131\u015flar tahmin etti\u011finizden \u00e7ok daha e\u011flenceli ge\u00e7iyor. Gelin hep birlikte B\u00fcy\u00fckanne Lola\u2019n\u0131n \u00fclkesine gidelim ve onu ziyarete gelen torunuyla birlikte k\u0131\u015f tatilini nas\u0131l ge\u00e7iriyorlarm\u0131\u015f g\u00f6relim.. <\/p>\n","protected":false},"excerpt":{"rendered":"<p>Siz hi\u00e7 k\u0131\u015f mevsiminin yaz oldu\u011fu bir \u00fclkeye gitmi\u015f miydiniz?\u0130\u015fte, B\u00fcy\u00fckanne Lola tam da b\u00f6yle bir \u00fclkede ya\u015f\u0131yor. Orada k\u0131\u015flar tahmin etti\u011finizden \u00e7ok daha e\u011flenceli ge\u00e7iyor.<span class=\"excerpt-hellip\"> [\u2026]<\/span><\/p>\n","protected":false},"featured_media":0,"template":"","meta":{"_monsterinsights_skip_tracking":false,"_monsterinsights_sitenote_active":false,"_monsterinsights_sitenote_note":"","_monsterinsights_sitenote_category":0},"product_brand":[],"product_cat":[12913,12274],"product_tag":[],"class_list":{"0":"post-733177","1":"product","2":"type-product","3":"status-publish","5":"product_cat-3-6-yas-kitaplari","6":"product_cat-cocuk-ve-genclik-kitaplari","7":"pa_cilt-ciltsiz","8":"pa_tur-kitap","9":"pa_yayinevi-masalperest","10":"pa_yazar-sernur-isik","12":"first","13":"instock","14":"sale","15":"shipping-taxable","16":"purchasable","17":"product-type-simple"},"_links":{"self":[{"href":"https:\/\/roveyayinevi.com.tr\/index.php\/wp-json\/wp\/v2\/product\/733177","targetHints":{"allow":["GET"]}}],"collection":[{"href":"https:\/\/roveyayinevi.com.tr\/index.php\/wp-json\/wp\/v2\/product"}],"about":[{"href":"https:\/\/roveyayinevi.com.tr\/index.php\/wp-json\/wp\/v2\/types\/product"}],"wp:attachment":[{"href":"https:\/\/roveyayinevi.com.tr\/index.php\/wp-json\/wp\/v2\/media?parent=733177"}],"wp:term":[{"taxonomy":"product_brand","embeddable":true,"href":"https:\/\/roveyayinevi.com.tr\/index.php\/wp-json\/wp\/v2\/product_brand?post=733177"},{"taxonomy":"product_cat","embeddable":true,"href":"https:\/\/roveyayinevi.com.tr\/index.php\/wp-json\/wp\/v2\/product_cat?post=733177"},{"taxonomy":"product_tag","embeddable":true,"href":"https:\/\/roveyayinevi.com.tr\/index.php\/wp-json\/wp\/v2\/product_tag?post=733177"}],"curies":[{"name":"wp","href":"https:\/\/api.w.org\/{rel}","templated":true}]}}