{"id":733176,"date":"2025-08-27T22:04:46","date_gmt":"2025-08-27T19:04:46","guid":{"rendered":"https:\/\/roveyayinevi.com.tr\/index.php\/urun\/pazarlamada-vampir-etkisi-potansiyel-pazarlama-vampirleri-ve-vampir-savar-stratejiler\/"},"modified":"2026-04-16T02:40:52","modified_gmt":"2026-04-15T23:40:52","slug":"pazarlamada-vampir-etkisi-potansiyel-pazarlama-vampirleri-ve-vampir-savar-stratejiler","status":"publish","type":"product","link":"https:\/\/roveyayinevi.com.tr\/index.php\/urun\/pazarlamada-vampir-etkisi-potansiyel-pazarlama-vampirleri-ve-vampir-savar-stratejiler\/","title":{"rendered":"Pazarlamada Vampir Etkisi Potansiyel Pazarlama Vampirleri ve Vampir Savar Stratejiler"},"content":{"rendered":"<p>1.Pazarlama A\u00e7isindan Vampir Nedir? 2. Potansiyel Pazarlama Vampirleri 2.1.G\u00f6rsel Potansiyel Vampirler 2.2.I\u015fitsel Potansiyel Vampirler 2.3.Reklam\u0131n Uygulan\u0131\u015f Bi\u00e7imiyle Ilgili Potansiyel Vampirler 3.Vampir Savar Pazarlama Stratejileri 3.1.Be\u015feri G\u00f6rsel Unsurlarda Vampir Savar Olabilecek \u00d6zellikler 3.2.Be\u015feri Olmayan G\u00f6rsel Unsurlarda Vampir Savar Olabilecek \u00d6zellikler 3.3.I\u015fitsel Unsurlarda Vampir Savar Olabilecek \u00d6zellikler <\/p>\n","protected":false},"excerpt":{"rendered":"<p>1.Pazarlama A\u00e7isindan Vampir Nedir? 2. Potansiyel Pazarlama Vampirleri 2.1.G\u00f6rsel Potansiyel Vampirler 2.2.I\u015fitsel Potansiyel Vampirler 2.3.Reklam\u0131n Uygulan\u0131\u015f Bi\u00e7imiyle Ilgili Potansiyel Vampirler 3.Vampir Savar Pazarlama Stratejileri 3.1.Be\u015feri G\u00f6rsel<span class=\"excerpt-hellip\"> [\u2026]<\/span><\/p>\n","protected":false},"featured_media":0,"template":"","meta":{"_monsterinsights_skip_tracking":false,"_monsterinsights_sitenote_active":false,"_monsterinsights_sitenote_note":"","_monsterinsights_sitenote_category":0},"product_brand":[],"product_cat":[13043,17492],"product_tag":[],"class_list":{"0":"post-733176","1":"product","2":"type-product","3":"status-publish","5":"product_cat-ekonomi","6":"product_cat-pazarlama-satis-reklam","7":"pa_cilt-ciltsiz","8":"pa_tur-kitap","9":"pa_yayinevi-gazi-kitabevi","10":"pa_yazar-gizem-tokmak-danisman","12":"first","13":"instock","14":"sale","15":"shipping-taxable","16":"purchasable","17":"product-type-simple"},"_links":{"self":[{"href":"https:\/\/roveyayinevi.com.tr\/index.php\/wp-json\/wp\/v2\/product\/733176","targetHints":{"allow":["GET"]}}],"collection":[{"href":"https:\/\/roveyayinevi.com.tr\/index.php\/wp-json\/wp\/v2\/product"}],"about":[{"href":"https:\/\/roveyayinevi.com.tr\/index.php\/wp-json\/wp\/v2\/types\/product"}],"wp:attachment":[{"href":"https:\/\/roveyayinevi.com.tr\/index.php\/wp-json\/wp\/v2\/media?parent=733176"}],"wp:term":[{"taxonomy":"product_brand","embeddable":true,"href":"https:\/\/roveyayinevi.com.tr\/index.php\/wp-json\/wp\/v2\/product_brand?post=733176"},{"taxonomy":"product_cat","embeddable":true,"href":"https:\/\/roveyayinevi.com.tr\/index.php\/wp-json\/wp\/v2\/product_cat?post=733176"},{"taxonomy":"product_tag","embeddable":true,"href":"https:\/\/roveyayinevi.com.tr\/index.php\/wp-json\/wp\/v2\/product_tag?post=733176"}],"curies":[{"name":"wp","href":"https:\/\/api.w.org\/{rel}","templated":true}]}}