{"id":733175,"date":"2025-08-27T22:04:45","date_gmt":"2025-08-27T19:04:45","guid":{"rendered":"https:\/\/roveyayinevi.com.tr\/index.php\/urun\/surdurulebilirlik-muhasebesi-ve-raporlamasi\/"},"modified":"2026-04-16T02:40:52","modified_gmt":"2026-04-15T23:40:52","slug":"surdurulebilirlik-muhasebesi-ve-raporlamasi","status":"publish","type":"product","link":"https:\/\/roveyayinevi.com.tr\/index.php\/urun\/surdurulebilirlik-muhasebesi-ve-raporlamasi\/","title":{"rendered":"S\u00fcrd\u00fcr\u00fclebilirlik Muhasebesi ve Raporlamas\u0131"},"content":{"rendered":"<p>\u0130\u00e7indekiler   1.S\u00dcRD\u00dcR\u00dcLEB\u0130L\u0130RL\u0130K VE KURUMSAL S\u00dcRD\u00dcR\u00dcLEB\u0130L\u0130RL\u0130K 1.1.S\u00fcrd\u00fcr\u00fclebilirli\u011fin Tarihsel Geli\u015fimi 1.2.S\u00fcrd\u00fcr\u00fclebilirli\u011fin Tan\u0131mlamalar\u0131 1.3.S\u00fcrd\u00fcr\u00fclebilirli\u011fin Boyutlar\u0131 1.4.Kurumsal S\u00fcrd\u00fcr\u00fclebilirlik 2.S\u00dcRD\u00dcR\u00dcLEB\u0130L\u0130RL\u0130K MUHASEBES\u0130 VE RAPORLAMASI 2.1.S\u00fcrd\u00fcr\u00fclebilirlik Muhasebesi 2.2.\u00c7evre Muhasebesi- Ye\u015fil Muhasebe 2.3.Ye\u015fil Finans 2.4.S\u00fcrd\u00fcr\u00fclebilirlik Ortam\u0131nda Denetim 2.5.S\u00fcrd\u00fcr\u00fclebilirlik Raporlamas\u0131 2.6.D\u00fcnya\u201fda S\u00fcrd\u00fcr\u00fclebilirlik Raporlar\u0131 2.7.T\u00fcrkiye\u201fde S\u00fcrd\u00fcr\u00fclebilirlik Raporlar\u0131 2.8.Borsa \u0120stanbul (B\u0120ST) S\u00fcrd\u00fcr\u00fclebilirlik Endeksi 3.B\u0130ST S\u00dcRD\u00dcR\u00dcLEB\u0130L\u0130RL\u0130K ENDEKS\u0130\u2019NDE ARA\u015eTIRMA 3.1.Ara\u015ft\u0131rman\u0131n Amac\u0131 ve \u00d6nemi 3.2.Ara\u015ft\u0131rman\u0131n Anak\u00fctlesi ve \u00d6rneklemi 3.3.Ara\u015ft\u0131rman\u0131n S\u0131n\u0131rlar\u0131 3.4.Ara\u015ft\u0131rman\u0131n Y\u00f6ntemi 3.5.Ara\u015ft\u0131rman\u0131n Bulgular\u0131 <\/p>\n","protected":false},"excerpt":{"rendered":"<p>\u0130\u00e7indekiler 1.S\u00dcRD\u00dcR\u00dcLEB\u0130L\u0130RL\u0130K VE KURUMSAL S\u00dcRD\u00dcR\u00dcLEB\u0130L\u0130RL\u0130K 1.1.S\u00fcrd\u00fcr\u00fclebilirli\u011fin Tarihsel Geli\u015fimi 1.2.S\u00fcrd\u00fcr\u00fclebilirli\u011fin Tan\u0131mlamalar\u0131 1.3.S\u00fcrd\u00fcr\u00fclebilirli\u011fin Boyutlar\u0131 1.4.Kurumsal S\u00fcrd\u00fcr\u00fclebilirlik 2.S\u00dcRD\u00dcR\u00dcLEB\u0130L\u0130RL\u0130K MUHASEBES\u0130 VE RAPORLAMASI 2.1.S\u00fcrd\u00fcr\u00fclebilirlik Muhasebesi 2.2.\u00c7evre Muhasebesi- Ye\u015fil Muhasebe 2.3.Ye\u015fil Finans<span class=\"excerpt-hellip\"> [\u2026]<\/span><\/p>\n","protected":false},"featured_media":0,"template":"","meta":{"_monsterinsights_skip_tracking":false,"_monsterinsights_sitenote_active":false,"_monsterinsights_sitenote_note":"","_monsterinsights_sitenote_category":0},"product_brand":[],"product_cat":[13043,14381],"product_tag":[],"class_list":{"0":"post-733175","1":"product","2":"type-product","3":"status-publish","5":"product_cat-ekonomi","6":"product_cat-isletme-muhasebe-maliye","7":"pa_cilt-ciltsiz","8":"pa_tur-kitap","9":"pa_yayinevi-gazi-kitabevi","10":"pa_yazar-resat-karcioglu-seyhan-ozturk","12":"first","13":"instock","14":"sale","15":"shipping-taxable","16":"purchasable","17":"product-type-simple"},"_links":{"self":[{"href":"https:\/\/roveyayinevi.com.tr\/index.php\/wp-json\/wp\/v2\/product\/733175","targetHints":{"allow":["GET"]}}],"collection":[{"href":"https:\/\/roveyayinevi.com.tr\/index.php\/wp-json\/wp\/v2\/product"}],"about":[{"href":"https:\/\/roveyayinevi.com.tr\/index.php\/wp-json\/wp\/v2\/types\/product"}],"wp:attachment":[{"href":"https:\/\/roveyayinevi.com.tr\/index.php\/wp-json\/wp\/v2\/media?parent=733175"}],"wp:term":[{"taxonomy":"product_brand","embeddable":true,"href":"https:\/\/roveyayinevi.com.tr\/index.php\/wp-json\/wp\/v2\/product_brand?post=733175"},{"taxonomy":"product_cat","embeddable":true,"href":"https:\/\/roveyayinevi.com.tr\/index.php\/wp-json\/wp\/v2\/product_cat?post=733175"},{"taxonomy":"product_tag","embeddable":true,"href":"https:\/\/roveyayinevi.com.tr\/index.php\/wp-json\/wp\/v2\/product_tag?post=733175"}],"curies":[{"name":"wp","href":"https:\/\/api.w.org\/{rel}","templated":true}]}}