{"id":733174,"date":"2025-08-27T22:04:44","date_gmt":"2025-08-27T19:04:44","guid":{"rendered":"https:\/\/roveyayinevi.com.tr\/index.php\/urun\/turizm-sektorunde-firmalarin-fiyatlama-davranislari-kapadokya-sicak-hava-balon-firmalari\/"},"modified":"2026-04-16T02:40:52","modified_gmt":"2026-04-15T23:40:52","slug":"turizm-sektorunde-firmalarin-fiyatlama-davranislari-kapadokya-sicak-hava-balon-firmalari","status":"publish","type":"product","link":"https:\/\/roveyayinevi.com.tr\/index.php\/urun\/turizm-sektorunde-firmalarin-fiyatlama-davranislari-kapadokya-sicak-hava-balon-firmalari\/","title":{"rendered":"Turizm Sekt\u00f6r\u00fcnde Firmalar\u0131n Fiyatlama Davran\u0131\u015flar\u0131 Kapadokya S\u0131cak Hava Balon Firmalar\u0131"},"content":{"rendered":"<p>\u0130\u00e7indekiler   1.Turizmde Fiyatlandirma Davrani\u015fi 1.1.Fiyat Kavrami Ve Turizm Sekt\u00f6r\u00fcnde Fiyatin Rol\u00fc 1.2.Fiyatlandirma Stratejileri 1.3.Turizmde Fiyata Etki Eden Unsurlar 1.4.Turizmde Fiyatlandirma Stratejileri Ve Politikalari 2.D\u00fcnyada Ve T\u00fcrkiye\u2019de Sicak Hava Balon Turizmi 2.1.Global Perspektifte Turizm End\u00fcstrisinde Son Durum 2.2T\u00fcrkiye Perspektifinde Turizm Sekt\u00f6r\u00fcn\u00fcn Son Durumu 2.3.D\u00fcnyada Sicak Hava Balon Turizmi 2.4.T\u00fcrkiye\u2019de Sicak Hava Balon Turizmi 3.Sicak Hava Balon Firmalarinin Fiyatlama Davrani\u015finin Analizi 3.1.Ama\u00e7 Ve Kapsam 3.2.Kapadokya Sicak Hava Balon Firmalari 3.3.Kapadokya Sicak Hava Balon Firmalarinin Fiyatlama Davrani\u015fi <\/p>\n","protected":false},"excerpt":{"rendered":"<p>\u0130\u00e7indekiler 1.Turizmde Fiyatlandirma Davrani\u015fi 1.1.Fiyat Kavrami Ve Turizm Sekt\u00f6r\u00fcnde Fiyatin Rol\u00fc 1.2.Fiyatlandirma Stratejileri 1.3.Turizmde Fiyata Etki Eden Unsurlar 1.4.Turizmde Fiyatlandirma Stratejileri Ve Politikalari 2.D\u00fcnyada Ve T\u00fcrkiye\u2019de<span class=\"excerpt-hellip\"> [\u2026]<\/span><\/p>\n","protected":false},"featured_media":0,"template":"","meta":{"_monsterinsights_skip_tracking":false,"_monsterinsights_sitenote_active":false,"_monsterinsights_sitenote_note":"","_monsterinsights_sitenote_category":0},"product_brand":[],"product_cat":[20333,13043],"product_tag":[],"class_list":{"0":"post-733174","1":"product","2":"type-product","3":"status-publish","5":"product_cat-diger-ekonomi","6":"product_cat-ekonomi","7":"pa_cilt-ciltsiz","8":"pa_tur-kitap","9":"pa_yayinevi-gazi-kitabevi","10":"pa_yazar-serap-coban-kemal-kaya","12":"first","13":"instock","14":"sale","15":"shipping-taxable","16":"purchasable","17":"product-type-simple"},"_links":{"self":[{"href":"https:\/\/roveyayinevi.com.tr\/index.php\/wp-json\/wp\/v2\/product\/733174","targetHints":{"allow":["GET"]}}],"collection":[{"href":"https:\/\/roveyayinevi.com.tr\/index.php\/wp-json\/wp\/v2\/product"}],"about":[{"href":"https:\/\/roveyayinevi.com.tr\/index.php\/wp-json\/wp\/v2\/types\/product"}],"wp:attachment":[{"href":"https:\/\/roveyayinevi.com.tr\/index.php\/wp-json\/wp\/v2\/media?parent=733174"}],"wp:term":[{"taxonomy":"product_brand","embeddable":true,"href":"https:\/\/roveyayinevi.com.tr\/index.php\/wp-json\/wp\/v2\/product_brand?post=733174"},{"taxonomy":"product_cat","embeddable":true,"href":"https:\/\/roveyayinevi.com.tr\/index.php\/wp-json\/wp\/v2\/product_cat?post=733174"},{"taxonomy":"product_tag","embeddable":true,"href":"https:\/\/roveyayinevi.com.tr\/index.php\/wp-json\/wp\/v2\/product_tag?post=733174"}],"curies":[{"name":"wp","href":"https:\/\/api.w.org\/{rel}","templated":true}]}}