{"id":733173,"date":"2025-08-27T22:04:43","date_gmt":"2025-08-27T19:04:43","guid":{"rendered":"https:\/\/roveyayinevi.com.tr\/index.php\/urun\/buz-kiragi\/"},"modified":"2026-04-16T02:40:52","modified_gmt":"2026-04-15T23:40:52","slug":"buz-kiragi","status":"publish","type":"product","link":"https:\/\/roveyayinevi.com.tr\/index.php\/urun\/buz-kiragi\/","title":{"rendered":"Buz K\u0131ra\u011f\u0131"},"content":{"rendered":"<p>Ruhuna ben bula\u015ft\u0131m.Art\u0131k kurtulamazs\u0131n&#8230;  \u015eu an tam olarak neredesiniz?Yirmi numaral\u0131 otob\u00fcs\u00fcn \u00fc\u00e7\u00fcnc\u00fc koltu\u011funda m\u0131? Evde, okulda ya da i\u015fyerindesiniz. K\u0131sa bir mola verdiniz ve pencere kenar\u0131nda bir fincan kahve i\u00e7iyorsunuz. Belki de bir arkada\u015f\u0131n\u0131zla bulu\u015fmak i\u00e7in yola \u00e7\u0131kt\u0131n\u0131z. Ne kadar da s\u0131radan bir g\u00fcn, de\u011fil mi? Her \u015fey son derece normal! Hi\u00e7 d\u00fc\u015f\u00fcnd\u00fcn\u00fcz m\u00fc, ya her \u015fey bir anda alt\u00fcst olursa? \u00d6rne\u011fin, bulu\u015fmak \u00fczere yola \u00e7\u0131kt\u0131\u011f\u0131n\u0131z arkada\u015f\u0131n\u0131z\u0131n sizinle ilgili gizli bir plan\u0131 varsa! Ya da bindi\u011finiz otob\u00fcs\u00fcn en arka koltu\u011funda, sizi hayat\u0131n\u0131z\u0131n d\u00f6n\u00fcm noktas\u0131na g\u00f6t\u00fcrecek ki\u015fi oturuyorsa! Siz her \u015fey ak\u0131\u015f\u0131nda gidiyor zannederken, ya kaderiniz \u00fcst\u00fcn\u00fcze ya\u011facak buz k\u0131ra\u011f\u0131 i\u00e7in en uygun \u015fartlar\u0131 haz\u0131rl\u0131yorsa&#8230; B\u00fct\u00fcn bunlar bir yana, peki ya hayat\u0131n\u0131z\u0131n alt\u0131, \u00fcst\u00fcnden \u00e7ok daha g\u00fczelse! Baran Demiro\u011flu: S\u0131radan bir g\u00fcn ya\u015fad\u0131\u011f\u0131n\u0131 zannederken kendini cay\u0131r cay\u0131r yanan bir evin \u00f6n\u00fcnde buldu. Alevlerin aras\u0131nda can\u0131n\u0131n par\u00e7alar\u0131 vard\u0131 ama o hi\u00e7bir \u015fey hat\u0131rlam\u0131yordu. \u00dcstelik \u00f6n\u00fcnde de bir benzin bidonu vard\u0131. Hayat\u0131 bir anda alt\u00fcst oldu&#8230; Bahar Sayg\u0131n: \u0130stanbul\u2019un en ba\u015far\u0131l\u0131 adli psikiyatr\u0131n\u0131n klini\u011finde staja ba\u015flad\u0131\u011f\u0131nda her \u015fey son derece normaldi. Ama bir g\u00fcn klini\u011fe ailesini diri diri yakmakla su\u00e7lanan bir hasta getirildi. Hayat\u0131 bir anda alt\u00fcst oldu&#8230;<\/p>\n","protected":false},"excerpt":{"rendered":"<p>Ruhuna ben bula\u015ft\u0131m.Art\u0131k kurtulamazs\u0131n&#8230; \u015eu an tam olarak neredesiniz?Yirmi numaral\u0131 otob\u00fcs\u00fcn \u00fc\u00e7\u00fcnc\u00fc koltu\u011funda m\u0131? Evde, okulda ya da i\u015fyerindesiniz. K\u0131sa bir mola verdiniz ve pencere kenar\u0131nda<span class=\"excerpt-hellip\"> [\u2026]<\/span><\/p>\n","protected":false},"featured_media":0,"template":"","meta":{"_monsterinsights_skip_tracking":false,"_monsterinsights_sitenote_active":false,"_monsterinsights_sitenote_note":"","_monsterinsights_sitenote_category":0},"product_brand":[],"product_cat":[12291,50487],"product_tag":[],"class_list":{"0":"post-733173","1":"product","2":"type-product","3":"status-publish","5":"product_cat-edebiyat","6":"product_cat-kurgu","7":"pa_cilt-ciltsiz","8":"pa_tur-kitap","9":"pa_yayinevi-epsilon-yayinlari","10":"pa_yazar-berna-ilgin","12":"first","13":"instock","14":"sale","15":"shipping-taxable","16":"purchasable","17":"product-type-simple"},"_links":{"self":[{"href":"https:\/\/roveyayinevi.com.tr\/index.php\/wp-json\/wp\/v2\/product\/733173","targetHints":{"allow":["GET"]}}],"collection":[{"href":"https:\/\/roveyayinevi.com.tr\/index.php\/wp-json\/wp\/v2\/product"}],"about":[{"href":"https:\/\/roveyayinevi.com.tr\/index.php\/wp-json\/wp\/v2\/types\/product"}],"wp:attachment":[{"href":"https:\/\/roveyayinevi.com.tr\/index.php\/wp-json\/wp\/v2\/media?parent=733173"}],"wp:term":[{"taxonomy":"product_brand","embeddable":true,"href":"https:\/\/roveyayinevi.com.tr\/index.php\/wp-json\/wp\/v2\/product_brand?post=733173"},{"taxonomy":"product_cat","embeddable":true,"href":"https:\/\/roveyayinevi.com.tr\/index.php\/wp-json\/wp\/v2\/product_cat?post=733173"},{"taxonomy":"product_tag","embeddable":true,"href":"https:\/\/roveyayinevi.com.tr\/index.php\/wp-json\/wp\/v2\/product_tag?post=733173"}],"curies":[{"name":"wp","href":"https:\/\/api.w.org\/{rel}","templated":true}]}}