{"id":733172,"date":"2025-08-27T22:04:42","date_gmt":"2025-08-27T19:04:42","guid":{"rendered":"https:\/\/roveyayinevi.com.tr\/index.php\/urun\/histerik\/"},"modified":"2026-04-16T02:40:52","modified_gmt":"2026-04-15T23:40:52","slug":"histerik","status":"publish","type":"product","link":"https:\/\/roveyayinevi.com.tr\/index.php\/urun\/histerik\/","title":{"rendered":"Histerik"},"content":{"rendered":"<p>Tokatl\u0131 \u015eeref D\u00fczyatanlar\u2019\u0131n 1900\u2019lerin ba\u015f\u0131nda Viyana\u2019da ne i\u015fi vard\u0131? \u015eeref, Nebi, Latif ve Papaz Dimitri, Sigmund Freud\u2019la nas\u0131l bir araya geldiler? Psikanalizin kurucu ismine en b\u00fcy\u00fck yard\u0131m\u0131 \u015eeref ve yol arkada\u015flar\u0131 yapm\u0131\u015f olabilir mi? H\u0130STER\u0130K Bir Sigmund Freud ve \u015eeref D\u00fczyatanlar Hik\u00e2yesi   \u201c\u015eeref D\u00fczyatanlar ile aramdaki gizli ba\u011f\u0131 nihayet bu kitapta ke\u015ffettim. Her ikimizi de b\u00fcy\u00fcleyen \u00fcst\u00fcn d\u00e2hi, Avusturyal\u0131 Sigmund Freud\u2019mu\u015f me\u011ferse. \u015eeref bu kitab\u0131nda belki de bilmeden \u2018Freudian-Slip\u2019 icra ediyor. Tam \u00e7evirisi olmasa da T\u00fcrk\u00e7esiyle \u2018dil s\u00fcr\u00e7mesi\u2019\u2026 Yani, hepimizin g\u00fcnl\u00fck hayat\u0131nda ba\u015f\u0131na gelen bir olgu! Konu\u015fmalar\u0131m\u0131zda, s\u00f6zlerimizin yan\u0131nda davran\u0131\u015flar\u0131m\u0131z da, bazen anlam veremedi\u011fimiz bir \u015fekilde \u2018s\u00fcr\u00e7\u00fcyor\u2019! Me\u011ferse Freud Baba\u2019ya g\u00f6re bunun bilin\u00e7alt\u0131 ile ba\u011flant\u0131s\u0131 varm\u0131\u015f. T\u0131pk\u0131 r\u00fcyalar\u0131m\u0131z gibi\u2026 \u015eeref\u2019in bu muazzam roman\u0131 acaba bir \u2018Freudian Slip\u2019 mi? Analizini siz yap\u0131n gari\u2026\u201d  Ayhan Sicimo\u011flu <\/p>\n","protected":false},"excerpt":{"rendered":"<p>Tokatl\u0131 \u015eeref D\u00fczyatanlar\u2019\u0131n 1900\u2019lerin ba\u015f\u0131nda Viyana\u2019da ne i\u015fi vard\u0131? \u015eeref, Nebi, Latif ve Papaz Dimitri, Sigmund Freud\u2019la nas\u0131l bir araya geldiler? Psikanalizin kurucu ismine en b\u00fcy\u00fck<span class=\"excerpt-hellip\"> [\u2026]<\/span><\/p>\n","protected":false},"featured_media":0,"template":"","meta":{"_monsterinsights_skip_tracking":false,"_monsterinsights_sitenote_active":false,"_monsterinsights_sitenote_note":"","_monsterinsights_sitenote_category":0},"product_brand":[],"product_cat":[12291,12711],"product_tag":[],"class_list":{"0":"post-733172","1":"product","2":"type-product","3":"status-publish","5":"product_cat-edebiyat","6":"product_cat-roman-oyku","7":"pa_cilt-ciltsiz","8":"pa_tur-kitap","9":"pa_yayinevi-kirmizi-kedi-yayinevi","10":"pa_yazar-seref-duzyatanlar","12":"first","13":"instock","14":"sale","15":"shipping-taxable","16":"purchasable","17":"product-type-simple"},"_links":{"self":[{"href":"https:\/\/roveyayinevi.com.tr\/index.php\/wp-json\/wp\/v2\/product\/733172","targetHints":{"allow":["GET"]}}],"collection":[{"href":"https:\/\/roveyayinevi.com.tr\/index.php\/wp-json\/wp\/v2\/product"}],"about":[{"href":"https:\/\/roveyayinevi.com.tr\/index.php\/wp-json\/wp\/v2\/types\/product"}],"wp:attachment":[{"href":"https:\/\/roveyayinevi.com.tr\/index.php\/wp-json\/wp\/v2\/media?parent=733172"}],"wp:term":[{"taxonomy":"product_brand","embeddable":true,"href":"https:\/\/roveyayinevi.com.tr\/index.php\/wp-json\/wp\/v2\/product_brand?post=733172"},{"taxonomy":"product_cat","embeddable":true,"href":"https:\/\/roveyayinevi.com.tr\/index.php\/wp-json\/wp\/v2\/product_cat?post=733172"},{"taxonomy":"product_tag","embeddable":true,"href":"https:\/\/roveyayinevi.com.tr\/index.php\/wp-json\/wp\/v2\/product_tag?post=733172"}],"curies":[{"name":"wp","href":"https:\/\/api.w.org\/{rel}","templated":true}]}}