{"id":733169,"date":"2025-08-27T22:04:39","date_gmt":"2025-08-27T19:04:39","guid":{"rendered":"https:\/\/roveyayinevi.com.tr\/index.php\/urun\/burasi-bizim-evimizmis-simdi\/"},"modified":"2026-04-16T02:40:52","modified_gmt":"2026-04-15T23:40:52","slug":"burasi-bizim-evimizmis-simdi","status":"publish","type":"product","link":"https:\/\/roveyayinevi.com.tr\/index.php\/urun\/burasi-bizim-evimizmis-simdi\/","title":{"rendered":"Buras\u0131 Bizim Evimizmi\u015f \u015eimdi!"},"content":{"rendered":"<p>Ay\u00e7a, Selin, G\u00f6k\u00e7e ve Can\u2026 Kom\u015fu d\u00f6rt arkada\u015f, apartman\u0131n bah\u00e7esinde evcilik oynarlar. Yeme\u011fi kimin yapaca\u011f\u0131, i\u015fe kimin gidece\u011fi, hasta \u00e7ocu\u011fa kimin bakaca\u011f\u0131, \u00e7orbaya konacak kurba\u011fay\u0131 kimin yakalayaca\u011f\u0131 gibi \u00f6nemli g\u00f6revleri b\u00f6l\u00fc\u015fmeleri gerekir. Naciye Teyze\u2019nin \u00e7i\u011fb\u00f6rekleriyse oyunun en lezzetli b\u00f6l\u00fcm\u00fcd\u00fcr. G\u00f6k\u00e7e, hasta anneannesi, ters d\u00f6n\u00fcp duran yavru kaplumba\u011falarla ilgili an\u0131s\u0131n\u0131 anlat\u0131nca, \u201cNe istersem yapabilirim hayatta!\u201d diye d\u00fc\u015f\u00fcn\u00fcr. \u00c7ocuklu\u011fun ne\u015fesi balkonlardan, bah\u00e7elerden ta\u015far\u2026<\/p>\n","protected":false},"excerpt":{"rendered":"<p>Ay\u00e7a, Selin, G\u00f6k\u00e7e ve Can\u2026 Kom\u015fu d\u00f6rt arkada\u015f, apartman\u0131n bah\u00e7esinde evcilik oynarlar. Yeme\u011fi kimin yapaca\u011f\u0131, i\u015fe kimin gidece\u011fi, hasta \u00e7ocu\u011fa kimin bakaca\u011f\u0131, \u00e7orbaya konacak kurba\u011fay\u0131 kimin<span class=\"excerpt-hellip\"> [\u2026]<\/span><\/p>\n","protected":false},"featured_media":0,"template":"","meta":{"_monsterinsights_skip_tracking":false,"_monsterinsights_sitenote_active":false,"_monsterinsights_sitenote_note":"","_monsterinsights_sitenote_category":0},"product_brand":[],"product_cat":[12913,12274],"product_tag":[],"class_list":{"0":"post-733169","1":"product","2":"type-product","3":"status-publish","5":"product_cat-3-6-yas-kitaplari","6":"product_cat-cocuk-ve-genclik-kitaplari","7":"pa_cilt-ciltsiz","8":"pa_tur-kitap","9":"pa_yayinevi-gunisigi-kitapligi","10":"pa_yazar-dilek-emir","12":"first","13":"instock","14":"sale","15":"shipping-taxable","16":"purchasable","17":"product-type-simple"},"_links":{"self":[{"href":"https:\/\/roveyayinevi.com.tr\/index.php\/wp-json\/wp\/v2\/product\/733169","targetHints":{"allow":["GET"]}}],"collection":[{"href":"https:\/\/roveyayinevi.com.tr\/index.php\/wp-json\/wp\/v2\/product"}],"about":[{"href":"https:\/\/roveyayinevi.com.tr\/index.php\/wp-json\/wp\/v2\/types\/product"}],"wp:attachment":[{"href":"https:\/\/roveyayinevi.com.tr\/index.php\/wp-json\/wp\/v2\/media?parent=733169"}],"wp:term":[{"taxonomy":"product_brand","embeddable":true,"href":"https:\/\/roveyayinevi.com.tr\/index.php\/wp-json\/wp\/v2\/product_brand?post=733169"},{"taxonomy":"product_cat","embeddable":true,"href":"https:\/\/roveyayinevi.com.tr\/index.php\/wp-json\/wp\/v2\/product_cat?post=733169"},{"taxonomy":"product_tag","embeddable":true,"href":"https:\/\/roveyayinevi.com.tr\/index.php\/wp-json\/wp\/v2\/product_tag?post=733169"}],"curies":[{"name":"wp","href":"https:\/\/api.w.org\/{rel}","templated":true}]}}